{"id":8334,"date":"2025-06-23T12:34:39","date_gmt":"2025-06-23T11:34:39","guid":{"rendered":"https:\/\/butterfly-editions.com\/?post_type=product&#038;p=8334"},"modified":"2025-07-25T13:50:01","modified_gmt":"2025-07-25T12:50:01","slug":"feeling-good-morgan-b-nouvelle-edition","status":"publish","type":"product","link":"https:\/\/butterfly-editions.com\/index.php\/produit\/feeling-good-morgan-b-nouvelle-edition\/","title":{"rendered":"Feeling Good &#8211; Morgan B. &#8211; nouvelle \u00e9dition"},"content":{"rendered":"<p><strong>Militaire, il a besoin d\u2019une raison de continuer.<\/strong><\/p>\n<p><strong>Bless\u00e9e par la vie, elle doit avancer.<\/strong><\/p>\n<p><strong>S\u00e9par\u00e9s par des milliers de kilom\u00e8tres, une attirance inattendue va na\u00eetre&#8230;<\/strong><\/p>\n<p>Matt est un soldat d\u2019\u00e9lite am\u00e9ricain d\u00e9ploy\u00e9 dans un pays en guerre du Moyen-Orient. Marine tient une librairie dans une bourgade anglaise. Si le jeune homme se trouve au bord du gouffre, la jolie Fran\u00e7aise, quant \u00e0 elle, reste coinc\u00e9e dans son pass\u00e9.<\/p>\n<p>Pouss\u00e9s par leur entourage, ils font connaissance sur les r\u00e9seaux sociaux. Et quelle rencontre ! De celles qui bouleversent tout, qui bousculent les convictions et qui r\u00e9sistent \u00e0 bien des temp\u00eates.<\/p>\n<p><em>Mais l\u2019amour parviendra-t-il vraiment \u00e0 triompher contre l\u2019horreur ?<\/em><\/p>\n","protected":false},"excerpt":{"rendered":"<p>Militaire, il a besoin d\u2019une raison de continuer. Bless\u00e9e par la vie, elle doit avancer. S\u00e9par\u00e9s par des milliers de kilom\u00e8tres, une attirance inattendue va na\u00eetre&#8230; Matt est un soldat d\u2019\u00e9lite am\u00e9ricain d\u00e9ploy\u00e9 dans un pays en guerre du Moyen-Orient. Marine tient une librairie dans une bourgade anglaise. Si le jeune homme se trouve au [&hellip;]<\/p>\n","protected":false},"featured_media":8335,"comment_status":"open","ping_status":"closed","template":"","meta":{"_acf_changed":false,"content-type":""},"product_brand":[],"product_cat":[59],"product_tag":[],"class_list":{"0":"post-8334","1":"product","2":"type-product","3":"status-publish","4":"has-post-thumbnail","6":"product_cat-non-classe","8":"first","9":"instock","10":"taxable","11":"shipping-taxable","12":"purchasable","13":"product-type-simple"},"acf":{"auteur":"","date_parution":null,"bestseller":false,"librairie":false},"aioseo_notices":[],"_links":{"self":[{"href":"https:\/\/butterfly-editions.com\/index.php\/wp-json\/wp\/v2\/product\/8334","targetHints":{"allow":["GET"]}}],"collection":[{"href":"https:\/\/butterfly-editions.com\/index.php\/wp-json\/wp\/v2\/product"}],"about":[{"href":"https:\/\/butterfly-editions.com\/index.php\/wp-json\/wp\/v2\/types\/product"}],"replies":[{"embeddable":true,"href":"https:\/\/butterfly-editions.com\/index.php\/wp-json\/wp\/v2\/comments?post=8334"}],"wp:featuredmedia":[{"embeddable":true,"href":"https:\/\/butterfly-editions.com\/index.php\/wp-json\/wp\/v2\/media\/8335"}],"wp:attachment":[{"href":"https:\/\/butterfly-editions.com\/index.php\/wp-json\/wp\/v2\/media?parent=8334"}],"wp:term":[{"taxonomy":"product_brand","embeddable":true,"href":"https:\/\/butterfly-editions.com\/index.php\/wp-json\/wp\/v2\/product_brand?post=8334"},{"taxonomy":"product_cat","embeddable":true,"href":"https:\/\/butterfly-editions.com\/index.php\/wp-json\/wp\/v2\/product_cat?post=8334"},{"taxonomy":"product_tag","embeddable":true,"href":"https:\/\/butterfly-editions.com\/index.php\/wp-json\/wp\/v2\/product_tag?post=8334"}],"curies":[{"name":"wp","href":"https:\/\/api.w.org\/{rel}","templated":true}]}}