{"id":8332,"date":"2025-06-23T12:30:36","date_gmt":"2025-06-23T11:30:36","guid":{"rendered":"https:\/\/butterfly-editions.com\/?post_type=product&#038;p=8332"},"modified":"2026-01-27T13:04:27","modified_gmt":"2026-01-27T12:04:27","slug":"diamant-rouge-sweetie-ly","status":"publish","type":"product","link":"https:\/\/butterfly-editions.com\/index.php\/produit\/diamant-rouge-sweetie-ly\/","title":{"rendered":"Diamant Rouge"},"content":{"rendered":"<p><strong><span class=\"a-text-bold\">Un ex toxique.<\/span><\/strong><\/p>\n<p><strong><span class=\"a-text-bold\">Une rencontre inattendue&#8230;<\/span><\/strong><\/p>\n<p><strong><span class=\"a-text-bold\">Un combo explosif.<\/span><\/strong><\/p>\n<p>&nbsp;<\/p>\n<p>Apr\u00e8s avoir d\u00e9couvert la dure v\u00e9rit\u00e9 sur son petit ami, Kevin, Emma d\u00e9cide de tout plaquer. Ses meilleures amies la poussent \u00e0 sortir, \u00e0 s\u2019amuser.<\/p>\n<p>Au \u00ab Diamant Rouge \u00bb, un club pris\u00e9 de Lille, elle fait la rencontre de Matt, homme aussi sexy qu\u2019\u00e9nigmatique. Ils s\u2019attirent ind\u00e9niablement&#8230;<\/p>\n<p>Apr\u00e8s avoir accept\u00e9 de travailler dans ce club, Emma le croise tous les jours&#8230; Elle ignore juste une chose essentielle : Matt n\u2019est autre que son nouveau BOSS&#8230;<\/p>\n<p>Au-del\u00e0 de ce secret, le danger r\u00f4de : Kevin veut reconqu\u00e9rir Emma. Peu importent les moyens, elle lui reviendra&#8230;<\/p>\n","protected":false},"excerpt":{"rendered":"<p>Un ex toxique. Une rencontre inattendue&#8230; Un combo explosif. &nbsp; Apr\u00e8s avoir d\u00e9couvert la dure v\u00e9rit\u00e9 sur son petit ami, Kevin, Emma d\u00e9cide de tout plaquer. Ses meilleures amies la poussent \u00e0 sortir, \u00e0 s\u2019amuser. Au \u00ab Diamant Rouge \u00bb, un club pris\u00e9 de Lille, elle fait la rencontre de Matt, homme aussi sexy qu\u2019\u00e9nigmatique. [&hellip;]<\/p>\n","protected":false},"featured_media":8333,"comment_status":"open","ping_status":"closed","template":"","meta":{"_acf_changed":false,"content-type":""},"product_brand":[],"product_cat":[461],"product_tag":[520,469,521,519,490,491],"class_list":{"0":"post-8332","1":"product","2":"type-product","3":"status-publish","4":"has-post-thumbnail","6":"product_cat-romance-contemporaine","7":"product_tag-bar","8":"product_tag-boss","9":"product_tag-fast-burn","10":"product_tag-monde-de-la-nuit","11":"product_tag-passion","12":"product_tag-spicy","14":"first","15":"instock","16":"taxable","17":"shipping-taxable","18":"purchasable","19":"product-type-variable"},"acf":{"auteur":"Sweetie Ly","date_parution":"20250604","bestseller":false,"librairie":false},"aioseo_notices":[],"_links":{"self":[{"href":"https:\/\/butterfly-editions.com\/index.php\/wp-json\/wp\/v2\/product\/8332","targetHints":{"allow":["GET"]}}],"collection":[{"href":"https:\/\/butterfly-editions.com\/index.php\/wp-json\/wp\/v2\/product"}],"about":[{"href":"https:\/\/butterfly-editions.com\/index.php\/wp-json\/wp\/v2\/types\/product"}],"replies":[{"embeddable":true,"href":"https:\/\/butterfly-editions.com\/index.php\/wp-json\/wp\/v2\/comments?post=8332"}],"wp:featuredmedia":[{"embeddable":true,"href":"https:\/\/butterfly-editions.com\/index.php\/wp-json\/wp\/v2\/media\/8333"}],"wp:attachment":[{"href":"https:\/\/butterfly-editions.com\/index.php\/wp-json\/wp\/v2\/media?parent=8332"}],"wp:term":[{"taxonomy":"product_brand","embeddable":true,"href":"https:\/\/butterfly-editions.com\/index.php\/wp-json\/wp\/v2\/product_brand?post=8332"},{"taxonomy":"product_cat","embeddable":true,"href":"https:\/\/butterfly-editions.com\/index.php\/wp-json\/wp\/v2\/product_cat?post=8332"},{"taxonomy":"product_tag","embeddable":true,"href":"https:\/\/butterfly-editions.com\/index.php\/wp-json\/wp\/v2\/product_tag?post=8332"}],"curies":[{"name":"wp","href":"https:\/\/api.w.org\/{rel}","templated":true}]}}