{"id":8330,"date":"2025-06-23T12:25:15","date_gmt":"2025-06-23T11:25:15","guid":{"rendered":"https:\/\/butterfly-editions.com\/?post_type=product&#038;p=8330"},"modified":"2025-07-25T13:51:00","modified_gmt":"2025-07-25T12:51:00","slug":"stepbrother-on-campus-wendy-roy","status":"publish","type":"product","link":"https:\/\/butterfly-editions.com\/index.php\/produit\/stepbrother-on-campus-wendy-roy\/","title":{"rendered":"Stepbrother on campus &#8211; Wendy Roy"},"content":{"rendered":"<p><strong>Il est son plus grand interdit&#8230; Sera-t-il aussi sa perte ?<\/strong><\/p>\n<p>Hazel n\u2019a de place pour personne dans sa vie. Prise entre un pass\u00e9 chaotique et un avenir incertain, elle s\u2019\u00e9chine \u00e0 repousser tout le monde. Jusqu\u2019\u00e0 lui. Braxton. Son demi-fr\u00e8re. Il lui tient t\u00eate, refuse de reculer, se place toujours sur son chemin.<\/p>\n<p>Entre eux, rien n\u2019est possible. Pourtant, l\u2019attraction est explosive ! C\u00e9der n\u2019est pas envisageable&#8230; Mais n\u2019a jamais \u00e9t\u00e9 aussi tentant !<\/p>\n","protected":false},"excerpt":{"rendered":"<p>Il est son plus grand interdit&#8230; Sera-t-il aussi sa perte ? Hazel n\u2019a de place pour personne dans sa vie. Prise entre un pass\u00e9 chaotique et un avenir incertain, elle s\u2019\u00e9chine \u00e0 repousser tout le monde. Jusqu\u2019\u00e0 lui. Braxton. Son demi-fr\u00e8re. Il lui tient t\u00eate, refuse de reculer, se place toujours sur son chemin. Entre [&hellip;]<\/p>\n","protected":false},"featured_media":8331,"comment_status":"open","ping_status":"closed","template":"","meta":{"_acf_changed":false,"content-type":""},"product_brand":[],"product_cat":[59],"product_tag":[],"class_list":{"0":"post-8330","1":"product","2":"type-product","3":"status-publish","4":"has-post-thumbnail","6":"product_cat-non-classe","8":"first","9":"instock","10":"taxable","11":"shipping-taxable","12":"purchasable","13":"product-type-simple"},"acf":{"auteur":"","date_parution":null,"bestseller":false,"librairie":false},"aioseo_notices":[],"_links":{"self":[{"href":"https:\/\/butterfly-editions.com\/index.php\/wp-json\/wp\/v2\/product\/8330","targetHints":{"allow":["GET"]}}],"collection":[{"href":"https:\/\/butterfly-editions.com\/index.php\/wp-json\/wp\/v2\/product"}],"about":[{"href":"https:\/\/butterfly-editions.com\/index.php\/wp-json\/wp\/v2\/types\/product"}],"replies":[{"embeddable":true,"href":"https:\/\/butterfly-editions.com\/index.php\/wp-json\/wp\/v2\/comments?post=8330"}],"wp:featuredmedia":[{"embeddable":true,"href":"https:\/\/butterfly-editions.com\/index.php\/wp-json\/wp\/v2\/media\/8331"}],"wp:attachment":[{"href":"https:\/\/butterfly-editions.com\/index.php\/wp-json\/wp\/v2\/media?parent=8330"}],"wp:term":[{"taxonomy":"product_brand","embeddable":true,"href":"https:\/\/butterfly-editions.com\/index.php\/wp-json\/wp\/v2\/product_brand?post=8330"},{"taxonomy":"product_cat","embeddable":true,"href":"https:\/\/butterfly-editions.com\/index.php\/wp-json\/wp\/v2\/product_cat?post=8330"},{"taxonomy":"product_tag","embeddable":true,"href":"https:\/\/butterfly-editions.com\/index.php\/wp-json\/wp\/v2\/product_tag?post=8330"}],"curies":[{"name":"wp","href":"https:\/\/api.w.org\/{rel}","templated":true}]}}