{"id":8328,"date":"2025-06-23T12:20:42","date_gmt":"2025-06-23T11:20:42","guid":{"rendered":"https:\/\/butterfly-editions.com\/?post_type=product&#038;p=8328"},"modified":"2025-07-25T13:52:07","modified_gmt":"2025-07-25T12:52:07","slug":"burning-love-mathilde-herve","status":"publish","type":"product","link":"https:\/\/butterfly-editions.com\/index.php\/produit\/burning-love-mathilde-herve\/","title":{"rendered":"Burning Love &#8211; Mathilde Herv\u00e9"},"content":{"rendered":"<p><strong><span class=\"a-text-bold\">Quand deux chefs gastronomiques s\u2019opposent pour d\u00e9crocher une \u00e9toile, la tension devient palpable.<\/span><\/strong><\/p>\n<p>Tout sourit \u00e0 Sam. \u00c0 la t\u00eate de The Major, un restaurant en pleine ascension, il encha\u00eene les critiques positives. Mais derri\u00e8re cette r\u00e9ussite flamboyante, le jeune homme cache une solitude tenace et une relation tendue avec son p\u00e8re.<\/p>\n<p>Un soir, abandonn\u00e9 par son fr\u00e8re, il croise une inconnue avec qui il partage une nuit inoubliable. Il est loin de se douter que cette myst\u00e9rieuse femme n\u2019est autre que Charlotte, cheffe talentueuse fra\u00eechement d\u00e9barqu\u00e9e de Floride, bien d\u00e9cid\u00e9e \u00e0 faire de l\u2019ombre \u00e0 The Major en ouvrant son propre restaurant.<\/p>\n<p><em><span class=\"a-text-italic\">Entre eux, l\u2019alchimie est ind\u00e9niable, mais la rivalit\u00e9, les secrets et les quiproquos pourraient bien faire flamber leur histoire avant m\u00eame qu\u2019elle n\u2019ait le temps de mijoter.<\/span><\/em><\/p>\n","protected":false},"excerpt":{"rendered":"<p>Quand deux chefs gastronomiques s\u2019opposent pour d\u00e9crocher une \u00e9toile, la tension devient palpable. Tout sourit \u00e0 Sam. \u00c0 la t\u00eate de The Major, un restaurant en pleine ascension, il encha\u00eene les critiques positives. Mais derri\u00e8re cette r\u00e9ussite flamboyante, le jeune homme cache une solitude tenace et une relation tendue avec son p\u00e8re. Un soir, abandonn\u00e9 [&hellip;]<\/p>\n","protected":false},"featured_media":8329,"comment_status":"open","ping_status":"closed","template":"","meta":{"_acf_changed":false,"content-type":""},"product_brand":[],"product_cat":[59],"product_tag":[],"class_list":{"0":"post-8328","1":"product","2":"type-product","3":"status-publish","4":"has-post-thumbnail","6":"product_cat-non-classe","8":"first","9":"instock","10":"taxable","11":"shipping-taxable","12":"purchasable","13":"product-type-simple"},"acf":{"auteur":"","date_parution":null,"bestseller":false,"librairie":false},"aioseo_notices":[],"_links":{"self":[{"href":"https:\/\/butterfly-editions.com\/index.php\/wp-json\/wp\/v2\/product\/8328","targetHints":{"allow":["GET"]}}],"collection":[{"href":"https:\/\/butterfly-editions.com\/index.php\/wp-json\/wp\/v2\/product"}],"about":[{"href":"https:\/\/butterfly-editions.com\/index.php\/wp-json\/wp\/v2\/types\/product"}],"replies":[{"embeddable":true,"href":"https:\/\/butterfly-editions.com\/index.php\/wp-json\/wp\/v2\/comments?post=8328"}],"wp:featuredmedia":[{"embeddable":true,"href":"https:\/\/butterfly-editions.com\/index.php\/wp-json\/wp\/v2\/media\/8329"}],"wp:attachment":[{"href":"https:\/\/butterfly-editions.com\/index.php\/wp-json\/wp\/v2\/media?parent=8328"}],"wp:term":[{"taxonomy":"product_brand","embeddable":true,"href":"https:\/\/butterfly-editions.com\/index.php\/wp-json\/wp\/v2\/product_brand?post=8328"},{"taxonomy":"product_cat","embeddable":true,"href":"https:\/\/butterfly-editions.com\/index.php\/wp-json\/wp\/v2\/product_cat?post=8328"},{"taxonomy":"product_tag","embeddable":true,"href":"https:\/\/butterfly-editions.com\/index.php\/wp-json\/wp\/v2\/product_tag?post=8328"}],"curies":[{"name":"wp","href":"https:\/\/api.w.org\/{rel}","templated":true}]}}