{"id":8262,"date":"2025-06-06T19:23:53","date_gmt":"2025-06-06T18:23:53","guid":{"rendered":"https:\/\/butterfly-editions.com\/?post_type=product&#038;p=8262"},"modified":"2025-07-25T13:52:51","modified_gmt":"2025-07-25T12:52:51","slug":"the-last-hour-celia-cattiaux","status":"publish","type":"product","link":"https:\/\/butterfly-editions.com\/index.php\/produit\/the-last-hour-celia-cattiaux\/","title":{"rendered":"The Last Hour &#8211; C\u00e9lia Cattiaux"},"content":{"rendered":"<p><strong>Rosalie, lyc\u00e9enne, n\u2019a plus que quelques mois \u00e0 vivre. Le cancer a gagn\u00e9.<\/strong><\/p>\n<p>D\u00e9sormais, elle n\u2019aspire qu\u2019\u00e0 une seule chose : sortir de l\u2019h\u00f4pital, retrouver le cocon de la maison familiale, partir aupr\u00e8s des siens.<\/p>\n<p>De retour chez elle, elle s\u2019attendait \u00e0 tout sauf \u00e0 croiser Joshua, son premier amour. Le seul.<\/p>\n<p>Entre eux, le retour de flamme est imm\u00e9diat. Les sentiments reviennent, plus forts encore.<\/p>\n<p><em><span class=\"a-text-italic\">Mais comment s\u2019aimer quand les jours sont compt\u00e9s ?<\/span><\/em><\/p>\n","protected":false},"excerpt":{"rendered":"<p>Rosalie, lyc\u00e9enne, n\u2019a plus que quelques mois \u00e0 vivre. Le cancer a gagn\u00e9. D\u00e9sormais, elle n\u2019aspire qu\u2019\u00e0 une seule chose : sortir de l\u2019h\u00f4pital, retrouver le cocon de la maison familiale, partir aupr\u00e8s des siens. De retour chez elle, elle s\u2019attendait \u00e0 tout sauf \u00e0 croiser Joshua, son premier amour. Le seul. Entre eux, le [&hellip;]<\/p>\n","protected":false},"featured_media":8263,"comment_status":"open","ping_status":"closed","template":"","meta":{"_acf_changed":false,"content-type":""},"product_brand":[],"product_cat":[59],"product_tag":[],"class_list":{"0":"post-8262","1":"product","2":"type-product","3":"status-publish","4":"has-post-thumbnail","6":"product_cat-non-classe","8":"first","9":"instock","10":"taxable","11":"shipping-taxable","12":"purchasable","13":"product-type-simple"},"acf":{"auteur":"","date_parution":null,"bestseller":false,"librairie":false},"aioseo_notices":[],"_links":{"self":[{"href":"https:\/\/butterfly-editions.com\/index.php\/wp-json\/wp\/v2\/product\/8262","targetHints":{"allow":["GET"]}}],"collection":[{"href":"https:\/\/butterfly-editions.com\/index.php\/wp-json\/wp\/v2\/product"}],"about":[{"href":"https:\/\/butterfly-editions.com\/index.php\/wp-json\/wp\/v2\/types\/product"}],"replies":[{"embeddable":true,"href":"https:\/\/butterfly-editions.com\/index.php\/wp-json\/wp\/v2\/comments?post=8262"}],"wp:featuredmedia":[{"embeddable":true,"href":"https:\/\/butterfly-editions.com\/index.php\/wp-json\/wp\/v2\/media\/8263"}],"wp:attachment":[{"href":"https:\/\/butterfly-editions.com\/index.php\/wp-json\/wp\/v2\/media?parent=8262"}],"wp:term":[{"taxonomy":"product_brand","embeddable":true,"href":"https:\/\/butterfly-editions.com\/index.php\/wp-json\/wp\/v2\/product_brand?post=8262"},{"taxonomy":"product_cat","embeddable":true,"href":"https:\/\/butterfly-editions.com\/index.php\/wp-json\/wp\/v2\/product_cat?post=8262"},{"taxonomy":"product_tag","embeddable":true,"href":"https:\/\/butterfly-editions.com\/index.php\/wp-json\/wp\/v2\/product_tag?post=8262"}],"curies":[{"name":"wp","href":"https:\/\/api.w.org\/{rel}","templated":true}]}}