{"id":8159,"date":"2025-05-14T09:39:24","date_gmt":"2025-05-14T08:39:24","guid":{"rendered":"https:\/\/butterfly-editions.com\/?post_type=product&#038;p=8159"},"modified":"2026-01-27T14:45:32","modified_gmt":"2026-01-27T13:45:32","slug":"alors-on-danse-laure-aleno","status":"publish","type":"product","link":"https:\/\/butterfly-editions.com\/index.php\/produit\/alors-on-danse-laure-aleno\/","title":{"rendered":"Alors, on danse ?"},"content":{"rendered":"<p><strong><span class=\"a-text-bold\">Une sport romance, m\u00eal\u00e9e\u00a0<\/span><span class=\"a-text-bold a-text-italic\"><em>fake dating<\/em>,<\/span><span class=\"a-text-bold\">\u00a0\u00e0 d\u00e9vorer sous un plaid !<\/span><\/strong><\/p>\n<p>Elina r\u00eave de participer \u00e0 un concours national de danse. D\u00e9pit\u00e9e de ne pas trouver le partenaire id\u00e9al pour les \u00e9preuves en duo, elle perd espoir. Pourtant, Tony, l\u2019ex-employ\u00e9 de son p\u00e8re, celui qui la voit encore comme une gamine, se retrouve embarqu\u00e9 dans cette aventure. Gr\u00e2ce \u00e0 lui, elle peut poursuivre son objectif.<\/p>\n<p>Il accepte \u00e0 une condition : un jour, il lui demandera un service en retour.<\/p>\n<p>Les entra\u00eenements, les \u00e9preuves et les obstacles impr\u00e9vus et anxiog\u00e8nes les rapprochent in\u00e9vitablement. Une amiti\u00e9 simple et sinc\u00e8re les lie jusqu\u2019\u00e0 ce que l\u2019attirance devienne incontr\u00f4lable. Et qu\u2019il r\u00e9clame son d\u00fb : qu\u2019elle se fasse passer pour sa fausse petite amie le temps d&rsquo;une soir\u00e9e chez sa m\u00e8re.<\/p>\n<p>Malgr\u00e9 ce\u00a0<em><span class=\"a-text-italic\">fake dating<\/span><\/em>\u00a0de plus en plus troublant, Tony n\u2019est pas le genre \u00e0 s\u2019engager dans une relation de couple, tandis qu\u2019Elina craint de refaire confiance \u00e0 un homme, en particulier quand ce dernier collectionne les aventures d\u2019un soir.<\/p>\n<p><em>R\u00e9ussiront-ils \u00e0 d\u00e9passer leurs craintes pour se laisser une chance ? \u00c0 moins que leurs amis et familles s\u2019en m\u00ealent&#8230;<\/em><\/p>\n","protected":false},"excerpt":{"rendered":"<p>Une sport romance, m\u00eal\u00e9e\u00a0fake dating,\u00a0\u00e0 d\u00e9vorer sous un plaid ! Elina r\u00eave de participer \u00e0 un concours national de danse. D\u00e9pit\u00e9e de ne pas trouver le partenaire id\u00e9al pour les \u00e9preuves en duo, elle perd espoir. Pourtant, Tony, l\u2019ex-employ\u00e9 de son p\u00e8re, celui qui la voit encore comme une gamine, se retrouve embarqu\u00e9 dans cette [&hellip;]<\/p>\n","protected":false},"featured_media":8160,"comment_status":"open","ping_status":"closed","template":"","meta":{"_acf_changed":false,"content-type":""},"product_brand":[],"product_cat":[461],"product_tag":[537,487,539,538],"class_list":{"0":"post-8159","1":"product","2":"type-product","3":"status-publish","4":"has-post-thumbnail","6":"product_cat-romance-contemporaine","7":"product_tag-age-gap","8":"product_tag-amour-interdit","9":"product_tag-danse","10":"product_tag-fake-dating","12":"first","13":"instock","14":"taxable","15":"shipping-taxable","16":"purchasable","17":"product-type-variable"},"acf":{"auteur":"Laure Al\u00e9no","date_parution":"20250507","bestseller":false,"librairie":false},"aioseo_notices":[],"_links":{"self":[{"href":"https:\/\/butterfly-editions.com\/index.php\/wp-json\/wp\/v2\/product\/8159","targetHints":{"allow":["GET"]}}],"collection":[{"href":"https:\/\/butterfly-editions.com\/index.php\/wp-json\/wp\/v2\/product"}],"about":[{"href":"https:\/\/butterfly-editions.com\/index.php\/wp-json\/wp\/v2\/types\/product"}],"replies":[{"embeddable":true,"href":"https:\/\/butterfly-editions.com\/index.php\/wp-json\/wp\/v2\/comments?post=8159"}],"wp:featuredmedia":[{"embeddable":true,"href":"https:\/\/butterfly-editions.com\/index.php\/wp-json\/wp\/v2\/media\/8160"}],"wp:attachment":[{"href":"https:\/\/butterfly-editions.com\/index.php\/wp-json\/wp\/v2\/media?parent=8159"}],"wp:term":[{"taxonomy":"product_brand","embeddable":true,"href":"https:\/\/butterfly-editions.com\/index.php\/wp-json\/wp\/v2\/product_brand?post=8159"},{"taxonomy":"product_cat","embeddable":true,"href":"https:\/\/butterfly-editions.com\/index.php\/wp-json\/wp\/v2\/product_cat?post=8159"},{"taxonomy":"product_tag","embeddable":true,"href":"https:\/\/butterfly-editions.com\/index.php\/wp-json\/wp\/v2\/product_tag?post=8159"}],"curies":[{"name":"wp","href":"https:\/\/api.w.org\/{rel}","templated":true}]}}