{"id":8112,"date":"2025-06-06T19:12:33","date_gmt":"2025-06-06T18:12:33","guid":{"rendered":"https:\/\/butterfly-editions.com\/?post_type=product&#038;p=8112"},"modified":"2025-07-25T13:55:32","modified_gmt":"2025-07-25T12:55:32","slug":"cruel-il-mago-angelina-buchi-2","status":"publish","type":"product","link":"https:\/\/butterfly-editions.com\/index.php\/produit\/cruel-il-mago-angelina-buchi-2\/","title":{"rendered":"Cruel Il Mago &#8211; Angelina Buchi"},"content":{"rendered":"<p><strong><span class=\"a-text-bold\">Il r\u00e8gne en ma\u00eetre.<\/span><\/strong><\/p>\n<p><strong><span class=\"a-text-bold\">Tout le monde le craint<\/span><\/strong><\/p>\n<p><strong><span class=\"a-text-bold\">&#8230; sauf elle.<\/span><\/strong><\/p>\n<p>Julien K\u00f6nig, alias Il mago, s\u00e8me la terreur \u00e0 Marseille. Il g\u00e8re son organisation, la Cosa Nostra, d\u2019une main de ma\u00eetre. D\u00e9pourvu d\u2019\u00e9motions, les filles, il les collectionne.<\/p>\n<p>Jusqu\u2019\u00e0 elle&#8230;<\/p>\n<p>Liza. La nouvelle serveuse recrut\u00e9e par Salva, le bras droit d\u2019Il mago. Elle va \u00e9veiller la curiosit\u00e9 de ce dernier d\u00e8s leur premi\u00e8re rencontre. Le sentiment de peur, elle ne conna\u00eet pas.<\/p>\n<p>Celui de l\u2019amour, encore moins.<\/p>\n<p>Pourtant, une attirance malsaine et particuli\u00e8re va les unir.<\/p>\n<p><em><span class=\"a-text-italic\">Et si celle que l\u2019on croyait \u00eatre sa plus grande faiblesse devenait sa plus grande force ?<\/span><\/em><\/p>\n","protected":false},"excerpt":{"rendered":"<p>Il r\u00e8gne en ma\u00eetre. Tout le monde le craint &#8230; sauf elle. Julien K\u00f6nig, alias Il mago, s\u00e8me la terreur \u00e0 Marseille. Il g\u00e8re son organisation, la Cosa Nostra, d\u2019une main de ma\u00eetre. D\u00e9pourvu d\u2019\u00e9motions, les filles, il les collectionne. Jusqu\u2019\u00e0 elle&#8230; Liza. La nouvelle serveuse recrut\u00e9e par Salva, le bras droit d\u2019Il mago. Elle [&hellip;]<\/p>\n","protected":false},"featured_media":8257,"comment_status":"open","ping_status":"closed","template":"","meta":{"_acf_changed":false,"content-type":""},"product_brand":[],"product_cat":[59],"product_tag":[],"class_list":{"0":"post-8112","1":"product","2":"type-product","3":"status-publish","4":"has-post-thumbnail","6":"product_cat-non-classe","8":"first","9":"instock","10":"taxable","11":"shipping-taxable","12":"purchasable","13":"product-type-simple"},"acf":{"auteur":"","date_parution":null,"bestseller":false,"librairie":false},"aioseo_notices":[],"_links":{"self":[{"href":"https:\/\/butterfly-editions.com\/index.php\/wp-json\/wp\/v2\/product\/8112","targetHints":{"allow":["GET"]}}],"collection":[{"href":"https:\/\/butterfly-editions.com\/index.php\/wp-json\/wp\/v2\/product"}],"about":[{"href":"https:\/\/butterfly-editions.com\/index.php\/wp-json\/wp\/v2\/types\/product"}],"replies":[{"embeddable":true,"href":"https:\/\/butterfly-editions.com\/index.php\/wp-json\/wp\/v2\/comments?post=8112"}],"wp:featuredmedia":[{"embeddable":true,"href":"https:\/\/butterfly-editions.com\/index.php\/wp-json\/wp\/v2\/media\/8257"}],"wp:attachment":[{"href":"https:\/\/butterfly-editions.com\/index.php\/wp-json\/wp\/v2\/media?parent=8112"}],"wp:term":[{"taxonomy":"product_brand","embeddable":true,"href":"https:\/\/butterfly-editions.com\/index.php\/wp-json\/wp\/v2\/product_brand?post=8112"},{"taxonomy":"product_cat","embeddable":true,"href":"https:\/\/butterfly-editions.com\/index.php\/wp-json\/wp\/v2\/product_cat?post=8112"},{"taxonomy":"product_tag","embeddable":true,"href":"https:\/\/butterfly-editions.com\/index.php\/wp-json\/wp\/v2\/product_tag?post=8112"}],"curies":[{"name":"wp","href":"https:\/\/api.w.org\/{rel}","templated":true}]}}