{"id":8110,"date":"2025-05-01T14:06:58","date_gmt":"2025-05-01T13:06:58","guid":{"rendered":"https:\/\/butterfly-editions.com\/?post_type=product&#038;p=8110"},"modified":"2025-07-25T13:57:23","modified_gmt":"2025-07-25T12:57:23","slug":"fight-for-her-ludivine-hart","status":"publish","type":"product","link":"https:\/\/butterfly-editions.com\/index.php\/produit\/fight-for-her-ludivine-hart\/","title":{"rendered":"Fight for her &#8211; Ludivine Hart"},"content":{"rendered":"<p><strong><span class=\"a-text-bold\">Tomber amoureuse du meilleur ami de son grand fr\u00e8re<\/span>\u00a0?\u00a0<span class=\"a-text-italic\">Mauvaise id\u00e9e&#8230;<\/span><\/strong><\/p>\n<p><strong><span class=\"a-text-bold\">Travailler pour lui ? Qu\u2019il devienne son boss ?<\/span>\u00a0<span class=\"a-text-italic\">Pire id\u00e9e encore&#8230;<\/span><\/strong><\/p>\n<p>Leonore Canon, alias Leo, revient au Canada apr\u00e8s avoir pass\u00e9 sept ans en France pour ses<\/p>\n<p>\u00e9tudes. Hors de question de rester loin des siens alors que son petit copain l\u2019a tromp\u00e9e avec sa meilleure amie.<\/p>\n<p>Si elle est ravie de retrouver Nathan, son grand fr\u00e8re, c\u00f4toyer \u00e0 nouveau Colin Reid, le meilleur ami de ce dernier, ne l\u2019enchante pas des masses. Surtout quand elle accepte de travailler pour eux&#8230;<\/p>\n<p>Son crush d\u2019adolescence, devenu un c\u00e9l\u00e8bre boxeur, lui fait toujours autant d\u2019effet.<\/p>\n<p>Gros b\u00e9mol, Colin l\u2019a toujours trait\u00e9e comme sa petite s\u0153ur et il est d\u00e9cid\u00e9 \u00e0 continuer dans cette voie. Malgr\u00e9 ce qu\u2019elle lui fait ressentir depuis toujours&#8230; Leo, c\u2019est son interdit, sa ligne rouge.<\/p>\n<p><em><span class=\"a-text-italic\">Celle \u00e0 ne franchir sous aucun pr\u00e9texte&#8230;<\/span><\/em><\/p>\n","protected":false},"excerpt":{"rendered":"<p>Tomber amoureuse du meilleur ami de son grand fr\u00e8re\u00a0?\u00a0Mauvaise id\u00e9e&#8230; Travailler pour lui ? Qu\u2019il devienne son boss ?\u00a0Pire id\u00e9e encore&#8230; Leonore Canon, alias Leo, revient au Canada apr\u00e8s avoir pass\u00e9 sept ans en France pour ses \u00e9tudes. Hors de question de rester loin des siens alors que son petit copain l\u2019a tromp\u00e9e avec sa [&hellip;]<\/p>\n","protected":false},"featured_media":8111,"comment_status":"open","ping_status":"closed","template":"","meta":{"_acf_changed":false,"content-type":""},"product_brand":[],"product_cat":[59],"product_tag":[],"class_list":{"0":"post-8110","1":"product","2":"type-product","3":"status-publish","4":"has-post-thumbnail","6":"product_cat-non-classe","8":"first","9":"instock","10":"taxable","11":"shipping-taxable","12":"purchasable","13":"product-type-simple"},"acf":{"auteur":"","date_parution":null,"bestseller":false,"librairie":false},"aioseo_notices":[],"_links":{"self":[{"href":"https:\/\/butterfly-editions.com\/index.php\/wp-json\/wp\/v2\/product\/8110","targetHints":{"allow":["GET"]}}],"collection":[{"href":"https:\/\/butterfly-editions.com\/index.php\/wp-json\/wp\/v2\/product"}],"about":[{"href":"https:\/\/butterfly-editions.com\/index.php\/wp-json\/wp\/v2\/types\/product"}],"replies":[{"embeddable":true,"href":"https:\/\/butterfly-editions.com\/index.php\/wp-json\/wp\/v2\/comments?post=8110"}],"wp:featuredmedia":[{"embeddable":true,"href":"https:\/\/butterfly-editions.com\/index.php\/wp-json\/wp\/v2\/media\/8111"}],"wp:attachment":[{"href":"https:\/\/butterfly-editions.com\/index.php\/wp-json\/wp\/v2\/media?parent=8110"}],"wp:term":[{"taxonomy":"product_brand","embeddable":true,"href":"https:\/\/butterfly-editions.com\/index.php\/wp-json\/wp\/v2\/product_brand?post=8110"},{"taxonomy":"product_cat","embeddable":true,"href":"https:\/\/butterfly-editions.com\/index.php\/wp-json\/wp\/v2\/product_cat?post=8110"},{"taxonomy":"product_tag","embeddable":true,"href":"https:\/\/butterfly-editions.com\/index.php\/wp-json\/wp\/v2\/product_tag?post=8110"}],"curies":[{"name":"wp","href":"https:\/\/api.w.org\/{rel}","templated":true}]}}