{"id":8006,"date":"2025-04-08T08:34:46","date_gmt":"2025-04-08T07:34:46","guid":{"rendered":"https:\/\/butterfly-editions.com\/?post_type=product&#038;p=8006"},"modified":"2025-07-25T13:57:33","modified_gmt":"2025-07-25T12:57:33","slug":"urbex-dana-roccia-et-aliana-skow","status":"publish","type":"product","link":"https:\/\/butterfly-editions.com\/index.php\/produit\/urbex-dana-roccia-et-aliana-skow\/","title":{"rendered":"Urbex &#8211; Dana Roccia et Aliana Skow"},"content":{"rendered":"<p><strong><span class=\"a-text-bold\">Lui, flic au pass\u00e9 douteux ;<\/span><\/strong><\/p>\n<p><strong><span class=\"a-text-bold\">Elle, prof d&rsquo;histoire traumatis\u00e9e par le d\u00e9c\u00e8s de l&rsquo;homme de sa vie ;<\/span><\/strong><\/p>\n<p><strong><span class=\"a-text-bold\">Tout semble les s\u00e9parer, pourtant, tous deux cherchent du r\u00e9confort dans une passion aussi palpitante qu&rsquo;ill\u00e9gale : l&rsquo;urbex.<\/span><\/strong><\/p>\n<p>&nbsp;<\/p>\n<p>Lo\u00efs et Isaac ont un point en commun, ils ont trouv\u00e9 une raison de vivre \u00e0 travers l\u2019urbex. Ce qu\u2019ils ignoraient, en revanche, c\u2019est qu\u2019ils se rencontreraient au d\u00e9tour de l\u2019une de leur exploration. Leur attirance va \u00eatre imm\u00e9diate, mais les secrets et le pass\u00e9 d\u2019Isaac compliquent tout.<\/p>\n<p>Entre vid\u00e9os YouTube, aventures palpitantes et myst\u00e8res \u00e0 r\u00e9soudre, Lo\u00efs est bien d\u00e9cid\u00e9e \u00e0 d\u00e9couvrir la v\u00e9rit\u00e9 sur cet homme masqu\u00e9 dont elle ne conna\u00eet rien, m\u00eame pas le nom.<\/p>\n<p>&nbsp;<\/p>\n<p><em><span class=\"a-text-italic\">Entre secrets, passion et dangers, leur histoire pourra-t-elle s&rsquo;\u00e9panouir&#8230; au-del\u00e0 des ruines ?<\/span><\/em><\/p>\n","protected":false},"excerpt":{"rendered":"<p>Lui, flic au pass\u00e9 douteux ; Elle, prof d&rsquo;histoire traumatis\u00e9e par le d\u00e9c\u00e8s de l&rsquo;homme de sa vie ; Tout semble les s\u00e9parer, pourtant, tous deux cherchent du r\u00e9confort dans une passion aussi palpitante qu&rsquo;ill\u00e9gale : l&rsquo;urbex. &nbsp; Lo\u00efs et Isaac ont un point en commun, ils ont trouv\u00e9 une raison de vivre \u00e0 travers [&hellip;]<\/p>\n","protected":false},"featured_media":8007,"comment_status":"open","ping_status":"closed","template":"","meta":{"_acf_changed":false,"content-type":""},"product_brand":[],"product_cat":[59],"product_tag":[],"class_list":{"0":"post-8006","1":"product","2":"type-product","3":"status-publish","4":"has-post-thumbnail","6":"product_cat-non-classe","8":"first","9":"instock","10":"taxable","11":"shipping-taxable","12":"purchasable","13":"product-type-simple"},"acf":{"auteur":"","date_parution":null,"bestseller":false,"librairie":false},"aioseo_notices":[],"_links":{"self":[{"href":"https:\/\/butterfly-editions.com\/index.php\/wp-json\/wp\/v2\/product\/8006","targetHints":{"allow":["GET"]}}],"collection":[{"href":"https:\/\/butterfly-editions.com\/index.php\/wp-json\/wp\/v2\/product"}],"about":[{"href":"https:\/\/butterfly-editions.com\/index.php\/wp-json\/wp\/v2\/types\/product"}],"replies":[{"embeddable":true,"href":"https:\/\/butterfly-editions.com\/index.php\/wp-json\/wp\/v2\/comments?post=8006"}],"wp:featuredmedia":[{"embeddable":true,"href":"https:\/\/butterfly-editions.com\/index.php\/wp-json\/wp\/v2\/media\/8007"}],"wp:attachment":[{"href":"https:\/\/butterfly-editions.com\/index.php\/wp-json\/wp\/v2\/media?parent=8006"}],"wp:term":[{"taxonomy":"product_brand","embeddable":true,"href":"https:\/\/butterfly-editions.com\/index.php\/wp-json\/wp\/v2\/product_brand?post=8006"},{"taxonomy":"product_cat","embeddable":true,"href":"https:\/\/butterfly-editions.com\/index.php\/wp-json\/wp\/v2\/product_cat?post=8006"},{"taxonomy":"product_tag","embeddable":true,"href":"https:\/\/butterfly-editions.com\/index.php\/wp-json\/wp\/v2\/product_tag?post=8006"}],"curies":[{"name":"wp","href":"https:\/\/api.w.org\/{rel}","templated":true}]}}