{"id":7807,"date":"2025-03-06T11:46:20","date_gmt":"2025-03-06T10:46:20","guid":{"rendered":"https:\/\/butterfly-editions.com\/?post_type=product&#038;p=7807"},"modified":"2026-03-10T11:07:48","modified_gmt":"2026-03-10T10:07:48","slug":"mon-boss-le-pire-ex-de-ma-vie-lila-collins-2025","status":"publish","type":"product","link":"https:\/\/butterfly-editions.com\/index.php\/produit\/mon-boss-le-pire-ex-de-ma-vie-lila-collins-2025\/","title":{"rendered":"Mon boss&#8230; le pire ex de ma vie !"},"content":{"rendered":"<p><strong><span class=\"a-text-bold\">Avoir comme nouveau Boss son ex-sex-friend,\u00a0<\/span><span class=\"a-text-bold a-text-italic\">check.<\/span><\/strong><\/p>\n<p><strong><span class=\"a-text-bold\">Omettre de lui parler de son fils de cinq ans,\u00a0<\/span><span class=\"a-text-bold a-text-italic\">double check<\/span><span class=\"a-text-bold\">&#8230;<\/span><\/strong><\/p>\n<p><strong><span class=\"a-text-bold\">Lui cacher qu\u2019il en est le papa,\u00a0<\/span><span class=\"a-text-bold a-text-italic\">triple check<\/span><span class=\"a-text-bold\">&#8230;<\/span><\/strong><\/p>\n<p>&nbsp;<\/p>\n<p>Lily a un poste de r\u00eave : directrice financi\u00e8re d&rsquo;une soci\u00e9t\u00e9 de cosm\u00e9tiques bio. Suite \u00e0 la crise actuelle, Durasex, plus grosse entreprise de pr\u00e9servatifs au monde, les sauve d&rsquo;une fermeture certaine en les rachetant.<\/p>\n<p>Tout irait donc pour le mieux si son nouveau Boss, Thomas Savage, n&rsquo;\u00e9tait pas son ex-<span class=\"a-text-italic\">sex-friend,\u00a0<\/span>celui qui lui a fait tourner la t\u00eate et le coeur pendant ses \u00e9tudes.<\/p>\n<p>Thomas, l&rsquo;homme le plus sexy qu&rsquo;elle ait rencontr\u00e9. Thomas, le s\u00e9ducteur inv\u00e9t\u00e9r\u00e9. Thomas, le connard arrogant. Thomas, le meilleur amant qu&rsquo;elle ait connu.<\/p>\n<p>Mais, surtout&#8230;<\/p>\n<p>Thomas, le p\u00e8re de son fils, L\u00e9o. L&rsquo;enfant qu&rsquo;elle lui avait promis de ne pas garder avant que leurs chemins ne se s\u00e9parent six ans plus t\u00f4t&#8230;<\/p>\n","protected":false},"excerpt":{"rendered":"<p>Avoir comme nouveau Boss son ex-sex-friend,\u00a0check. Omettre de lui parler de son fils de cinq ans,\u00a0double check&#8230; Lui cacher qu\u2019il en est le papa,\u00a0triple check&#8230; &nbsp; Lily a un poste de r\u00eave : directrice financi\u00e8re d&rsquo;une soci\u00e9t\u00e9 de cosm\u00e9tiques bio. Suite \u00e0 la crise actuelle, Durasex, plus grosse entreprise de pr\u00e9servatifs au monde, les sauve [&hellip;]<\/p>\n","protected":false},"featured_media":9101,"comment_status":"open","ping_status":"closed","template":"","meta":{"_acf_changed":false,"content-type":""},"product_brand":[],"product_cat":[461],"product_tag":[],"class_list":{"0":"post-7807","1":"product","2":"type-product","3":"status-publish","4":"has-post-thumbnail","6":"product_cat-romance-contemporaine","8":"first","9":"instock","10":"taxable","11":"shipping-taxable","12":"purchasable","13":"product-type-variable"},"acf":{"auteur":"Lila Collins","date_parution":"20210305","bestseller":true,"librairie":true},"aioseo_notices":[],"_links":{"self":[{"href":"https:\/\/butterfly-editions.com\/index.php\/wp-json\/wp\/v2\/product\/7807","targetHints":{"allow":["GET"]}}],"collection":[{"href":"https:\/\/butterfly-editions.com\/index.php\/wp-json\/wp\/v2\/product"}],"about":[{"href":"https:\/\/butterfly-editions.com\/index.php\/wp-json\/wp\/v2\/types\/product"}],"replies":[{"embeddable":true,"href":"https:\/\/butterfly-editions.com\/index.php\/wp-json\/wp\/v2\/comments?post=7807"}],"wp:featuredmedia":[{"embeddable":true,"href":"https:\/\/butterfly-editions.com\/index.php\/wp-json\/wp\/v2\/media\/9101"}],"wp:attachment":[{"href":"https:\/\/butterfly-editions.com\/index.php\/wp-json\/wp\/v2\/media?parent=7807"}],"wp:term":[{"taxonomy":"product_brand","embeddable":true,"href":"https:\/\/butterfly-editions.com\/index.php\/wp-json\/wp\/v2\/product_brand?post=7807"},{"taxonomy":"product_cat","embeddable":true,"href":"https:\/\/butterfly-editions.com\/index.php\/wp-json\/wp\/v2\/product_cat?post=7807"},{"taxonomy":"product_tag","embeddable":true,"href":"https:\/\/butterfly-editions.com\/index.php\/wp-json\/wp\/v2\/product_tag?post=7807"}],"curies":[{"name":"wp","href":"https:\/\/api.w.org\/{rel}","templated":true}]}}