{"id":7711,"date":"2025-02-21T15:25:20","date_gmt":"2025-02-21T14:25:20","guid":{"rendered":"https:\/\/butterfly-editions.com\/?post_type=product&#038;p=7711"},"modified":"2026-01-29T12:08:53","modified_gmt":"2026-01-29T11:08:53","slug":"rockstars-jackson-lila-collins","status":"publish","type":"product","link":"https:\/\/butterfly-editions.com\/index.php\/produit\/rockstars-jackson-lila-collins\/","title":{"rendered":"Rockstars T1 &#8211; Jackson"},"content":{"rendered":"<p><strong><span class=\"a-text-bold\">Une rockstar adul\u00e9e, sexy et hautement dangereuse&#8230;<\/span><\/strong><\/p>\n<p>Jackson a tout pour lui : une beaut\u00e9 \u00e0 couper le souffle, un don dans la voix, la gloire, la richesse, les femmes&#8230; tout&#8230; Il en use et en abuse, quitte \u00e0 ce que ses frasques fassent La Une des journaux \u00e0 scandales.<\/p>\n<p>Jusqu&rsquo;au jour o\u00f9 tout bascule&#8230; O\u00f9 il franchit la ligne rouge&#8230; La pire de toutes.<\/p>\n<p>S&rsquo;il ne veut pas tout perdre, il doit accepter de se faire suivre H24 par Rosie, une infirmi\u00e8re sp\u00e9cialis\u00e9e dans les troubles du comportement et de l&rsquo;humeur. Il n&rsquo;a pas d&rsquo;autre choix que d&rsquo;accepter la proposition de son manager : cohabiter avec elle pendant toute la dur\u00e9e de l&rsquo;enregistrement de son nouvel album. Jusqu&rsquo;\u00e0 ce qu&rsquo;il aille mieux. Qu&rsquo;il montre patte blanche.<\/p>\n<p>Seul b\u00e9mol : cette fille, il la conna\u00eet&#8230; d&rsquo;avant. Qu&rsquo;il le veuille ou non, elle le ram\u00e8ne \u00e0 la pire p\u00e9riode de sa vie.<\/p>\n<p><em><span class=\"a-text-italic\">Celle o\u00f9 il a plong\u00e9 en Enfer&#8230;<\/span><\/em><\/p>\n","protected":false},"excerpt":{"rendered":"<p>Une rockstar adul\u00e9e, sexy et hautement dangereuse&#8230; Jackson a tout pour lui : une beaut\u00e9 \u00e0 couper le souffle, un don dans la voix, la gloire, la richesse, les femmes&#8230; tout&#8230; Il en use et en abuse, quitte \u00e0 ce que ses frasques fassent La Une des journaux \u00e0 scandales. Jusqu&rsquo;au jour o\u00f9 tout bascule&#8230; [&hellip;]<\/p>\n","protected":false},"featured_media":7712,"comment_status":"open","ping_status":"closed","template":"","meta":{"_acf_changed":false,"content-type":""},"product_brand":[],"product_cat":[461],"product_tag":[],"class_list":{"0":"post-7711","1":"product","2":"type-product","3":"status-publish","4":"has-post-thumbnail","6":"product_cat-romance-contemporaine","8":"first","9":"instock","10":"taxable","11":"shipping-taxable","12":"purchasable","13":"product-type-variable"},"acf":{"auteur":"Lila Collins","date_parution":"20250411","bestseller":false,"librairie":true},"aioseo_notices":[],"_links":{"self":[{"href":"https:\/\/butterfly-editions.com\/index.php\/wp-json\/wp\/v2\/product\/7711","targetHints":{"allow":["GET"]}}],"collection":[{"href":"https:\/\/butterfly-editions.com\/index.php\/wp-json\/wp\/v2\/product"}],"about":[{"href":"https:\/\/butterfly-editions.com\/index.php\/wp-json\/wp\/v2\/types\/product"}],"replies":[{"embeddable":true,"href":"https:\/\/butterfly-editions.com\/index.php\/wp-json\/wp\/v2\/comments?post=7711"}],"wp:featuredmedia":[{"embeddable":true,"href":"https:\/\/butterfly-editions.com\/index.php\/wp-json\/wp\/v2\/media\/7712"}],"wp:attachment":[{"href":"https:\/\/butterfly-editions.com\/index.php\/wp-json\/wp\/v2\/media?parent=7711"}],"wp:term":[{"taxonomy":"product_brand","embeddable":true,"href":"https:\/\/butterfly-editions.com\/index.php\/wp-json\/wp\/v2\/product_brand?post=7711"},{"taxonomy":"product_cat","embeddable":true,"href":"https:\/\/butterfly-editions.com\/index.php\/wp-json\/wp\/v2\/product_cat?post=7711"},{"taxonomy":"product_tag","embeddable":true,"href":"https:\/\/butterfly-editions.com\/index.php\/wp-json\/wp\/v2\/product_tag?post=7711"}],"curies":[{"name":"wp","href":"https:\/\/api.w.org\/{rel}","templated":true}]}}