{"id":7709,"date":"2025-02-21T14:54:32","date_gmt":"2025-02-21T13:54:32","guid":{"rendered":"https:\/\/butterfly-editions.com\/?post_type=product&#038;p=7709"},"modified":"2025-07-25T14:01:41","modified_gmt":"2025-07-25T13:01:41","slug":"ride-or-die-with-me-anita-rigins-precommande-uniquement-pour-love-story-mons","status":"publish","type":"product","link":"https:\/\/butterfly-editions.com\/index.php\/produit\/ride-or-die-with-me-anita-rigins-precommande-uniquement-pour-love-story-mons\/","title":{"rendered":"Ride or die with me &#8211; Anita Rigins"},"content":{"rendered":"<p><em><span class=\"a-text-italic\">Attention : ce livre est une romance sombre qui n\u2019entre pas dans les codes de la romance classique : romance y rime avec violence et certaines sc\u00e8nes peuvent surprendre les lectrices non averties.<\/span><\/em><\/p>\n<p><strong><span class=\"a-text-bold\">Le danger et le d\u00e9sir les consument&#8230;<\/span><\/strong><\/p>\n<p><strong><span class=\"a-text-bold\">Peut-on s&rsquo;abandonner \u00e0 l&rsquo;amour lorsque la vie ne tient qu&rsquo;\u00e0 un fil ?<\/span><\/strong><\/p>\n<p>Abby fuit son pays afin d&rsquo;\u00e9chapper \u00e0 son demi-fr\u00e8re, Sean, puissant membre de la mafia. Elle veut oublier la douloureuse lutte qu&rsquo;a \u00e9t\u00e9 sa propre survie, ainsi que les actes abominables qu&rsquo;elle a \u00e9t\u00e9 forc\u00e9e de commettre et qui l&rsquo;ont chang\u00e9e \u00e0 jamais. Elle trouve refuge \u00e0 Paris, o\u00f9 elle d\u00e9croche un poste dans un night club. Mais elle d\u00e9chante rapidement en r\u00e9alisant que son patron est le Diable personnifi\u00e9. Assan Lakehal repr\u00e9sente l\u2019acc\u00e8s direct \u00e0 un labyrinthe de p\u00e9ch\u00e9s sur lequel il r\u00e8gne en ma\u00eetre absolu.<\/p>\n<p>Trop dangereux pour elle&#8230;<\/p>\n<p>C\u2019est ce qu\u2019elle se r\u00e9p\u00e8te en luttant contre le d\u00e9sir qu&rsquo;elle \u00e9prouve \u00e0 son \u00e9gard. Commence alors un jeu l\u00e9tal dans lequel il n&rsquo;y aura aucun gagnant. Une lutte de pouvoir qui les m\u00e8nera dans leurs plus sombres retranchements, Abby ne cessant de se demander ce que trafique Assan dans l&rsquo;aile du club qui lui reste interdite d&rsquo;acc\u00e8s&#8230;<\/p>\n<p><em><span class=\"a-text-italic\">Quand Sean cherche \u00e0 l&rsquo;atteindre \u00e0 nouveau, doit-elle fuir ou esp\u00e9rer trouver en Assan un alli\u00e9 inattendu ?<\/span><\/em><\/p>\n","protected":false},"excerpt":{"rendered":"<p>Attention : ce livre est une romance sombre qui n\u2019entre pas dans les codes de la romance classique : romance y rime avec violence et certaines sc\u00e8nes peuvent surprendre les lectrices non averties. Le danger et le d\u00e9sir les consument&#8230; Peut-on s&rsquo;abandonner \u00e0 l&rsquo;amour lorsque la vie ne tient qu&rsquo;\u00e0 un fil ? Abby fuit [&hellip;]<\/p>\n","protected":false},"featured_media":7710,"comment_status":"open","ping_status":"closed","template":"","meta":{"_acf_changed":false,"content-type":""},"product_brand":[],"product_cat":[59],"product_tag":[],"class_list":{"0":"post-7709","1":"product","2":"type-product","3":"status-publish","4":"has-post-thumbnail","6":"product_cat-non-classe","8":"first","9":"instock","10":"taxable","11":"shipping-taxable","12":"purchasable","13":"product-type-simple"},"acf":{"auteur":"","date_parution":null,"bestseller":false,"librairie":false},"aioseo_notices":[],"_links":{"self":[{"href":"https:\/\/butterfly-editions.com\/index.php\/wp-json\/wp\/v2\/product\/7709","targetHints":{"allow":["GET"]}}],"collection":[{"href":"https:\/\/butterfly-editions.com\/index.php\/wp-json\/wp\/v2\/product"}],"about":[{"href":"https:\/\/butterfly-editions.com\/index.php\/wp-json\/wp\/v2\/types\/product"}],"replies":[{"embeddable":true,"href":"https:\/\/butterfly-editions.com\/index.php\/wp-json\/wp\/v2\/comments?post=7709"}],"wp:featuredmedia":[{"embeddable":true,"href":"https:\/\/butterfly-editions.com\/index.php\/wp-json\/wp\/v2\/media\/7710"}],"wp:attachment":[{"href":"https:\/\/butterfly-editions.com\/index.php\/wp-json\/wp\/v2\/media?parent=7709"}],"wp:term":[{"taxonomy":"product_brand","embeddable":true,"href":"https:\/\/butterfly-editions.com\/index.php\/wp-json\/wp\/v2\/product_brand?post=7709"},{"taxonomy":"product_cat","embeddable":true,"href":"https:\/\/butterfly-editions.com\/index.php\/wp-json\/wp\/v2\/product_cat?post=7709"},{"taxonomy":"product_tag","embeddable":true,"href":"https:\/\/butterfly-editions.com\/index.php\/wp-json\/wp\/v2\/product_tag?post=7709"}],"curies":[{"name":"wp","href":"https:\/\/api.w.org\/{rel}","templated":true}]}}