{"id":7707,"date":"2025-02-21T14:45:22","date_gmt":"2025-02-21T13:45:22","guid":{"rendered":"https:\/\/butterfly-editions.com\/?post_type=product&#038;p=7707"},"modified":"2025-07-25T14:02:08","modified_gmt":"2025-07-25T13:02:08","slug":"cop-shots-and-love-marine-hope","status":"publish","type":"product","link":"https:\/\/butterfly-editions.com\/index.php\/produit\/cop-shots-and-love-marine-hope\/","title":{"rendered":"Cop shots and love &#8211; Marine Hope"},"content":{"rendered":"<p><strong><span class=\"a-text-bold\">Un flic aussi sexy qu\u2019insupportable.<\/span><\/strong><\/p>\n<p><strong><span class=\"a-text-bold\">Une barmaid myst\u00e9rieuse, tout sauf docile.<\/span><\/strong><\/p>\n<p><strong><span class=\"a-text-bold\">Pour r\u00e9soudre la disparition d\u2019un \u00eatre cher, ils vont devoir apprendre \u00e0 travailler ensemble. Mais surtout \u00e0 se supporter&#8230; malgr\u00e9 l\u2019attraction qui les attire ind\u00e9niablement l\u2019un vers l\u2019autre.<\/span><\/strong><\/p>\n<p>Lorsque son fr\u00e8re, L\u00e9o, dispara\u00eet myst\u00e9rieusement, Aaron, flic \u00e9m\u00e9rite aux stups, fait rapidement le rapprochement avec une affaire en cours.<\/p>\n<p>Sous couverture, il s\u2019infiltre dans le club tenu par L\u00e9o afin de tenter de mener l\u2019enqu\u00eate pour d\u00e9manteler un nouveau r\u00e9seau de trafiquants qui s\u00e9vit en ville&#8230; et surtout&#8230;\u00a0<span class=\"a-text-italic\">le<\/span>\u00a0retrouver.<\/p>\n<p>Il s\u2019attendait \u00e0 tout sauf \u00e0 devoir supporter Cassie, la sublime associ\u00e9e et meilleure amie de son fr\u00e8re.<\/p>\n<p>Pourtant, ils n\u2019ont pas le choix. Pour esp\u00e9rer revoir L\u00e9o vivant, ils vont devoir apprendre \u00e0 travailler ensemble et \u00e0 se faire confiance&#8230; tout en passant outre cette tension inattendue qui r\u00e8gne entre eux.<\/p>\n<p><em><span class=\"a-text-italic\">Attention, quand le d\u00e9sir s\u2019invite dans une collaboration forc\u00e9e, les dommages collat\u00e9raux ne sont jamais sans cons\u00e9quences&#8230;<\/span><\/em><\/p>\n","protected":false},"excerpt":{"rendered":"<p>Un flic aussi sexy qu\u2019insupportable. Une barmaid myst\u00e9rieuse, tout sauf docile. Pour r\u00e9soudre la disparition d\u2019un \u00eatre cher, ils vont devoir apprendre \u00e0 travailler ensemble. Mais surtout \u00e0 se supporter&#8230; malgr\u00e9 l\u2019attraction qui les attire ind\u00e9niablement l\u2019un vers l\u2019autre. Lorsque son fr\u00e8re, L\u00e9o, dispara\u00eet myst\u00e9rieusement, Aaron, flic \u00e9m\u00e9rite aux stups, fait rapidement le rapprochement avec [&hellip;]<\/p>\n","protected":false},"featured_media":7708,"comment_status":"open","ping_status":"closed","template":"","meta":{"_acf_changed":false,"content-type":""},"product_brand":[],"product_cat":[59],"product_tag":[],"class_list":{"0":"post-7707","1":"product","2":"type-product","3":"status-publish","4":"has-post-thumbnail","6":"product_cat-non-classe","8":"first","9":"instock","10":"taxable","11":"shipping-taxable","12":"purchasable","13":"product-type-simple"},"acf":{"auteur":"","date_parution":null,"bestseller":false,"librairie":false},"aioseo_notices":[],"_links":{"self":[{"href":"https:\/\/butterfly-editions.com\/index.php\/wp-json\/wp\/v2\/product\/7707","targetHints":{"allow":["GET"]}}],"collection":[{"href":"https:\/\/butterfly-editions.com\/index.php\/wp-json\/wp\/v2\/product"}],"about":[{"href":"https:\/\/butterfly-editions.com\/index.php\/wp-json\/wp\/v2\/types\/product"}],"replies":[{"embeddable":true,"href":"https:\/\/butterfly-editions.com\/index.php\/wp-json\/wp\/v2\/comments?post=7707"}],"wp:featuredmedia":[{"embeddable":true,"href":"https:\/\/butterfly-editions.com\/index.php\/wp-json\/wp\/v2\/media\/7708"}],"wp:attachment":[{"href":"https:\/\/butterfly-editions.com\/index.php\/wp-json\/wp\/v2\/media?parent=7707"}],"wp:term":[{"taxonomy":"product_brand","embeddable":true,"href":"https:\/\/butterfly-editions.com\/index.php\/wp-json\/wp\/v2\/product_brand?post=7707"},{"taxonomy":"product_cat","embeddable":true,"href":"https:\/\/butterfly-editions.com\/index.php\/wp-json\/wp\/v2\/product_cat?post=7707"},{"taxonomy":"product_tag","embeddable":true,"href":"https:\/\/butterfly-editions.com\/index.php\/wp-json\/wp\/v2\/product_tag?post=7707"}],"curies":[{"name":"wp","href":"https:\/\/api.w.org\/{rel}","templated":true}]}}