{"id":7705,"date":"2025-02-21T14:36:51","date_gmt":"2025-02-21T13:36:51","guid":{"rendered":"https:\/\/butterfly-editions.com\/?post_type=product&#038;p=7705"},"modified":"2025-07-25T14:02:31","modified_gmt":"2025-07-25T13:02:31","slug":"the-show-men-lexie-tales","status":"publish","type":"product","link":"https:\/\/butterfly-editions.com\/index.php\/produit\/the-show-men-lexie-tales\/","title":{"rendered":"The Show Men &#8211; Lexie Tales"},"content":{"rendered":"<p><strong><span class=\"a-text-bold\">Jeune costumi\u00e8re fra\u00eechement dipl\u00f4m\u00e9e, Maya s\u2019attendait \u00e0 tout, sauf \u00e0 int\u00e9grer une troupe de\u00a0<\/span><span class=\"a-text-bold a-text-italic\">chippendales<\/span><span class=\"a-text-bold\">.<\/span><\/strong><\/p>\n<p><strong><span class=\"a-text-bold\">Encore moins \u00e0 supporter Ben, danseur aussi d\u00e9testable que d\u00e9sirable.<\/span><\/strong><\/p>\n<p>Maya avait tout pour \u00eatre heureuse : un petit ami \u00e9voluant dans le m\u00eame monde qu\u2019elle, une famille aimante et un plan de carri\u00e8re bien pr\u00e9cis. Quand, apr\u00e8s avoir obtenu son dipl\u00f4me, la jeune femme doit int\u00e9grer le monde du travail, elle n\u2019a d\u2019autres choix que d\u2019accepter un job de costumi\u00e8re pour le Club, rep\u00e8re des\u00a0<span class=\"a-text-italic\">Boys<\/span>, cinq stripteaseurs aussi dr\u00f4les que sensuels.<\/p>\n<p>Maya ne compte pas s\u2019attarder l\u00e0 o\u00f9 elle ne se sent pas la bienvenue. Benjamin, alias Womaniser, lui, a trouv\u00e9 une raison d\u2019\u00eatre au sein de cette troupe. Entre eux, \u00e7a fait des \u00e9tincelles. Ben consid\u00e8re Maya comme une simple arriviste et elle ne le voit que comme un homme \u00e0 femmes imbu de lui-m\u00eame.<\/p>\n<p>Pourtant, la jeune femme va se faire une place au sein de cette famille de c\u0153ur et apprendre que les apparences sont souvent trompeuses.<\/p>\n<p><em><span class=\"a-text-italic\">De la haine \u00e0 l\u2019amour, il n\u2019y a parfois qu\u2019un pas&#8230; ou une danse !<\/span><\/em><\/p>\n","protected":false},"excerpt":{"rendered":"<p>Jeune costumi\u00e8re fra\u00eechement dipl\u00f4m\u00e9e, Maya s\u2019attendait \u00e0 tout, sauf \u00e0 int\u00e9grer une troupe de\u00a0chippendales. Encore moins \u00e0 supporter Ben, danseur aussi d\u00e9testable que d\u00e9sirable. Maya avait tout pour \u00eatre heureuse : un petit ami \u00e9voluant dans le m\u00eame monde qu\u2019elle, une famille aimante et un plan de carri\u00e8re bien pr\u00e9cis. Quand, apr\u00e8s avoir obtenu son [&hellip;]<\/p>\n","protected":false},"featured_media":7706,"comment_status":"open","ping_status":"closed","template":"","meta":{"_acf_changed":false,"content-type":""},"product_brand":[],"product_cat":[59],"product_tag":[],"class_list":{"0":"post-7705","1":"product","2":"type-product","3":"status-publish","4":"has-post-thumbnail","6":"product_cat-non-classe","8":"first","9":"instock","10":"taxable","11":"shipping-taxable","12":"purchasable","13":"product-type-simple"},"acf":{"auteur":"","date_parution":null,"bestseller":false,"librairie":false},"aioseo_notices":[],"_links":{"self":[{"href":"https:\/\/butterfly-editions.com\/index.php\/wp-json\/wp\/v2\/product\/7705","targetHints":{"allow":["GET"]}}],"collection":[{"href":"https:\/\/butterfly-editions.com\/index.php\/wp-json\/wp\/v2\/product"}],"about":[{"href":"https:\/\/butterfly-editions.com\/index.php\/wp-json\/wp\/v2\/types\/product"}],"replies":[{"embeddable":true,"href":"https:\/\/butterfly-editions.com\/index.php\/wp-json\/wp\/v2\/comments?post=7705"}],"wp:featuredmedia":[{"embeddable":true,"href":"https:\/\/butterfly-editions.com\/index.php\/wp-json\/wp\/v2\/media\/7706"}],"wp:attachment":[{"href":"https:\/\/butterfly-editions.com\/index.php\/wp-json\/wp\/v2\/media?parent=7705"}],"wp:term":[{"taxonomy":"product_brand","embeddable":true,"href":"https:\/\/butterfly-editions.com\/index.php\/wp-json\/wp\/v2\/product_brand?post=7705"},{"taxonomy":"product_cat","embeddable":true,"href":"https:\/\/butterfly-editions.com\/index.php\/wp-json\/wp\/v2\/product_cat?post=7705"},{"taxonomy":"product_tag","embeddable":true,"href":"https:\/\/butterfly-editions.com\/index.php\/wp-json\/wp\/v2\/product_tag?post=7705"}],"curies":[{"name":"wp","href":"https:\/\/api.w.org\/{rel}","templated":true}]}}