{"id":7626,"date":"2025-02-04T17:40:55","date_gmt":"2025-02-04T16:40:55","guid":{"rendered":"https:\/\/butterfly-editions.com\/?post_type=product&#038;p=7626"},"modified":"2025-07-25T14:03:47","modified_gmt":"2025-07-25T13:03:47","slug":"here-comes-the-sun-nina-leroy","status":"publish","type":"product","link":"https:\/\/butterfly-editions.com\/index.php\/produit\/here-comes-the-sun-nina-leroy\/","title":{"rendered":"Here comes the sun &#8211; Nina Leroy"},"content":{"rendered":"<p><strong><span class=\"a-text-bold\">Traumatis\u00e9e par la pire des trahisons, Alexia ne veut plus s\u2019attacher \u00e0 personne.<\/span><\/strong><\/p>\n<p><strong><span class=\"a-text-bold\">Son coll\u00e8gue, Maxence, semble s\u2019\u00eatre donn\u00e9 pour mission de lui redonner go\u00fbt \u00e0 la vie.<\/span><\/strong><\/p>\n<p>Apr\u00e8s avoir vu son existence r\u00e9duite en cendres, Alexia n\u2019a d\u2019autre choix que de tout reprendre \u00e0 z\u00e9ro. Entre nouveau logement et nouveau travail, la jeune femme doit tout recommencer, quitte \u00e0 renoncer \u00e0 sa vie r\u00eav\u00e9e.<\/p>\n<p>Solaire et attachant, Maxence se cache derri\u00e8re son sourire et sa bonne humeur. Quand il rencontre Alexia, il ressent chez elle une fragilit\u00e9 qui fait \u00e9cho en lui. Une fragilit\u00e9 qu\u2019il est d\u00e9termin\u00e9 \u00e0 comprendre.<\/p>\n<p><em><span class=\"a-text-italic\">Ensemble, ils vont devoir affronter la temp\u00eate et apprendre que le Soleil se cache toujours derri\u00e8re les nuages.<\/span><\/em><\/p>\n","protected":false},"excerpt":{"rendered":"<p>Traumatis\u00e9e par la pire des trahisons, Alexia ne veut plus s\u2019attacher \u00e0 personne. Son coll\u00e8gue, Maxence, semble s\u2019\u00eatre donn\u00e9 pour mission de lui redonner go\u00fbt \u00e0 la vie. Apr\u00e8s avoir vu son existence r\u00e9duite en cendres, Alexia n\u2019a d\u2019autre choix que de tout reprendre \u00e0 z\u00e9ro. Entre nouveau logement et nouveau travail, la jeune femme [&hellip;]<\/p>\n","protected":false},"featured_media":7627,"comment_status":"open","ping_status":"closed","template":"","meta":{"_acf_changed":false,"content-type":""},"product_brand":[],"product_cat":[59],"product_tag":[],"class_list":{"0":"post-7626","1":"product","2":"type-product","3":"status-publish","4":"has-post-thumbnail","6":"product_cat-non-classe","8":"first","9":"instock","10":"taxable","11":"shipping-taxable","12":"purchasable","13":"product-type-simple"},"acf":{"auteur":"","date_parution":null,"bestseller":false,"librairie":false},"aioseo_notices":[],"_links":{"self":[{"href":"https:\/\/butterfly-editions.com\/index.php\/wp-json\/wp\/v2\/product\/7626","targetHints":{"allow":["GET"]}}],"collection":[{"href":"https:\/\/butterfly-editions.com\/index.php\/wp-json\/wp\/v2\/product"}],"about":[{"href":"https:\/\/butterfly-editions.com\/index.php\/wp-json\/wp\/v2\/types\/product"}],"replies":[{"embeddable":true,"href":"https:\/\/butterfly-editions.com\/index.php\/wp-json\/wp\/v2\/comments?post=7626"}],"wp:featuredmedia":[{"embeddable":true,"href":"https:\/\/butterfly-editions.com\/index.php\/wp-json\/wp\/v2\/media\/7627"}],"wp:attachment":[{"href":"https:\/\/butterfly-editions.com\/index.php\/wp-json\/wp\/v2\/media?parent=7626"}],"wp:term":[{"taxonomy":"product_brand","embeddable":true,"href":"https:\/\/butterfly-editions.com\/index.php\/wp-json\/wp\/v2\/product_brand?post=7626"},{"taxonomy":"product_cat","embeddable":true,"href":"https:\/\/butterfly-editions.com\/index.php\/wp-json\/wp\/v2\/product_cat?post=7626"},{"taxonomy":"product_tag","embeddable":true,"href":"https:\/\/butterfly-editions.com\/index.php\/wp-json\/wp\/v2\/product_tag?post=7626"}],"curies":[{"name":"wp","href":"https:\/\/api.w.org\/{rel}","templated":true}]}}