{"id":7622,"date":"2025-02-04T17:33:35","date_gmt":"2025-02-04T16:33:35","guid":{"rendered":"https:\/\/butterfly-editions.com\/?post_type=product&#038;p=7622"},"modified":"2025-07-25T14:04:00","modified_gmt":"2025-07-25T13:04:00","slug":"la-femme-derriere-lobjectif-julia-teis","status":"publish","type":"product","link":"https:\/\/butterfly-editions.com\/index.php\/produit\/la-femme-derriere-lobjectif-julia-teis\/","title":{"rendered":"La femme derri\u00e8re l&rsquo;objectif &#8211; Julia Teis"},"content":{"rendered":"<p><strong><span class=\"a-text-bold\">Et si le photographe des<\/span><span class=\"a-text-bold a-text-italic\">\u00a0Dieux du stade<\/span><span class=\"a-text-bold\">\u00a0\u00e9tait une femme ?<\/span><\/strong><\/p>\n<p>Apr\u00e8s le d\u00e9c\u00e8s soudain de sa grand-m\u00e8re, Margaux, photographe de voyage solitaire, doit d\u00e9poser ses valises \u00e0 Paris pour quelques semaines. Lass\u00e9e de broyer du noir dans son appartement vieillot, seule avec un chat mal\u00e9fique, elle accepte une mission exceptionnelle pour une grande maison d\u2019\u00e9dition.<\/p>\n<p>Quel est le risque, apr\u00e8s tout ? La jeune femme ne s\u2019attendait juste pas \u00e0 devoir&#8230; photographier des rugbymen dans le plus simple appareil. Et ce n\u2019est pas sa rencontre avec un joueur de l\u2019\u00e9quipe, Kauri, son voisin de palier aussi charmant que troublant, qui va rendre la situation plus facile.<\/p>\n<p><em><span class=\"a-text-italic\">Margaux laissera-t-elle le s\u00e9duisant Australien percer les d\u00e9fenses autour de son c\u0153ur ?<\/span><\/em><\/p>\n","protected":false},"excerpt":{"rendered":"<p>Et si le photographe des\u00a0Dieux du stade\u00a0\u00e9tait une femme ? Apr\u00e8s le d\u00e9c\u00e8s soudain de sa grand-m\u00e8re, Margaux, photographe de voyage solitaire, doit d\u00e9poser ses valises \u00e0 Paris pour quelques semaines. Lass\u00e9e de broyer du noir dans son appartement vieillot, seule avec un chat mal\u00e9fique, elle accepte une mission exceptionnelle pour une grande maison d\u2019\u00e9dition. [&hellip;]<\/p>\n","protected":false},"featured_media":7624,"comment_status":"open","ping_status":"closed","template":"","meta":{"_acf_changed":false,"content-type":""},"product_brand":[],"product_cat":[59],"product_tag":[],"class_list":{"0":"post-7622","1":"product","2":"type-product","3":"status-publish","4":"has-post-thumbnail","6":"product_cat-non-classe","8":"first","9":"instock","10":"taxable","11":"shipping-taxable","12":"purchasable","13":"product-type-simple"},"acf":{"auteur":"","date_parution":null,"bestseller":false,"librairie":false},"aioseo_notices":[],"_links":{"self":[{"href":"https:\/\/butterfly-editions.com\/index.php\/wp-json\/wp\/v2\/product\/7622","targetHints":{"allow":["GET"]}}],"collection":[{"href":"https:\/\/butterfly-editions.com\/index.php\/wp-json\/wp\/v2\/product"}],"about":[{"href":"https:\/\/butterfly-editions.com\/index.php\/wp-json\/wp\/v2\/types\/product"}],"replies":[{"embeddable":true,"href":"https:\/\/butterfly-editions.com\/index.php\/wp-json\/wp\/v2\/comments?post=7622"}],"wp:featuredmedia":[{"embeddable":true,"href":"https:\/\/butterfly-editions.com\/index.php\/wp-json\/wp\/v2\/media\/7624"}],"wp:attachment":[{"href":"https:\/\/butterfly-editions.com\/index.php\/wp-json\/wp\/v2\/media?parent=7622"}],"wp:term":[{"taxonomy":"product_brand","embeddable":true,"href":"https:\/\/butterfly-editions.com\/index.php\/wp-json\/wp\/v2\/product_brand?post=7622"},{"taxonomy":"product_cat","embeddable":true,"href":"https:\/\/butterfly-editions.com\/index.php\/wp-json\/wp\/v2\/product_cat?post=7622"},{"taxonomy":"product_tag","embeddable":true,"href":"https:\/\/butterfly-editions.com\/index.php\/wp-json\/wp\/v2\/product_tag?post=7622"}],"curies":[{"name":"wp","href":"https:\/\/api.w.org\/{rel}","templated":true}]}}