{"id":7619,"date":"2025-02-04T17:27:03","date_gmt":"2025-02-04T16:27:03","guid":{"rendered":"https:\/\/butterfly-editions.com\/?post_type=product&#038;p=7619"},"modified":"2026-01-27T14:25:53","modified_gmt":"2026-01-27T13:25:53","slug":"irish-revival-mills-coleman","status":"publish","type":"product","link":"https:\/\/butterfly-editions.com\/index.php\/produit\/irish-revival-mills-coleman\/","title":{"rendered":"Irish Revival"},"content":{"rendered":"<div id=\"leftCol\">\n<div id=\"followTheAuthor_feature_div\" class=\"celwidget\" data-feature-name=\"followTheAuthor\" data-csa-c-type=\"widget\" data-csa-c-content-id=\"followTheAuthor\" data-csa-c-slot-id=\"followTheAuthor_feature_div\" data-csa-c-asin=\"\" data-csa-c-is-in-initial-active-row=\"false\" data-csa-c-id=\"p4sz5w-ud0ajy-nlmnrb-kw6bqe\" data-cel-widget=\"followTheAuthor_feature_div\">\n<div class=\"celwidget c-f\" data-csa-op-log-render=\"\" data-csa-c-content-id=\"DsUnknown\" data-csa-c-slot-id=\"DsUnknown-5\" data-csa-c-type=\"widget\" data-csa-c-painter=\"follow-the-author-card-cards\" data-csa-c-id=\"xqv1v5-3ho4ud-8bckb7-qjyh7h\" data-cel-widget=\"follow-the-author-card_DetailPage_4\">\n<div id=\"CardInstanceulhGQ535XOHl3k7-iD5z_g\" data-card-metrics-id=\"follow-the-author-card_DetailPage_4\" data-acp-tracking=\"{}\" data-mix-claimed=\"true\"><strong><span class=\"a-text-bold\">Et si, pour Emma, se marier \u00e9tait la pire id\u00e9e du si\u00e8cle ?<\/span><\/strong><\/div>\n<\/div>\n<\/div>\n<\/div>\n<div id=\"centerCol\" class=\"centerColumn \">\n<div id=\"bookDescription_feature_div\" class=\"celwidget\" data-feature-name=\"bookDescription\" data-csa-c-type=\"widget\" data-csa-c-content-id=\"bookDescription\" data-csa-c-slot-id=\"bookDescription_feature_div\" data-csa-c-asin=\"\" data-csa-c-is-in-initial-active-row=\"false\" data-csa-c-id=\"6rhir7-d6dp8a-hwj7yo-5gttzb\" data-cel-widget=\"bookDescription_feature_div\">\n<div class=\"a-expander-collapsed-height a-row a-expander-container a-spacing-base a-expander-partial-collapse-container\" data-a-expander-name=\"book_description_expander\" data-a-expander-collapsed-height=\"280\">\n<div class=\"a-expander-content a-expander-partial-collapse-content\" data-expanded=\"false\">\n<p>Le jour de son mariage, Emma panique. \u00c9pouser ce maudit Jeremy juste pour faire plaisir \u00e0 ses parents ? Tr\u00e8s peu pour elle ! Apr\u00e8s avoir pris ses jambes \u00e0 son cou, direction l&rsquo;a\u00e9roport pour partir l\u00e0 o\u00f9 personne ne la recherchera ! Quoi de mieux que l&rsquo;Irlande pour faire le point ? Et le premier Pub venu pour noyer ses doutes ? Seulement, elle ne s&rsquo;attendait pas \u00e0 y rencontrer Cain, un musicien aussi t\u00e9n\u00e9breux que sexy&#8230; Ils s&rsquo;attirent, se d\u00e9sirent, s&rsquo;aimantent. S&rsquo;ensuit une proposition inattendue de la part du jeune homme&#8230;<\/p>\n<p><em><span class=\"a-text-italic\">Finalement, l&rsquo;amour se cache peut-\u00eatre l\u00e0 on l&rsquo;on s&rsquo;y attend le moins&#8230;<\/span><\/em><\/p>\n<\/div>\n<\/div>\n<\/div>\n<\/div>\n","protected":false},"excerpt":{"rendered":"<p>Et si, pour Emma, se marier \u00e9tait la pire id\u00e9e du si\u00e8cle ? Le jour de son mariage, Emma panique. \u00c9pouser ce maudit Jeremy juste pour faire plaisir \u00e0 ses parents ? Tr\u00e8s peu pour elle ! Apr\u00e8s avoir pris ses jambes \u00e0 son cou, direction l&rsquo;a\u00e9roport pour partir l\u00e0 o\u00f9 personne ne la recherchera [&hellip;]<\/p>\n","protected":false},"featured_media":7620,"comment_status":"open","ping_status":"closed","template":"","meta":{"_acf_changed":false,"content-type":""},"product_brand":[],"product_cat":[461],"product_tag":[532,533],"class_list":{"0":"post-7619","1":"product","2":"type-product","3":"status-publish","4":"has-post-thumbnail","6":"product_cat-romance-contemporaine","7":"product_tag-ecosse","8":"product_tag-irlande","10":"first","11":"instock","12":"taxable","13":"shipping-taxable","14":"purchasable","15":"product-type-variable"},"acf":{"auteur":"Mills Coleman","date_parution":"20250212","bestseller":false,"librairie":false},"aioseo_notices":[],"_links":{"self":[{"href":"https:\/\/butterfly-editions.com\/index.php\/wp-json\/wp\/v2\/product\/7619","targetHints":{"allow":["GET"]}}],"collection":[{"href":"https:\/\/butterfly-editions.com\/index.php\/wp-json\/wp\/v2\/product"}],"about":[{"href":"https:\/\/butterfly-editions.com\/index.php\/wp-json\/wp\/v2\/types\/product"}],"replies":[{"embeddable":true,"href":"https:\/\/butterfly-editions.com\/index.php\/wp-json\/wp\/v2\/comments?post=7619"}],"wp:featuredmedia":[{"embeddable":true,"href":"https:\/\/butterfly-editions.com\/index.php\/wp-json\/wp\/v2\/media\/7620"}],"wp:attachment":[{"href":"https:\/\/butterfly-editions.com\/index.php\/wp-json\/wp\/v2\/media?parent=7619"}],"wp:term":[{"taxonomy":"product_brand","embeddable":true,"href":"https:\/\/butterfly-editions.com\/index.php\/wp-json\/wp\/v2\/product_brand?post=7619"},{"taxonomy":"product_cat","embeddable":true,"href":"https:\/\/butterfly-editions.com\/index.php\/wp-json\/wp\/v2\/product_cat?post=7619"},{"taxonomy":"product_tag","embeddable":true,"href":"https:\/\/butterfly-editions.com\/index.php\/wp-json\/wp\/v2\/product_tag?post=7619"}],"curies":[{"name":"wp","href":"https:\/\/api.w.org\/{rel}","templated":true}]}}