{"id":7532,"date":"2025-01-16T15:42:52","date_gmt":"2025-01-16T14:42:52","guid":{"rendered":"https:\/\/butterfly-editions.com\/?post_type=product&#038;p=7532"},"modified":"2026-01-27T15:28:28","modified_gmt":"2026-01-27T14:28:28","slug":"insondable-boss-vanessa-degardin-2025","status":"publish","type":"product","link":"https:\/\/butterfly-editions.com\/index.php\/produit\/insondable-boss-vanessa-degardin-2025\/","title":{"rendered":"Insondable Boss"},"content":{"rendered":"<p><strong><span class=\"a-text-bold\">Deux \u00e2mes \u00e9corch\u00e9es qui se percutent.<\/span><\/strong><\/p>\n<p><strong><span class=\"a-text-bold\">Lui, le boss insondable, sexy, imp\u00e9n\u00e9trable&#8230; et hautement impr\u00e9visible.<\/span><\/strong><\/p>\n<p><strong><span class=\"a-text-bold\">Elle, sur ses gardes, mais irr\u00e9m\u00e9diablement attir\u00e9e par sa noirceur.<\/span><\/strong><\/p>\n<p>Markus est froid, dur, intransigeant. Son lourd pass\u00e9 l&rsquo;a format\u00e9 pour ne rien laisser au hasard. Jusqu&rsquo;au choix de ses employ\u00e9s. Plus particuli\u00e8rement, cette petite nouvelle, Calixte, qui le perturbe bien plus qu&rsquo;il n&rsquo;est pr\u00eat \u00e0 l&rsquo;admettre.<\/p>\n<p>Habitu\u00e9 \u00e0 ce qu&rsquo;on l&rsquo;on respecte, qu&rsquo;on lui ob\u00e9isse, qu&rsquo;on le craigne, que sa parole ne soit jamais mise en doute, la jeune femme avance totalement \u00e0 contrecourant. Son nouveau hobby ? Le pousser dans ses pires retranchements.<\/p>\n<p>Une chose est s\u00fbre : elle est bien d\u00e9cid\u00e9e \u00e0 d\u00e9couvrir les secrets qui se cachent derri\u00e8re ce masque infranchissable.<\/p>\n<p><em><span class=\"a-text-italic\">Que la partie commence !<\/span><\/em><\/p>\n","protected":false},"excerpt":{"rendered":"<p>Deux \u00e2mes \u00e9corch\u00e9es qui se percutent. Lui, le boss insondable, sexy, imp\u00e9n\u00e9trable&#8230; et hautement impr\u00e9visible. Elle, sur ses gardes, mais irr\u00e9m\u00e9diablement attir\u00e9e par sa noirceur. Markus est froid, dur, intransigeant. Son lourd pass\u00e9 l&rsquo;a format\u00e9 pour ne rien laisser au hasard. Jusqu&rsquo;au choix de ses employ\u00e9s. Plus particuli\u00e8rement, cette petite nouvelle, Calixte, qui le perturbe [&hellip;]<\/p>\n","protected":false},"featured_media":7533,"comment_status":"open","ping_status":"closed","template":"","meta":{"_acf_changed":false,"content-type":""},"product_brand":[],"product_cat":[466],"product_tag":[],"class_list":{"0":"post-7532","1":"product","2":"type-product","3":"status-publish","4":"has-post-thumbnail","6":"product_cat-romance-sombre","8":"first","9":"instock","10":"taxable","11":"shipping-taxable","12":"purchasable","13":"product-type-variable"},"acf":{"auteur":"Vanessa Degardin","date_parution":"20250129","bestseller":false,"librairie":false},"aioseo_notices":[],"_links":{"self":[{"href":"https:\/\/butterfly-editions.com\/index.php\/wp-json\/wp\/v2\/product\/7532","targetHints":{"allow":["GET"]}}],"collection":[{"href":"https:\/\/butterfly-editions.com\/index.php\/wp-json\/wp\/v2\/product"}],"about":[{"href":"https:\/\/butterfly-editions.com\/index.php\/wp-json\/wp\/v2\/types\/product"}],"replies":[{"embeddable":true,"href":"https:\/\/butterfly-editions.com\/index.php\/wp-json\/wp\/v2\/comments?post=7532"}],"wp:featuredmedia":[{"embeddable":true,"href":"https:\/\/butterfly-editions.com\/index.php\/wp-json\/wp\/v2\/media\/7533"}],"wp:attachment":[{"href":"https:\/\/butterfly-editions.com\/index.php\/wp-json\/wp\/v2\/media?parent=7532"}],"wp:term":[{"taxonomy":"product_brand","embeddable":true,"href":"https:\/\/butterfly-editions.com\/index.php\/wp-json\/wp\/v2\/product_brand?post=7532"},{"taxonomy":"product_cat","embeddable":true,"href":"https:\/\/butterfly-editions.com\/index.php\/wp-json\/wp\/v2\/product_cat?post=7532"},{"taxonomy":"product_tag","embeddable":true,"href":"https:\/\/butterfly-editions.com\/index.php\/wp-json\/wp\/v2\/product_tag?post=7532"}],"curies":[{"name":"wp","href":"https:\/\/api.w.org\/{rel}","templated":true}]}}