{"id":7529,"date":"2025-01-16T15:38:05","date_gmt":"2025-01-16T14:38:05","guid":{"rendered":"https:\/\/butterfly-editions.com\/?post_type=product&#038;p=7529"},"modified":"2026-01-27T15:25:12","modified_gmt":"2026-01-27T14:25:12","slug":"bad-revenge-vanessa-degardin-2025","status":"publish","type":"product","link":"https:\/\/butterfly-editions.com\/index.php\/produit\/bad-revenge-vanessa-degardin-2025\/","title":{"rendered":"Bad Revenge"},"content":{"rendered":"<p><strong><span class=\"a-text-bold\">Il est son addiction&#8230;<\/span><\/strong><\/p>\n<p><strong><span class=\"a-text-bold\">Elle le r\u00e9concilie avec la vie&#8230;<\/span><\/strong><\/p>\n<p>Lila, lieutenant dans la police, retrouve la Corse, son \u00eele natale, qu&rsquo;elle a quitt\u00e9e dix ans plus t\u00f4t pour Paris. Elle ne pensait jamais devoir y revenir&#8230; jusqu\u2019\u00e0 l\u2019agression sexuelle de sa meilleure amie, Calixte, victime d\u2019un violeur en s\u00e9rie.<\/p>\n<p>D\u00e9p\u00each\u00e9e sur place pour l\u2019enqu\u00eate, elle est contrainte de collaborer avec un nouvel \u00e9quipier, Clovis. Si, au d\u00e9but, ils se d\u00e9testent, progressivement ce sentiment laisse place \u00e0 une attirance incontr\u00f4lable.<\/p>\n<p>Attention, le danger r\u00f4de et les victimes s\u2019accumulent&#8230;<\/p>\n<p><em><span class=\"a-text-italic\">Entre cette folle attraction et les nombreux secrets qui entourent Lila, sauront-ils garder la t\u00eate froide afin de trouver le coupable ?<\/span><\/em><\/p>\n","protected":false},"excerpt":{"rendered":"<p>Il est son addiction&#8230; Elle le r\u00e9concilie avec la vie&#8230; Lila, lieutenant dans la police, retrouve la Corse, son \u00eele natale, qu&rsquo;elle a quitt\u00e9e dix ans plus t\u00f4t pour Paris. Elle ne pensait jamais devoir y revenir&#8230; jusqu\u2019\u00e0 l\u2019agression sexuelle de sa meilleure amie, Calixte, victime d\u2019un violeur en s\u00e9rie. D\u00e9p\u00each\u00e9e sur place pour l\u2019enqu\u00eate, [&hellip;]<\/p>\n","protected":false},"featured_media":7531,"comment_status":"open","ping_status":"closed","template":"","meta":{"_acf_changed":false,"content-type":""},"product_brand":[],"product_cat":[466],"product_tag":[],"class_list":{"0":"post-7529","1":"product","2":"type-product","3":"status-publish","4":"has-post-thumbnail","6":"product_cat-romance-sombre","8":"first","9":"instock","10":"taxable","11":"shipping-taxable","12":"purchasable","13":"product-type-variable"},"acf":{"auteur":"Vanessa Degardin","date_parution":"20250129","bestseller":false,"librairie":false},"aioseo_notices":[],"_links":{"self":[{"href":"https:\/\/butterfly-editions.com\/index.php\/wp-json\/wp\/v2\/product\/7529","targetHints":{"allow":["GET"]}}],"collection":[{"href":"https:\/\/butterfly-editions.com\/index.php\/wp-json\/wp\/v2\/product"}],"about":[{"href":"https:\/\/butterfly-editions.com\/index.php\/wp-json\/wp\/v2\/types\/product"}],"replies":[{"embeddable":true,"href":"https:\/\/butterfly-editions.com\/index.php\/wp-json\/wp\/v2\/comments?post=7529"}],"wp:featuredmedia":[{"embeddable":true,"href":"https:\/\/butterfly-editions.com\/index.php\/wp-json\/wp\/v2\/media\/7531"}],"wp:attachment":[{"href":"https:\/\/butterfly-editions.com\/index.php\/wp-json\/wp\/v2\/media?parent=7529"}],"wp:term":[{"taxonomy":"product_brand","embeddable":true,"href":"https:\/\/butterfly-editions.com\/index.php\/wp-json\/wp\/v2\/product_brand?post=7529"},{"taxonomy":"product_cat","embeddable":true,"href":"https:\/\/butterfly-editions.com\/index.php\/wp-json\/wp\/v2\/product_cat?post=7529"},{"taxonomy":"product_tag","embeddable":true,"href":"https:\/\/butterfly-editions.com\/index.php\/wp-json\/wp\/v2\/product_tag?post=7529"}],"curies":[{"name":"wp","href":"https:\/\/api.w.org\/{rel}","templated":true}]}}