{"id":7525,"date":"2025-01-16T15:29:27","date_gmt":"2025-01-16T14:29:27","guid":{"rendered":"https:\/\/butterfly-editions.com\/?post_type=product&#038;p=7525"},"modified":"2025-07-25T14:06:02","modified_gmt":"2025-07-25T13:06:02","slug":"just-once-dana-roccia","status":"publish","type":"product","link":"https:\/\/butterfly-editions.com\/index.php\/produit\/just-once-dana-roccia\/","title":{"rendered":"Just Once &#8211; Dana Roccia"},"content":{"rendered":"<p><strong><span class=\"a-text-bold\">Me faire plaquer de la pire des mani\u00e8res une semaine avant un voyage de r\u00eave en amoureux \u00e0 Tokyo ?&#8230;\u00a0<\/span><span class=\"a-text-bold a-text-italic\">Fait !<\/span><\/strong><\/p>\n<p><strong><span class=\"a-text-bold\">Partir en solo ?\u00a0<\/span><span class=\"a-text-bold a-text-italic\">Fait !<\/span><\/strong><\/p>\n<p><strong><span class=\"a-text-bold\">Vouloir me venger en faisant passer mon voisin de vol, Matt\u00e9o, pour mon (faux) petit ami ? Je n\u2019en suis pas fi\u00e8re, mais&#8230;\u00a0<\/span><span class=\"a-text-bold a-text-italic\">fait !<\/span><\/strong><\/p>\n<p><span class=\"a-text-italic\">Le probl\u00e8me dans l\u2019\u00e9quation ?<\/span>\u00a0Je n\u2019avais pas pr\u00e9vu que cet homme t\u00e9n\u00e9breux serait, non seulement, aussi chiant que sexy, mais en plus mondialement connu.<\/p>\n<p>Je ne m\u2019attendais ni \u00e0 me laisser embarquer dans un jeu stupide, ni \u00e0 ce qu\u2019il devienne mon guide de voyage particulier en \u00e9change d\u2019un \u00e9trange\u00a0<span class=\"a-text-italic\">service&#8230;<\/span><\/p>\n<p>D\u00e9couvrez notre superbe p\u00e9riple au Japon. Il para\u00eet que mon acolyte cache de lourds secrets.<\/p>\n<p><em><span class=\"a-text-italic\">Je vous dis \u00e7a comme \u00e7a&#8230;<\/span><\/em><\/p>\n","protected":false},"excerpt":{"rendered":"<p>Me faire plaquer de la pire des mani\u00e8res une semaine avant un voyage de r\u00eave en amoureux \u00e0 Tokyo ?&#8230;\u00a0Fait ! Partir en solo ?\u00a0Fait ! Vouloir me venger en faisant passer mon voisin de vol, Matt\u00e9o, pour mon (faux) petit ami ? Je n\u2019en suis pas fi\u00e8re, mais&#8230;\u00a0fait ! Le probl\u00e8me dans l\u2019\u00e9quation ?\u00a0Je [&hellip;]<\/p>\n","protected":false},"featured_media":7526,"comment_status":"open","ping_status":"closed","template":"","meta":{"_acf_changed":false,"content-type":""},"product_brand":[],"product_cat":[59],"product_tag":[],"class_list":{"0":"post-7525","1":"product","2":"type-product","3":"status-publish","4":"has-post-thumbnail","6":"product_cat-non-classe","8":"first","9":"instock","10":"taxable","11":"shipping-taxable","12":"purchasable","13":"product-type-simple"},"acf":{"auteur":"","date_parution":null,"bestseller":false,"librairie":false},"aioseo_notices":[],"_links":{"self":[{"href":"https:\/\/butterfly-editions.com\/index.php\/wp-json\/wp\/v2\/product\/7525","targetHints":{"allow":["GET"]}}],"collection":[{"href":"https:\/\/butterfly-editions.com\/index.php\/wp-json\/wp\/v2\/product"}],"about":[{"href":"https:\/\/butterfly-editions.com\/index.php\/wp-json\/wp\/v2\/types\/product"}],"replies":[{"embeddable":true,"href":"https:\/\/butterfly-editions.com\/index.php\/wp-json\/wp\/v2\/comments?post=7525"}],"wp:featuredmedia":[{"embeddable":true,"href":"https:\/\/butterfly-editions.com\/index.php\/wp-json\/wp\/v2\/media\/7526"}],"wp:attachment":[{"href":"https:\/\/butterfly-editions.com\/index.php\/wp-json\/wp\/v2\/media?parent=7525"}],"wp:term":[{"taxonomy":"product_brand","embeddable":true,"href":"https:\/\/butterfly-editions.com\/index.php\/wp-json\/wp\/v2\/product_brand?post=7525"},{"taxonomy":"product_cat","embeddable":true,"href":"https:\/\/butterfly-editions.com\/index.php\/wp-json\/wp\/v2\/product_cat?post=7525"},{"taxonomy":"product_tag","embeddable":true,"href":"https:\/\/butterfly-editions.com\/index.php\/wp-json\/wp\/v2\/product_tag?post=7525"}],"curies":[{"name":"wp","href":"https:\/\/api.w.org\/{rel}","templated":true}]}}