{"id":7518,"date":"2025-01-16T15:19:19","date_gmt":"2025-01-16T14:19:19","guid":{"rendered":"https:\/\/butterfly-editions.com\/?post_type=product&#038;p=7518"},"modified":"2025-07-25T14:06:17","modified_gmt":"2025-07-25T13:06:17","slug":"love-at-london-celine-chaudey","status":"publish","type":"product","link":"https:\/\/butterfly-editions.com\/index.php\/produit\/love-at-london-celine-chaudey\/","title":{"rendered":"Love at London &#8211; C\u00e9line Chaudey"},"content":{"rendered":"<p><strong><span class=\"a-text-bold\">Une idylle aussi passionnelle que dangereuse&#8230;<\/span><\/strong><\/p>\n<p>Rien ne pr\u00e9disposait Claire, veuve, m\u00e8re de deux jeunes enfants, \u00e0 rencontrer Allan, un homme d&rsquo;affaires aussi sexy qu&rsquo;impr\u00e9visible&#8230;<\/p>\n<p>Entre eux, l&rsquo;attraction est imm\u00e9diate&#8230; \u00e9vidente&#8230; dangereuse&#8230; Les secrets, eux, restent les ma\u00eetres de cette partie o\u00f9 rien n&rsquo;est jou\u00e9 d&rsquo;avance&#8230; O\u00f9 tout peut basculer pour le meilleur comme pour le pire&#8230;<\/p>\n<p><em><span class=\"a-text-italic\">Sortiront-ils indemnes de cette passion d\u00e9vastatrice ?<\/span><\/em><\/p>\n","protected":false},"excerpt":{"rendered":"<p>Une idylle aussi passionnelle que dangereuse&#8230; Rien ne pr\u00e9disposait Claire, veuve, m\u00e8re de deux jeunes enfants, \u00e0 rencontrer Allan, un homme d&rsquo;affaires aussi sexy qu&rsquo;impr\u00e9visible&#8230; Entre eux, l&rsquo;attraction est imm\u00e9diate&#8230; \u00e9vidente&#8230; dangereuse&#8230; Les secrets, eux, restent les ma\u00eetres de cette partie o\u00f9 rien n&rsquo;est jou\u00e9 d&rsquo;avance&#8230; O\u00f9 tout peut basculer pour le meilleur comme pour [&hellip;]<\/p>\n","protected":false},"featured_media":7521,"comment_status":"open","ping_status":"closed","template":"","meta":{"_acf_changed":false,"content-type":""},"product_brand":[],"product_cat":[59],"product_tag":[],"class_list":{"0":"post-7518","1":"product","2":"type-product","3":"status-publish","4":"has-post-thumbnail","6":"product_cat-non-classe","8":"first","9":"instock","10":"taxable","11":"shipping-taxable","12":"purchasable","13":"product-type-simple"},"acf":{"auteur":"","date_parution":null,"bestseller":false,"librairie":false},"aioseo_notices":[],"_links":{"self":[{"href":"https:\/\/butterfly-editions.com\/index.php\/wp-json\/wp\/v2\/product\/7518","targetHints":{"allow":["GET"]}}],"collection":[{"href":"https:\/\/butterfly-editions.com\/index.php\/wp-json\/wp\/v2\/product"}],"about":[{"href":"https:\/\/butterfly-editions.com\/index.php\/wp-json\/wp\/v2\/types\/product"}],"replies":[{"embeddable":true,"href":"https:\/\/butterfly-editions.com\/index.php\/wp-json\/wp\/v2\/comments?post=7518"}],"wp:featuredmedia":[{"embeddable":true,"href":"https:\/\/butterfly-editions.com\/index.php\/wp-json\/wp\/v2\/media\/7521"}],"wp:attachment":[{"href":"https:\/\/butterfly-editions.com\/index.php\/wp-json\/wp\/v2\/media?parent=7518"}],"wp:term":[{"taxonomy":"product_brand","embeddable":true,"href":"https:\/\/butterfly-editions.com\/index.php\/wp-json\/wp\/v2\/product_brand?post=7518"},{"taxonomy":"product_cat","embeddable":true,"href":"https:\/\/butterfly-editions.com\/index.php\/wp-json\/wp\/v2\/product_cat?post=7518"},{"taxonomy":"product_tag","embeddable":true,"href":"https:\/\/butterfly-editions.com\/index.php\/wp-json\/wp\/v2\/product_tag?post=7518"}],"curies":[{"name":"wp","href":"https:\/\/api.w.org\/{rel}","templated":true}]}}