{"id":7515,"date":"2025-01-16T15:11:41","date_gmt":"2025-01-16T14:11:41","guid":{"rendered":"https:\/\/butterfly-editions.com\/?post_type=product&#038;p=7515"},"modified":"2025-07-25T14:06:25","modified_gmt":"2025-07-25T13:06:25","slug":"love-at-new-york-celine-chaudey","status":"publish","type":"product","link":"https:\/\/butterfly-editions.com\/index.php\/produit\/love-at-new-york-celine-chaudey\/","title":{"rendered":"Love at New York &#8211; C\u00e9line Chaudey"},"content":{"rendered":"<p><strong><span class=\"a-text-bold\">Ce qu\u2019il se passe \u00e0 New York reste \u00e0 New York&#8230;<\/span><\/strong><\/p>\n<p>En allant retrouver sa meilleure amie aux \u00c9tats-Unis, Anna ne s\u2019attendait pas \u00e0 tomber sur James, un m\u00e9decin aussi s\u00e9duisant qu\u2019interdit&#8230;<\/p>\n<p>Entre eux l\u2019attirance est imm\u00e9diate, puissante, d\u00e9vorante. Un\u00a0<span class=\"a-text-italic\">deal<\/span>\u00a0ne serait-il pas la solution \u00e0 leur probl\u00e8me ?<\/p>\n<p>Deux semaines pour c\u00e9der au d\u00e9sir qui les consume, sans sentiments aucun, puis ils retourneront chacun \u00e0 leur vie. Sans se retourner&#8230;<\/p>\n<p><em><span class=\"a-text-italic\">Attention \u00e0 ne pas se br\u00fbler les ailes&#8230;<\/span><\/em><\/p>\n","protected":false},"excerpt":{"rendered":"<p>Ce qu\u2019il se passe \u00e0 New York reste \u00e0 New York&#8230; En allant retrouver sa meilleure amie aux \u00c9tats-Unis, Anna ne s\u2019attendait pas \u00e0 tomber sur James, un m\u00e9decin aussi s\u00e9duisant qu\u2019interdit&#8230; Entre eux l\u2019attirance est imm\u00e9diate, puissante, d\u00e9vorante. Un\u00a0deal\u00a0ne serait-il pas la solution \u00e0 leur probl\u00e8me ? Deux semaines pour c\u00e9der au d\u00e9sir qui [&hellip;]<\/p>\n","protected":false},"featured_media":7516,"comment_status":"open","ping_status":"closed","template":"","meta":{"_acf_changed":false,"content-type":""},"product_brand":[],"product_cat":[59],"product_tag":[],"class_list":{"0":"post-7515","1":"product","2":"type-product","3":"status-publish","4":"has-post-thumbnail","6":"product_cat-non-classe","8":"first","9":"instock","10":"taxable","11":"shipping-taxable","12":"purchasable","13":"product-type-simple"},"acf":{"auteur":"","date_parution":null,"bestseller":false,"librairie":false},"aioseo_notices":[],"_links":{"self":[{"href":"https:\/\/butterfly-editions.com\/index.php\/wp-json\/wp\/v2\/product\/7515","targetHints":{"allow":["GET"]}}],"collection":[{"href":"https:\/\/butterfly-editions.com\/index.php\/wp-json\/wp\/v2\/product"}],"about":[{"href":"https:\/\/butterfly-editions.com\/index.php\/wp-json\/wp\/v2\/types\/product"}],"replies":[{"embeddable":true,"href":"https:\/\/butterfly-editions.com\/index.php\/wp-json\/wp\/v2\/comments?post=7515"}],"wp:featuredmedia":[{"embeddable":true,"href":"https:\/\/butterfly-editions.com\/index.php\/wp-json\/wp\/v2\/media\/7516"}],"wp:attachment":[{"href":"https:\/\/butterfly-editions.com\/index.php\/wp-json\/wp\/v2\/media?parent=7515"}],"wp:term":[{"taxonomy":"product_brand","embeddable":true,"href":"https:\/\/butterfly-editions.com\/index.php\/wp-json\/wp\/v2\/product_brand?post=7515"},{"taxonomy":"product_cat","embeddable":true,"href":"https:\/\/butterfly-editions.com\/index.php\/wp-json\/wp\/v2\/product_cat?post=7515"},{"taxonomy":"product_tag","embeddable":true,"href":"https:\/\/butterfly-editions.com\/index.php\/wp-json\/wp\/v2\/product_tag?post=7515"}],"curies":[{"name":"wp","href":"https:\/\/api.w.org\/{rel}","templated":true}]}}