{"id":7448,"date":"2025-01-03T17:23:24","date_gmt":"2025-01-03T16:23:24","guid":{"rendered":"https:\/\/butterfly-editions.com\/?post_type=product&#038;p=7448"},"modified":"2025-01-03T17:23:25","modified_gmt":"2025-01-03T16:23:25","slug":"dangerous-love-emilia-robinst","status":"publish","type":"product","link":"https:\/\/butterfly-editions.com\/index.php\/produit\/dangerous-love-emilia-robinst\/","title":{"rendered":"Dangerous Love &#8211; Emilia Robinst"},"content":{"rendered":"<p><strong><span class=\"a-text-bold a-text-italic\">\u00ab Roi du ring, il pourrait bien se retrouver K.O. \u00bb<\/span><\/strong><\/p>\n<p>Lorsque Cassey et April se retrouvent s\u00e9par\u00e9s \u00e0 seulement dix-sept ans, rien ne les destinait \u00e0 se retrouver, et encore moins \u00e0 San Diego.<\/p>\n<p>Apr\u00e8s plusieurs ann\u00e9es au pied du podium, Cassey Lincoln, \u00e9toile montante de la ligue\u00a0<span class=\"a-text-italic\">Underground<\/span>, est bien d\u00e9cid\u00e9, cet \u00e9t\u00e9, \u00e0 remporter tous ses combats de\u00a0<span class=\"a-text-italic\">free-fight<\/span>\u00a0pour partir en tourn\u00e9e nationale et ainsi, conqu\u00e9rir l\u2019illustre titre de\u00a0<span class=\"a-text-italic\">Legender<\/span>.<\/p>\n<p>Malheureusement, le retour inopin\u00e9 de la belle et d\u00e9sirable April Saint-John dans sa vie annonce quelques uppercuts, aussi bien au mental qu\u2019au physique ; d\u2019autant plus qu\u2019elle ne ressurgit pas seule&#8230;<\/p>\n<p>Entre passion, souvenirs, incertitude et chantage, les jeux de l\u2019Amour n\u2019auront jamais \u00e9t\u00e9 aussi dangereux.<\/p>\n<p><em><span class=\"a-text-italic\">Certaines sc\u00e8nes peuvent heurter la sensibilit\u00e9.<\/span><\/em><\/p>\n","protected":false},"excerpt":{"rendered":"<p>\u00ab Roi du ring, il pourrait bien se retrouver K.O. \u00bb Lorsque Cassey et April se retrouvent s\u00e9par\u00e9s \u00e0 seulement dix-sept ans, rien ne les destinait \u00e0 se retrouver, et encore moins \u00e0 San Diego. Apr\u00e8s plusieurs ann\u00e9es au pied du podium, Cassey Lincoln, \u00e9toile montante de la ligue\u00a0Underground, est bien d\u00e9cid\u00e9, cet \u00e9t\u00e9, \u00e0 [&hellip;]<\/p>\n","protected":false},"featured_media":7449,"comment_status":"open","ping_status":"closed","template":"","meta":{"_acf_changed":false,"content-type":""},"product_brand":[],"product_cat":[59],"product_tag":[],"class_list":{"0":"post-7448","1":"product","2":"type-product","3":"status-publish","4":"has-post-thumbnail","6":"product_cat-non-classe","8":"first","9":"instock","10":"taxable","11":"shipping-taxable","12":"purchasable","13":"product-type-simple"},"acf":{"auteur":"","date_parution":null,"bestseller":false,"librairie":false},"aioseo_notices":[],"_links":{"self":[{"href":"https:\/\/butterfly-editions.com\/index.php\/wp-json\/wp\/v2\/product\/7448","targetHints":{"allow":["GET"]}}],"collection":[{"href":"https:\/\/butterfly-editions.com\/index.php\/wp-json\/wp\/v2\/product"}],"about":[{"href":"https:\/\/butterfly-editions.com\/index.php\/wp-json\/wp\/v2\/types\/product"}],"replies":[{"embeddable":true,"href":"https:\/\/butterfly-editions.com\/index.php\/wp-json\/wp\/v2\/comments?post=7448"}],"wp:featuredmedia":[{"embeddable":true,"href":"https:\/\/butterfly-editions.com\/index.php\/wp-json\/wp\/v2\/media\/7449"}],"wp:attachment":[{"href":"https:\/\/butterfly-editions.com\/index.php\/wp-json\/wp\/v2\/media?parent=7448"}],"wp:term":[{"taxonomy":"product_brand","embeddable":true,"href":"https:\/\/butterfly-editions.com\/index.php\/wp-json\/wp\/v2\/product_brand?post=7448"},{"taxonomy":"product_cat","embeddable":true,"href":"https:\/\/butterfly-editions.com\/index.php\/wp-json\/wp\/v2\/product_cat?post=7448"},{"taxonomy":"product_tag","embeddable":true,"href":"https:\/\/butterfly-editions.com\/index.php\/wp-json\/wp\/v2\/product_tag?post=7448"}],"curies":[{"name":"wp","href":"https:\/\/api.w.org\/{rel}","templated":true}]}}