{"id":7445,"date":"2025-01-03T17:13:26","date_gmt":"2025-01-03T16:13:26","guid":{"rendered":"https:\/\/butterfly-editions.com\/?post_type=product&#038;p=7445"},"modified":"2026-01-29T11:59:07","modified_gmt":"2026-01-29T10:59:07","slug":"illegal-wedding-with-my-teacher-2025-lila-collins","status":"publish","type":"product","link":"https:\/\/butterfly-editions.com\/index.php\/produit\/illegal-wedding-with-my-teacher-2025-lila-collins\/","title":{"rendered":"Illegal Wedding With My Teacher"},"content":{"rendered":"<p><strong><span class=\"a-text-bold\">Une montagne de shots \u00e0 Las Vegas.<br \/>\nUn mariage dont elle ne souvient pas&#8230;<br \/>\n&#8230; avec un inconnu qui n&rsquo;est autre que son futur prof !<\/span><\/strong><\/p>\n<p>Fausses cartes d&rsquo;identit\u00e9 en poche, June et ses amies partent f\u00eater leurs dix-sept ans \u00e0 Las Vegas. Tandis que ses copines s&rsquo;\u00e9clatent au Casino, June partage de nombreux shots de tequila avec Joshua, un inconnu divinement sexy.<\/p>\n<p>Puis, c&rsquo;est le\u00a0<span class=\"a-text-italic\"><em>black-out<\/em>\u00a0<\/span>total.<\/p>\n<p>Le lendemain, ils se r\u00e9veillent dans le m\u00eame lit, une alliance au doigt. Une chose est s\u00fbre : ce mariage doit \u00eatre annul\u00e9 au plus vite. D&rsquo;une, la famille de June ne supportera pas cette folie de trop. De deux, Joshua&#8230; ne. peut. pas. se. MARIER !<\/p>\n<p>Ce qu&rsquo;ils ne savent pas encore, c&rsquo;est que les ennuis ne font que commencer&#8230; car Joshua n&rsquo;est autre que le futur prof de June&#8230;<\/p>\n<p><em><span class=\"a-text-italic\">Et si le plus br\u00fblant des interdits devenait leur \u00e9vidence ?<\/span><\/em><\/p>\n","protected":false},"excerpt":{"rendered":"<p>Une montagne de shots \u00e0 Las Vegas. Un mariage dont elle ne souvient pas&#8230; &#8230; avec un inconnu qui n&rsquo;est autre que son futur prof ! Fausses cartes d&rsquo;identit\u00e9 en poche, June et ses amies partent f\u00eater leurs dix-sept ans \u00e0 Las Vegas. Tandis que ses copines s&rsquo;\u00e9clatent au Casino, June partage de nombreux shots [&hellip;]<\/p>\n","protected":false},"featured_media":7446,"comment_status":"open","ping_status":"closed","template":"","meta":{"_acf_changed":false,"content-type":""},"product_brand":[],"product_cat":[461],"product_tag":[],"class_list":{"0":"post-7445","1":"product","2":"type-product","3":"status-publish","4":"has-post-thumbnail","6":"product_cat-romance-contemporaine","8":"first","9":"instock","10":"taxable","11":"shipping-taxable","12":"purchasable","13":"product-type-variable"},"acf":{"auteur":"Lila Collins","date_parution":"20250212","bestseller":true,"librairie":false},"aioseo_notices":[],"_links":{"self":[{"href":"https:\/\/butterfly-editions.com\/index.php\/wp-json\/wp\/v2\/product\/7445","targetHints":{"allow":["GET"]}}],"collection":[{"href":"https:\/\/butterfly-editions.com\/index.php\/wp-json\/wp\/v2\/product"}],"about":[{"href":"https:\/\/butterfly-editions.com\/index.php\/wp-json\/wp\/v2\/types\/product"}],"replies":[{"embeddable":true,"href":"https:\/\/butterfly-editions.com\/index.php\/wp-json\/wp\/v2\/comments?post=7445"}],"wp:featuredmedia":[{"embeddable":true,"href":"https:\/\/butterfly-editions.com\/index.php\/wp-json\/wp\/v2\/media\/7446"}],"wp:attachment":[{"href":"https:\/\/butterfly-editions.com\/index.php\/wp-json\/wp\/v2\/media?parent=7445"}],"wp:term":[{"taxonomy":"product_brand","embeddable":true,"href":"https:\/\/butterfly-editions.com\/index.php\/wp-json\/wp\/v2\/product_brand?post=7445"},{"taxonomy":"product_cat","embeddable":true,"href":"https:\/\/butterfly-editions.com\/index.php\/wp-json\/wp\/v2\/product_cat?post=7445"},{"taxonomy":"product_tag","embeddable":true,"href":"https:\/\/butterfly-editions.com\/index.php\/wp-json\/wp\/v2\/product_tag?post=7445"}],"curies":[{"name":"wp","href":"https:\/\/api.w.org\/{rel}","templated":true}]}}