{"id":7443,"date":"2025-01-03T17:08:43","date_gmt":"2025-01-03T16:08:43","guid":{"rendered":"https:\/\/butterfly-editions.com\/?post_type=product&#038;p=7443"},"modified":"2025-07-25T14:07:19","modified_gmt":"2025-07-25T13:07:19","slug":"sous-protection-alex-dascot","status":"publish","type":"product","link":"https:\/\/butterfly-editions.com\/index.php\/produit\/sous-protection-alex-dascot\/","title":{"rendered":"Sous protection &#8211; Alex Dascot"},"content":{"rendered":"<p><strong>Quand un acteur sexy, dont la carri\u00e8re s&rsquo;essouffle, engage un bodyguard myst\u00e9rieux et<\/strong><br \/>\n<strong>impassible, la cohabitation s&rsquo;annonce&#8230; \u00e9lectrique.<\/strong><br \/>\n<strong>Une menace dangereuse les pousse \u00e0 collaborer\u2026 pour le meilleur et pour le pire.<\/strong><\/p>\n<p>Nick Orsini, un acteur en bout de souffle, s\u2019appr\u00eate \u00e0 commencer un tournage.<br \/>\nMalheureusement, ce projet est repouss\u00e9 en raison d\u2019une s\u00e9rie de menaces dirig\u00e9es contre<br \/>\nlui.<br \/>\nPour d\u00e9masquer son harceleur, Nick est pr\u00eat \u00e0 tout, y compris \u00e0 quitter temporairement<br \/>\nParis et \u00e0 jouer les app\u00e2ts. Si pour cela, il doit engager un garde du corps, il le fera.<br \/>\nApr\u00e8s une mission qui a mal tourn\u00e9, Sam s\u2019est jur\u00e9 de ne plus prot\u00e9ger de VIP. Toutefois, les<br \/>\nfrais m\u00e9dicaux \u00e9lev\u00e9s de son p\u00e8re l\u2019obligent \u00e0 changer d\u2019avis et \u00e0 accepter de prot\u00e9ger Nick.<br \/>\nTous deux se retirent alors dans la villa de Saint-Jean-Cap-Ferrat de l\u2019acteur. Pour dissiper les<br \/>\nsoup\u00e7ons du harceleur, Sam se fait passer pour son petit ami.<br \/>\nCette cohabitation forc\u00e9e entre un s\u00e9ducteur inv\u00e9t\u00e9r\u00e9 et un garde du corps aux principes<br \/>\nstricts s\u2019annonce des plus explosives.<\/p>\n<p><em>Surtout quand le danger augmente\u2026 mena\u00e7ant de tout faire exploser sur son passage.<\/em><\/p>\n","protected":false},"excerpt":{"rendered":"<p>Quand un acteur sexy, dont la carri\u00e8re s&rsquo;essouffle, engage un bodyguard myst\u00e9rieux et impassible, la cohabitation s&rsquo;annonce&#8230; \u00e9lectrique. Une menace dangereuse les pousse \u00e0 collaborer\u2026 pour le meilleur et pour le pire. Nick Orsini, un acteur en bout de souffle, s\u2019appr\u00eate \u00e0 commencer un tournage. Malheureusement, ce projet est repouss\u00e9 en raison d\u2019une s\u00e9rie de [&hellip;]<\/p>\n","protected":false},"featured_media":7444,"comment_status":"open","ping_status":"closed","template":"","meta":{"_acf_changed":false,"content-type":""},"product_brand":[],"product_cat":[59],"product_tag":[],"class_list":{"0":"post-7443","1":"product","2":"type-product","3":"status-publish","4":"has-post-thumbnail","6":"product_cat-non-classe","8":"first","9":"instock","10":"taxable","11":"shipping-taxable","12":"purchasable","13":"product-type-simple"},"acf":{"auteur":"","date_parution":null,"bestseller":false,"librairie":false},"aioseo_notices":[],"_links":{"self":[{"href":"https:\/\/butterfly-editions.com\/index.php\/wp-json\/wp\/v2\/product\/7443","targetHints":{"allow":["GET"]}}],"collection":[{"href":"https:\/\/butterfly-editions.com\/index.php\/wp-json\/wp\/v2\/product"}],"about":[{"href":"https:\/\/butterfly-editions.com\/index.php\/wp-json\/wp\/v2\/types\/product"}],"replies":[{"embeddable":true,"href":"https:\/\/butterfly-editions.com\/index.php\/wp-json\/wp\/v2\/comments?post=7443"}],"wp:featuredmedia":[{"embeddable":true,"href":"https:\/\/butterfly-editions.com\/index.php\/wp-json\/wp\/v2\/media\/7444"}],"wp:attachment":[{"href":"https:\/\/butterfly-editions.com\/index.php\/wp-json\/wp\/v2\/media?parent=7443"}],"wp:term":[{"taxonomy":"product_brand","embeddable":true,"href":"https:\/\/butterfly-editions.com\/index.php\/wp-json\/wp\/v2\/product_brand?post=7443"},{"taxonomy":"product_cat","embeddable":true,"href":"https:\/\/butterfly-editions.com\/index.php\/wp-json\/wp\/v2\/product_cat?post=7443"},{"taxonomy":"product_tag","embeddable":true,"href":"https:\/\/butterfly-editions.com\/index.php\/wp-json\/wp\/v2\/product_tag?post=7443"}],"curies":[{"name":"wp","href":"https:\/\/api.w.org\/{rel}","templated":true}]}}