{"id":7417,"date":"2024-12-23T14:47:07","date_gmt":"2024-12-23T13:47:07","guid":{"rendered":"https:\/\/butterfly-editions.com\/?post_type=product&#038;p=7417"},"modified":"2024-12-23T14:47:08","modified_gmt":"2024-12-23T13:47:08","slug":"mi-dulce-captor-caroline-sauvage","status":"publish","type":"product","link":"https:\/\/butterfly-editions.com\/index.php\/produit\/mi-dulce-captor-caroline-sauvage\/","title":{"rendered":"Mi dulce captor &#8211; Caroline Sauvage"},"content":{"rendered":"<p><strong><span class=\"a-text-bold\">C\u2019est un tueur en s\u00e9rie. Elle est sa proie.<\/span><\/strong><\/p>\n<p>Liam Jones, alias\u00a0<span class=\"a-text-italic\">le d\u00e9membreur<\/span>, s\u00e9vit depuis huit ans et n\u2019a pas moins de quarante-deux assassinats \u00e0 son actif. Certains le disent psychopathe, lui&#8230; pr\u00e9f\u00e8re le terme de justicier. Il ne s\u2019attaque qu\u2019\u00e0 des meurtriers, violeurs passant entre les mailles des filets de la justice.<\/p>\n<p>Obs\u00e9d\u00e9 depuis ses quatorze ans par Maya, sa s\u0153ur adoptive, aujourd\u2019hui, il a enfin l\u2019occasion de lui offrir une cage dor\u00e9e.<\/p>\n<p>Maya, bris\u00e9e par un lourd pass\u00e9 et ayant oubli\u00e9 une partie de son enfance, ignore pourquoi apr\u00e8s avoir \u00e9t\u00e9 sauv\u00e9e, elle se retrouve enferm\u00e9e dans sa cave.<\/p>\n<p>Craintive, rebelle, elle va se laisser peu \u00e0 peu attendrir par cet homme \u00e0 la fois autoritaire et pr\u00e9venant.<\/p>\n<p>Mais peut-on tomber amoureuse d\u2019un\u00a0<span class=\"a-text-italic\">serial killer<\/span>\u00a0?<\/p>\n","protected":false},"excerpt":{"rendered":"<p>C\u2019est un tueur en s\u00e9rie. Elle est sa proie. Liam Jones, alias\u00a0le d\u00e9membreur, s\u00e9vit depuis huit ans et n\u2019a pas moins de quarante-deux assassinats \u00e0 son actif. Certains le disent psychopathe, lui&#8230; pr\u00e9f\u00e8re le terme de justicier. Il ne s\u2019attaque qu\u2019\u00e0 des meurtriers, violeurs passant entre les mailles des filets de la justice. Obs\u00e9d\u00e9 depuis [&hellip;]<\/p>\n","protected":false},"featured_media":7419,"comment_status":"open","ping_status":"closed","template":"","meta":{"_acf_changed":false,"content-type":""},"product_brand":[],"product_cat":[59],"product_tag":[],"class_list":{"0":"post-7417","1":"product","2":"type-product","3":"status-publish","4":"has-post-thumbnail","6":"product_cat-non-classe","8":"first","9":"instock","10":"taxable","11":"shipping-taxable","12":"purchasable","13":"product-type-simple"},"acf":{"auteur":"","date_parution":null,"bestseller":false,"librairie":false},"aioseo_notices":[],"_links":{"self":[{"href":"https:\/\/butterfly-editions.com\/index.php\/wp-json\/wp\/v2\/product\/7417","targetHints":{"allow":["GET"]}}],"collection":[{"href":"https:\/\/butterfly-editions.com\/index.php\/wp-json\/wp\/v2\/product"}],"about":[{"href":"https:\/\/butterfly-editions.com\/index.php\/wp-json\/wp\/v2\/types\/product"}],"replies":[{"embeddable":true,"href":"https:\/\/butterfly-editions.com\/index.php\/wp-json\/wp\/v2\/comments?post=7417"}],"wp:featuredmedia":[{"embeddable":true,"href":"https:\/\/butterfly-editions.com\/index.php\/wp-json\/wp\/v2\/media\/7419"}],"wp:attachment":[{"href":"https:\/\/butterfly-editions.com\/index.php\/wp-json\/wp\/v2\/media?parent=7417"}],"wp:term":[{"taxonomy":"product_brand","embeddable":true,"href":"https:\/\/butterfly-editions.com\/index.php\/wp-json\/wp\/v2\/product_brand?post=7417"},{"taxonomy":"product_cat","embeddable":true,"href":"https:\/\/butterfly-editions.com\/index.php\/wp-json\/wp\/v2\/product_cat?post=7417"},{"taxonomy":"product_tag","embeddable":true,"href":"https:\/\/butterfly-editions.com\/index.php\/wp-json\/wp\/v2\/product_tag?post=7417"}],"curies":[{"name":"wp","href":"https:\/\/api.w.org\/{rel}","templated":true}]}}