{"id":7327,"date":"2024-11-19T17:09:40","date_gmt":"2024-11-19T16:09:40","guid":{"rendered":"https:\/\/butterfly-editions.com\/?post_type=product&#038;p=7327"},"modified":"2024-11-19T17:09:40","modified_gmt":"2024-11-19T16:09:40","slug":"the-christmas-time-and-mojitos-mila-marelli","status":"publish","type":"product","link":"https:\/\/butterfly-editions.com\/index.php\/produit\/the-christmas-time-and-mojitos-mila-marelli\/","title":{"rendered":"The Christmas Time and Mojitos &#8211; Mila Marelli"},"content":{"rendered":"<p><strong><span class=\"a-text-bold\">\u00catre forc\u00e9e de partager une semaine dans un chalet avec un repris de justice ?\u00a0<\/span><span class=\"a-text-italic\">Pas le choix&#8230;<\/span><\/strong><\/p>\n<p><strong><span class=\"a-text-bold\">Ressentir une attirance pour lui ?<\/span>\u00a0<span class=\"a-text-italic\">Je plaide coupable&#8230;<\/span><\/strong><\/p>\n<p>La p\u00e9riode de No\u00ebl a toujours \u00e9t\u00e9 une v\u00e9ritable torture pour moi, et cette ann\u00e9e, je compte bien changer la donne.<\/p>\n<p>Fra\u00eechement s\u00e9par\u00e9e, je pars me ressourcer avec des amis \u00e0 Courchevel pour oublier mon quotidien et mes soucis. \u00c7a, c\u2019\u00e9tait le programme d\u2019origine.<\/p>\n<p>Ryan, ex-d\u00e9tenu et accessoirement le fr\u00e8re de mon ami, s\u2019est incrust\u00e9 dans notre chalet. Quelle joie, quel bonheur de pouvoir passer du bon temps avec le sosie de Michael Scofield, le h\u00e9ros de\u00a0<span class=\"a-text-italic\">Prison Break<\/span>\u00a0! Aussi arrogant qu\u2019imbuvable, il est tout simplement infect, mais sexy&#8230;<\/p>\n<p><em>Alors, que les vacances commencent !<\/em><\/p>\n","protected":false},"excerpt":{"rendered":"<p>\u00catre forc\u00e9e de partager une semaine dans un chalet avec un repris de justice ?\u00a0Pas le choix&#8230; Ressentir une attirance pour lui ?\u00a0Je plaide coupable&#8230; La p\u00e9riode de No\u00ebl a toujours \u00e9t\u00e9 une v\u00e9ritable torture pour moi, et cette ann\u00e9e, je compte bien changer la donne. Fra\u00eechement s\u00e9par\u00e9e, je pars me ressourcer avec des amis [&hellip;]<\/p>\n","protected":false},"featured_media":7328,"comment_status":"open","ping_status":"closed","template":"","meta":{"_acf_changed":false,"content-type":""},"product_brand":[],"product_cat":[59],"product_tag":[],"class_list":{"0":"post-7327","1":"product","2":"type-product","3":"status-publish","4":"has-post-thumbnail","6":"product_cat-non-classe","8":"first","9":"instock","10":"taxable","11":"shipping-taxable","12":"purchasable","13":"product-type-simple"},"acf":{"auteur":"","date_parution":null,"bestseller":false,"librairie":false},"aioseo_notices":[],"_links":{"self":[{"href":"https:\/\/butterfly-editions.com\/index.php\/wp-json\/wp\/v2\/product\/7327","targetHints":{"allow":["GET"]}}],"collection":[{"href":"https:\/\/butterfly-editions.com\/index.php\/wp-json\/wp\/v2\/product"}],"about":[{"href":"https:\/\/butterfly-editions.com\/index.php\/wp-json\/wp\/v2\/types\/product"}],"replies":[{"embeddable":true,"href":"https:\/\/butterfly-editions.com\/index.php\/wp-json\/wp\/v2\/comments?post=7327"}],"wp:featuredmedia":[{"embeddable":true,"href":"https:\/\/butterfly-editions.com\/index.php\/wp-json\/wp\/v2\/media\/7328"}],"wp:attachment":[{"href":"https:\/\/butterfly-editions.com\/index.php\/wp-json\/wp\/v2\/media?parent=7327"}],"wp:term":[{"taxonomy":"product_brand","embeddable":true,"href":"https:\/\/butterfly-editions.com\/index.php\/wp-json\/wp\/v2\/product_brand?post=7327"},{"taxonomy":"product_cat","embeddable":true,"href":"https:\/\/butterfly-editions.com\/index.php\/wp-json\/wp\/v2\/product_cat?post=7327"},{"taxonomy":"product_tag","embeddable":true,"href":"https:\/\/butterfly-editions.com\/index.php\/wp-json\/wp\/v2\/product_tag?post=7327"}],"curies":[{"name":"wp","href":"https:\/\/api.w.org\/{rel}","templated":true}]}}