{"id":7323,"date":"2024-11-19T17:03:25","date_gmt":"2024-11-19T16:03:25","guid":{"rendered":"https:\/\/butterfly-editions.com\/?post_type=product&#038;p=7323"},"modified":"2024-11-19T17:03:25","modified_gmt":"2024-11-19T16:03:25","slug":"un-noel-pour-noelie-lea-collins-broche","status":"publish","type":"product","link":"https:\/\/butterfly-editions.com\/index.php\/produit\/un-noel-pour-noelie-lea-collins-broche\/","title":{"rendered":"Un No\u00ebl pour No\u00eblie &#8211; L\u00e9a Collins &#8211; broch\u00e9"},"content":{"rendered":"<p><strong><span class=\"a-text-bold\">No\u00eblie d\u00e9teste No\u00ebl.<\/span><\/strong><\/p>\n<p><strong><span class=\"a-text-bold\">Une for\u00eat magique, un village alsacien traditionnel, et surtout, un myst\u00e9rieux inconnu pourraient la faire changer d\u2019avis.<\/span><\/strong><\/p>\n<p>Certaines ann\u00e9es sont plus difficiles que d\u2019autres. No\u00eblie, brillante v\u00e9t\u00e9rinaire au bord du\u00a0<span class=\"a-text-italic\">burn out<\/span>, en a fait l\u2019amer constat. Pour la sauver des griffes d\u2019une d\u00e9pression qui s\u2019annonce carabin\u00e9e, sa meilleure amie, Clarence, aussi lunaire que d\u00e9jant\u00e9e, lui offre un voyage-surprise en Alsace pour renouer avec la magie des f\u00eates de fin d\u2019ann\u00e9e. Tr\u00e8s vite, trop vite, No\u00eblie se retrouve propuls\u00e9e au c\u0153ur d\u2019un village regorgeant de guirlandes, de lumi\u00e8res et de chants traditionnels.<\/p>\n<p><span class=\"a-text-italic\">Seul hic dans le kouglof ?<\/span>\u00a0No\u00eblie d\u00e9teste No\u00ebl.<\/p>\n<p><em>Et ce n\u2019est certainement pas une for\u00eat soi-disant magique, des animaux \u00e9tranges, des enfants bizarres ou un myst\u00e9rieux et s\u00e9duisant inconnu qui vont la faire changer d\u2019avis&#8230;<\/em><\/p>\n","protected":false},"excerpt":{"rendered":"<p>No\u00eblie d\u00e9teste No\u00ebl. Une for\u00eat magique, un village alsacien traditionnel, et surtout, un myst\u00e9rieux inconnu pourraient la faire changer d\u2019avis. Certaines ann\u00e9es sont plus difficiles que d\u2019autres. No\u00eblie, brillante v\u00e9t\u00e9rinaire au bord du\u00a0burn out, en a fait l\u2019amer constat. Pour la sauver des griffes d\u2019une d\u00e9pression qui s\u2019annonce carabin\u00e9e, sa meilleure amie, Clarence, aussi lunaire [&hellip;]<\/p>\n","protected":false},"featured_media":7325,"comment_status":"open","ping_status":"closed","template":"","meta":{"_acf_changed":false,"content-type":""},"product_brand":[],"product_cat":[59],"product_tag":[],"class_list":{"0":"post-7323","1":"product","2":"type-product","3":"status-publish","4":"has-post-thumbnail","6":"product_cat-non-classe","8":"first","9":"instock","10":"taxable","11":"shipping-taxable","12":"purchasable","13":"product-type-simple"},"acf":{"auteur":"","date_parution":null,"bestseller":false,"librairie":false},"aioseo_notices":[],"_links":{"self":[{"href":"https:\/\/butterfly-editions.com\/index.php\/wp-json\/wp\/v2\/product\/7323","targetHints":{"allow":["GET"]}}],"collection":[{"href":"https:\/\/butterfly-editions.com\/index.php\/wp-json\/wp\/v2\/product"}],"about":[{"href":"https:\/\/butterfly-editions.com\/index.php\/wp-json\/wp\/v2\/types\/product"}],"replies":[{"embeddable":true,"href":"https:\/\/butterfly-editions.com\/index.php\/wp-json\/wp\/v2\/comments?post=7323"}],"wp:featuredmedia":[{"embeddable":true,"href":"https:\/\/butterfly-editions.com\/index.php\/wp-json\/wp\/v2\/media\/7325"}],"wp:attachment":[{"href":"https:\/\/butterfly-editions.com\/index.php\/wp-json\/wp\/v2\/media?parent=7323"}],"wp:term":[{"taxonomy":"product_brand","embeddable":true,"href":"https:\/\/butterfly-editions.com\/index.php\/wp-json\/wp\/v2\/product_brand?post=7323"},{"taxonomy":"product_cat","embeddable":true,"href":"https:\/\/butterfly-editions.com\/index.php\/wp-json\/wp\/v2\/product_cat?post=7323"},{"taxonomy":"product_tag","embeddable":true,"href":"https:\/\/butterfly-editions.com\/index.php\/wp-json\/wp\/v2\/product_tag?post=7323"}],"curies":[{"name":"wp","href":"https:\/\/api.w.org\/{rel}","templated":true}]}}