{"id":7318,"date":"2024-11-19T16:55:29","date_gmt":"2024-11-19T15:55:29","guid":{"rendered":"https:\/\/butterfly-editions.com\/?post_type=product&#038;p=7318"},"modified":"2024-11-19T16:55:29","modified_gmt":"2024-11-19T15:55:29","slug":"25-jours-pour-saimer-anne-sourice","status":"publish","type":"product","link":"https:\/\/butterfly-editions.com\/index.php\/produit\/25-jours-pour-saimer-anne-sourice\/","title":{"rendered":"25 jours pour s&rsquo;aimer &#8211; Anne Sourice"},"content":{"rendered":"<p>Lucille est secr\u00e8tement amoureuse de Florent, le jumeau de sa meilleure amie, Flora. Quand ce dernier fait son grand retour dans leur village natal, Flora voit, l\u00e0, l\u2019opportunit\u00e9 d\u2019aider son amie.<\/p>\n<p>Elle lui propose un calendrier de l\u2019Avent un peu particulier. Chaque jour, Lucille aura un d\u00e9fi \u00e0 relever pour conqu\u00e9rir l\u2019homme de ses r\u00eaves. Tous plus croustillants les uns que les autres.<\/p>\n<p>Objectifs ? Sortir Lu de sa carapace, le tout saupoudr\u00e9 d\u2019une belle d\u00e9claration d\u2019amour de Florent sous le sapin.<\/p>\n<p>25 jours pour se red\u00e9couvrir.<\/p>\n<p>25 jours pour s\u2019apprivoiser.<\/p>\n<p>25 jours pour s\u2019aimer.<\/p>\n<p>Une histoire de No\u00ebl sur fond de montagne, de neige et de biscuits \u00e0 croquer !<\/p>\n","protected":false},"excerpt":{"rendered":"<p>Lucille est secr\u00e8tement amoureuse de Florent, le jumeau de sa meilleure amie, Flora. Quand ce dernier fait son grand retour dans leur village natal, Flora voit, l\u00e0, l\u2019opportunit\u00e9 d\u2019aider son amie. Elle lui propose un calendrier de l\u2019Avent un peu particulier. Chaque jour, Lucille aura un d\u00e9fi \u00e0 relever pour conqu\u00e9rir l\u2019homme de ses r\u00eaves. [&hellip;]<\/p>\n","protected":false},"featured_media":7319,"comment_status":"open","ping_status":"closed","template":"","meta":{"_acf_changed":false,"content-type":""},"product_brand":[],"product_cat":[59],"product_tag":[],"class_list":{"0":"post-7318","1":"product","2":"type-product","3":"status-publish","4":"has-post-thumbnail","6":"product_cat-non-classe","8":"first","9":"instock","10":"taxable","11":"shipping-taxable","12":"purchasable","13":"product-type-simple"},"acf":{"auteur":"","date_parution":null,"bestseller":false,"librairie":false},"aioseo_notices":[],"_links":{"self":[{"href":"https:\/\/butterfly-editions.com\/index.php\/wp-json\/wp\/v2\/product\/7318","targetHints":{"allow":["GET"]}}],"collection":[{"href":"https:\/\/butterfly-editions.com\/index.php\/wp-json\/wp\/v2\/product"}],"about":[{"href":"https:\/\/butterfly-editions.com\/index.php\/wp-json\/wp\/v2\/types\/product"}],"replies":[{"embeddable":true,"href":"https:\/\/butterfly-editions.com\/index.php\/wp-json\/wp\/v2\/comments?post=7318"}],"wp:featuredmedia":[{"embeddable":true,"href":"https:\/\/butterfly-editions.com\/index.php\/wp-json\/wp\/v2\/media\/7319"}],"wp:attachment":[{"href":"https:\/\/butterfly-editions.com\/index.php\/wp-json\/wp\/v2\/media?parent=7318"}],"wp:term":[{"taxonomy":"product_brand","embeddable":true,"href":"https:\/\/butterfly-editions.com\/index.php\/wp-json\/wp\/v2\/product_brand?post=7318"},{"taxonomy":"product_cat","embeddable":true,"href":"https:\/\/butterfly-editions.com\/index.php\/wp-json\/wp\/v2\/product_cat?post=7318"},{"taxonomy":"product_tag","embeddable":true,"href":"https:\/\/butterfly-editions.com\/index.php\/wp-json\/wp\/v2\/product_tag?post=7318"}],"curies":[{"name":"wp","href":"https:\/\/api.w.org\/{rel}","templated":true}]}}