{"id":7316,"date":"2024-11-19T21:51:40","date_gmt":"2024-11-19T20:51:40","guid":{"rendered":"https:\/\/butterfly-editions.com\/?post_type=product&#038;p=7316"},"modified":"2026-01-28T17:15:28","modified_gmt":"2026-01-28T16:15:28","slug":"ca-ira-mieux-demain-christy-allan","status":"publish","type":"product","link":"https:\/\/butterfly-editions.com\/index.php\/produit\/ca-ira-mieux-demain-christy-allan\/","title":{"rendered":"\u00c7a ira mieux demain"},"content":{"rendered":"<p><strong><span class=\"a-text-bold\">Succomber ou r\u00e9sister \u00e0 son nouveau BOSS ?<\/span><\/strong><\/p>\n<p>Marie a toujours esp\u00e9r\u00e9 partir loin de Paris, mais certainement pas pour int\u00e9grer un programme de protection des t\u00e9moins. Apr\u00e8s avoir assist\u00e9 \u00e0 un double meurtre sanglant, son fr\u00e8re de c\u0153ur, No\u00e9, et elle n\u2019ont plus le choix&#8230;<\/p>\n<p>Direction l\u2019Alsace avec de nouvelles identit\u00e9s, un nouveau look, une nouvelle histoire \u00e0 cr\u00e9er, \u00e0 inventer&#8230;<\/p>\n<p>Son nouveau boss, Hugo, \u00c9cossais, aussi sexy que myst\u00e9rieux, l\u2019agace autant qu\u2019il l\u2019attire. Malheureusement, son manque de confiance ne la poussera pas toujours dans la bonne direction&#8230;<\/p>\n<p><em><span class=\"a-text-italic\">Saura-t-elle attraper le bonheur quand il frappera \u00e0 sa porte ?<\/span><\/em><\/p>\n","protected":false},"excerpt":{"rendered":"<p>Succomber ou r\u00e9sister \u00e0 son nouveau BOSS ? Marie a toujours esp\u00e9r\u00e9 partir loin de Paris, mais certainement pas pour int\u00e9grer un programme de protection des t\u00e9moins. Apr\u00e8s avoir assist\u00e9 \u00e0 un double meurtre sanglant, son fr\u00e8re de c\u0153ur, No\u00e9, et elle n\u2019ont plus le choix&#8230; Direction l\u2019Alsace avec de nouvelles identit\u00e9s, un nouveau look, [&hellip;]<\/p>\n","protected":false},"featured_media":7317,"comment_status":"open","ping_status":"closed","template":"","meta":{"_acf_changed":false,"content-type":""},"product_brand":[],"product_cat":[461],"product_tag":[],"class_list":{"0":"post-7316","1":"product","2":"type-product","3":"status-publish","4":"has-post-thumbnail","6":"product_cat-romance-contemporaine","8":"first","9":"instock","10":"taxable","11":"shipping-taxable","12":"purchasable","13":"product-type-variable"},"acf":{"auteur":"Christy Allan","date_parution":"20241016","bestseller":false,"librairie":false},"aioseo_notices":[],"_links":{"self":[{"href":"https:\/\/butterfly-editions.com\/index.php\/wp-json\/wp\/v2\/product\/7316","targetHints":{"allow":["GET"]}}],"collection":[{"href":"https:\/\/butterfly-editions.com\/index.php\/wp-json\/wp\/v2\/product"}],"about":[{"href":"https:\/\/butterfly-editions.com\/index.php\/wp-json\/wp\/v2\/types\/product"}],"replies":[{"embeddable":true,"href":"https:\/\/butterfly-editions.com\/index.php\/wp-json\/wp\/v2\/comments?post=7316"}],"wp:featuredmedia":[{"embeddable":true,"href":"https:\/\/butterfly-editions.com\/index.php\/wp-json\/wp\/v2\/media\/7317"}],"wp:attachment":[{"href":"https:\/\/butterfly-editions.com\/index.php\/wp-json\/wp\/v2\/media?parent=7316"}],"wp:term":[{"taxonomy":"product_brand","embeddable":true,"href":"https:\/\/butterfly-editions.com\/index.php\/wp-json\/wp\/v2\/product_brand?post=7316"},{"taxonomy":"product_cat","embeddable":true,"href":"https:\/\/butterfly-editions.com\/index.php\/wp-json\/wp\/v2\/product_cat?post=7316"},{"taxonomy":"product_tag","embeddable":true,"href":"https:\/\/butterfly-editions.com\/index.php\/wp-json\/wp\/v2\/product_tag?post=7316"}],"curies":[{"name":"wp","href":"https:\/\/api.w.org\/{rel}","templated":true}]}}