{"id":7314,"date":"2024-11-19T16:47:06","date_gmt":"2024-11-19T15:47:06","guid":{"rendered":"https:\/\/butterfly-editions.com\/?post_type=product&#038;p=7314"},"modified":"2024-11-19T16:47:07","modified_gmt":"2024-11-19T15:47:07","slug":"riders-of-the-storm","status":"publish","type":"product","link":"https:\/\/butterfly-editions.com\/index.php\/produit\/riders-of-the-storm\/","title":{"rendered":"Riders of the storm"},"content":{"rendered":"<p>Vivre au sein d\u2019un club de bikers ? Tr\u00e8s peu pour elle. T\u00e9a ex\u00e8cre ce mode de vie et d\u00e9cide de tout quitter : son p\u00e8re, le pr\u00e9sident des\u00a0<span class=\"a-text-italic\">Riders of the Storm<\/span>, et son petit ami, Chase, destin\u00e9 \u00e0 int\u00e9grer le club, pour poursuivre son r\u00eave \u00e0 Orlando : devenir ing\u00e9nieure en m\u00e9canique.<\/p>\n<p>Sept ans plus tard, elle est contrainte de revenir pour pr\u00eater main-forte \u00e0 son p\u00e8re et au MC.<\/p>\n<p>Mais entre les menaces d&rsquo;un groupe rival qui planent sur sa t\u00eate, les retrouvailles avec son premier amour, qui souhaite reprendre leur relation comme si elle n\u2019\u00e9tait jamais partie, et Rhys, aussi arrogant que sexy, qui la suit comme son ombre, son retour est mis \u00e0 rude \u00e9preuve et ne se passe pas tout \u00e0 fait comme pr\u00e9vu&#8230;<\/p>\n","protected":false},"excerpt":{"rendered":"<p>Vivre au sein d\u2019un club de bikers ? Tr\u00e8s peu pour elle. T\u00e9a ex\u00e8cre ce mode de vie et d\u00e9cide de tout quitter : son p\u00e8re, le pr\u00e9sident des\u00a0Riders of the Storm, et son petit ami, Chase, destin\u00e9 \u00e0 int\u00e9grer le club, pour poursuivre son r\u00eave \u00e0 Orlando : devenir ing\u00e9nieure en m\u00e9canique. Sept ans [&hellip;]<\/p>\n","protected":false},"featured_media":7315,"comment_status":"open","ping_status":"closed","template":"","meta":{"_acf_changed":false,"content-type":""},"product_brand":[],"product_cat":[59],"product_tag":[],"class_list":{"0":"post-7314","1":"product","2":"type-product","3":"status-publish","4":"has-post-thumbnail","6":"product_cat-non-classe","8":"first","9":"instock","10":"taxable","11":"shipping-taxable","12":"purchasable","13":"product-type-simple"},"acf":{"auteur":"","date_parution":null,"bestseller":false,"librairie":false},"aioseo_notices":[],"_links":{"self":[{"href":"https:\/\/butterfly-editions.com\/index.php\/wp-json\/wp\/v2\/product\/7314","targetHints":{"allow":["GET"]}}],"collection":[{"href":"https:\/\/butterfly-editions.com\/index.php\/wp-json\/wp\/v2\/product"}],"about":[{"href":"https:\/\/butterfly-editions.com\/index.php\/wp-json\/wp\/v2\/types\/product"}],"replies":[{"embeddable":true,"href":"https:\/\/butterfly-editions.com\/index.php\/wp-json\/wp\/v2\/comments?post=7314"}],"wp:featuredmedia":[{"embeddable":true,"href":"https:\/\/butterfly-editions.com\/index.php\/wp-json\/wp\/v2\/media\/7315"}],"wp:attachment":[{"href":"https:\/\/butterfly-editions.com\/index.php\/wp-json\/wp\/v2\/media?parent=7314"}],"wp:term":[{"taxonomy":"product_brand","embeddable":true,"href":"https:\/\/butterfly-editions.com\/index.php\/wp-json\/wp\/v2\/product_brand?post=7314"},{"taxonomy":"product_cat","embeddable":true,"href":"https:\/\/butterfly-editions.com\/index.php\/wp-json\/wp\/v2\/product_cat?post=7314"},{"taxonomy":"product_tag","embeddable":true,"href":"https:\/\/butterfly-editions.com\/index.php\/wp-json\/wp\/v2\/product_tag?post=7314"}],"curies":[{"name":"wp","href":"https:\/\/api.w.org\/{rel}","templated":true}]}}