{"id":7312,"date":"2024-11-19T16:42:11","date_gmt":"2024-11-19T15:42:11","guid":{"rendered":"https:\/\/butterfly-editions.com\/?post_type=product&#038;p=7312"},"modified":"2024-11-19T16:42:12","modified_gmt":"2024-11-19T15:42:12","slug":"la-ou-nos-etoiles-se-rencontrent-charly-foley","status":"publish","type":"product","link":"https:\/\/butterfly-editions.com\/index.php\/produit\/la-ou-nos-etoiles-se-rencontrent-charly-foley\/","title":{"rendered":"L\u00e0 o\u00f9 nos \u00e9toiles se rencontrent &#8211; Charly Foley"},"content":{"rendered":"<p><strong><span class=\"a-text-bold\">Lorsqu&rsquo;une jeune anonyme croise accidentellement la route d&rsquo;un des chanteurs les plus c\u00e9l\u00e8bres de la plan\u00e8te, que la presse \u00e0 scandales s&rsquo;approprie leur rencontre, leurs deux vies en seront boulevers\u00e9es \u00e0 jamais&#8230;<\/span><\/strong><\/p>\n<p>Park, rockstar adul\u00e9e, doit redorer son image. Pour cela, rien de mieux que d\u2019accepter le contrat propos\u00e9 par son manager : devenir le petit ami de Mabel Clark, une jeune fille, qui ne peut refuser cette offre.<\/p>\n<p>Passionn\u00e9e par l&rsquo;Univers et ses myst\u00e8res, clou\u00e9e dans un fauteuil roulant depuis un grave accident, la jolie brune va brutalement passer de l&rsquo;anonymat \u00e0 la surexposition dans les m\u00e9dias. De d\u00e9couverte en d\u00e9couverte, sa vision du Monde, de l\u2019Amour, va totalement changer.<\/p>\n<p><em><span class=\"a-text-italic\">Amoureux des \u00e9toiles, cette fiction est faite pour vous.<\/span><\/em><\/p>\n","protected":false},"excerpt":{"rendered":"<p>Lorsqu&rsquo;une jeune anonyme croise accidentellement la route d&rsquo;un des chanteurs les plus c\u00e9l\u00e8bres de la plan\u00e8te, que la presse \u00e0 scandales s&rsquo;approprie leur rencontre, leurs deux vies en seront boulevers\u00e9es \u00e0 jamais&#8230; Park, rockstar adul\u00e9e, doit redorer son image. Pour cela, rien de mieux que d\u2019accepter le contrat propos\u00e9 par son manager : devenir le [&hellip;]<\/p>\n","protected":false},"featured_media":7313,"comment_status":"open","ping_status":"closed","template":"","meta":{"_acf_changed":false,"content-type":""},"product_brand":[],"product_cat":[59],"product_tag":[],"class_list":{"0":"post-7312","1":"product","2":"type-product","3":"status-publish","4":"has-post-thumbnail","6":"product_cat-non-classe","8":"first","9":"instock","10":"taxable","11":"shipping-taxable","12":"purchasable","13":"product-type-simple"},"acf":{"auteur":"","date_parution":null,"bestseller":false,"librairie":false},"aioseo_notices":[],"_links":{"self":[{"href":"https:\/\/butterfly-editions.com\/index.php\/wp-json\/wp\/v2\/product\/7312","targetHints":{"allow":["GET"]}}],"collection":[{"href":"https:\/\/butterfly-editions.com\/index.php\/wp-json\/wp\/v2\/product"}],"about":[{"href":"https:\/\/butterfly-editions.com\/index.php\/wp-json\/wp\/v2\/types\/product"}],"replies":[{"embeddable":true,"href":"https:\/\/butterfly-editions.com\/index.php\/wp-json\/wp\/v2\/comments?post=7312"}],"wp:featuredmedia":[{"embeddable":true,"href":"https:\/\/butterfly-editions.com\/index.php\/wp-json\/wp\/v2\/media\/7313"}],"wp:attachment":[{"href":"https:\/\/butterfly-editions.com\/index.php\/wp-json\/wp\/v2\/media?parent=7312"}],"wp:term":[{"taxonomy":"product_brand","embeddable":true,"href":"https:\/\/butterfly-editions.com\/index.php\/wp-json\/wp\/v2\/product_brand?post=7312"},{"taxonomy":"product_cat","embeddable":true,"href":"https:\/\/butterfly-editions.com\/index.php\/wp-json\/wp\/v2\/product_cat?post=7312"},{"taxonomy":"product_tag","embeddable":true,"href":"https:\/\/butterfly-editions.com\/index.php\/wp-json\/wp\/v2\/product_tag?post=7312"}],"curies":[{"name":"wp","href":"https:\/\/api.w.org\/{rel}","templated":true}]}}