{"id":7310,"date":"2024-11-19T16:38:55","date_gmt":"2024-11-19T15:38:55","guid":{"rendered":"https:\/\/butterfly-editions.com\/?post_type=product&#038;p=7310"},"modified":"2024-11-19T16:38:56","modified_gmt":"2024-11-19T15:38:56","slug":"les-choses-simples-amandine-halba","status":"publish","type":"product","link":"https:\/\/butterfly-editions.com\/index.php\/produit\/les-choses-simples-amandine-halba\/","title":{"rendered":"Les choses simples &#8211; Amandine Halba"},"content":{"rendered":"<p><strong><span class=\"a-text-bold\">Elle n\u2019\u00e9tait pas cens\u00e9e revoir son premier\u00a0<\/span><span class=\"a-text-bold a-text-italic\">crush<\/span><span class=\"a-text-bold\">.<\/span><\/strong><\/p>\n<p><strong><span class=\"a-text-bold\">Il ne pensait pas tomber sous le charme de la petite s\u0153ur de son amour de jeunesse&#8230;<\/span><\/strong><\/p>\n<p>&nbsp;<\/p>\n<p><span class=\"a-text-italic\">Une \u00eele sur les c\u00f4tes Atlantique&#8230;<\/span><\/p>\n<p>En plein divorce, Ang\u00e9lique d\u00e9cide de retrouver ses racines, la maison familiale, celle qui l\u2019a vue grandir chaque \u00e9t\u00e9, s\u2019\u00e9panouir au rythme du soleil et de l\u2019oc\u00e9an.<\/p>\n<p>Quelle n\u2019est pas sa surprise de rencontrer son nouveau voisin, Robin. L\u2019amour d\u2019adolescence de sa s\u0153ur&#8230; mais surtout son premier coup de c\u0153ur secret&#8230; \u00e0\u00a0<span class=\"a-text-italic\">elle<\/span>.<\/p>\n<p>Il n\u2019a pas chang\u00e9. Toujours aussi beau, sexy, irr\u00e9sistible&#8230; Un v\u00e9ritable aimant \u00e0 femmes.<\/p>\n<p>Entre Ang\u00e9lique et lui, l\u2019attirance est quasi imm\u00e9diate. Mais en quittant son mari, elle s\u2019est promis une chose : ne pas craquer pour le premier venu&#8230; m\u00eame si c\u2019est\u00a0<span class=\"a-text-italic\">Robin<\/span>.<\/p>\n<p><em><span class=\"a-text-italic\">Surtout Robin.<\/span><\/em><\/p>\n","protected":false},"excerpt":{"rendered":"<p>Elle n\u2019\u00e9tait pas cens\u00e9e revoir son premier\u00a0crush. Il ne pensait pas tomber sous le charme de la petite s\u0153ur de son amour de jeunesse&#8230; &nbsp; Une \u00eele sur les c\u00f4tes Atlantique&#8230; En plein divorce, Ang\u00e9lique d\u00e9cide de retrouver ses racines, la maison familiale, celle qui l\u2019a vue grandir chaque \u00e9t\u00e9, s\u2019\u00e9panouir au rythme du soleil [&hellip;]<\/p>\n","protected":false},"featured_media":7311,"comment_status":"open","ping_status":"closed","template":"","meta":{"_acf_changed":false,"content-type":""},"product_brand":[],"product_cat":[59],"product_tag":[],"class_list":{"0":"post-7310","1":"product","2":"type-product","3":"status-publish","4":"has-post-thumbnail","6":"product_cat-non-classe","8":"first","9":"instock","10":"taxable","11":"shipping-taxable","12":"purchasable","13":"product-type-simple"},"acf":{"auteur":"","date_parution":null,"bestseller":false,"librairie":false},"aioseo_notices":[],"_links":{"self":[{"href":"https:\/\/butterfly-editions.com\/index.php\/wp-json\/wp\/v2\/product\/7310","targetHints":{"allow":["GET"]}}],"collection":[{"href":"https:\/\/butterfly-editions.com\/index.php\/wp-json\/wp\/v2\/product"}],"about":[{"href":"https:\/\/butterfly-editions.com\/index.php\/wp-json\/wp\/v2\/types\/product"}],"replies":[{"embeddable":true,"href":"https:\/\/butterfly-editions.com\/index.php\/wp-json\/wp\/v2\/comments?post=7310"}],"wp:featuredmedia":[{"embeddable":true,"href":"https:\/\/butterfly-editions.com\/index.php\/wp-json\/wp\/v2\/media\/7311"}],"wp:attachment":[{"href":"https:\/\/butterfly-editions.com\/index.php\/wp-json\/wp\/v2\/media?parent=7310"}],"wp:term":[{"taxonomy":"product_brand","embeddable":true,"href":"https:\/\/butterfly-editions.com\/index.php\/wp-json\/wp\/v2\/product_brand?post=7310"},{"taxonomy":"product_cat","embeddable":true,"href":"https:\/\/butterfly-editions.com\/index.php\/wp-json\/wp\/v2\/product_cat?post=7310"},{"taxonomy":"product_tag","embeddable":true,"href":"https:\/\/butterfly-editions.com\/index.php\/wp-json\/wp\/v2\/product_tag?post=7310"}],"curies":[{"name":"wp","href":"https:\/\/api.w.org\/{rel}","templated":true}]}}