{"id":7043,"date":"2024-10-14T16:01:11","date_gmt":"2024-10-14T15:01:11","guid":{"rendered":"https:\/\/butterfly-editions.com\/?post_type=product&#038;p=7043"},"modified":"2025-08-14T14:21:23","modified_gmt":"2025-08-14T13:21:23","slug":"un-noel-pour-noelie-lea-collins-relie","status":"publish","type":"product","link":"https:\/\/butterfly-editions.com\/index.php\/produit\/un-noel-pour-noelie-lea-collins-relie\/","title":{"rendered":"Un No\u00ebl pour No\u00eblie &#8211; L\u00e9a Collins &#8211; Reli\u00e9"},"content":{"rendered":"<p><strong>Une for\u00eat magique, un village alsacien traditionnel, et surtout, un myst\u00e9rieux inconnu pourraient la faire changer d\u2019avis. <\/strong><\/p>\n<p>Certaines ann\u00e9es sont plus difficiles que d\u2019autres. No\u00eblie, brillante v\u00e9t\u00e9rinaire au bord du <em>burn out<\/em>, en a fait l\u2019amer constat. Pour la sauver des griffes d\u2019une d\u00e9pression qui s\u2019annonce carabin\u00e9e, sa meilleure amie, Clarence, aussi lunaire que d\u00e9jant\u00e9e, lui offre un voyage-surprise en Alsace pour renouer avec la magie des f\u00eates de fin d\u2019ann\u00e9e. Tr\u00e8s vite, trop vite, No\u00eblie se retrouve propuls\u00e9e au c\u0153ur d\u2019un village regorgeant de guirlandes, de lumi\u00e8res et de chants traditionnels.<\/p>\n<p><em>Seul hic dans le kouglof ?<\/em> No\u00eblie d\u00e9teste No\u00ebl.<\/p>\n<p>Et ce n\u2019est certainement pas une for\u00eat soi-disant magique, des animaux \u00e9tranges, des enfants bizarres ou un myst\u00e9rieux et s\u00e9duisant inconnu qui vont la faire changer d\u2019avis&#8230;<\/p>\n<p><strong>Sortie le 15 novembre, envoi des colis pour r\u00e9ception \u00e0 cette date.\u00a0<\/strong><\/p>\n","protected":false},"excerpt":{"rendered":"<p>Une for\u00eat magique, un village alsacien traditionnel, et surtout, un myst\u00e9rieux inconnu pourraient la faire changer d\u2019avis. Certaines ann\u00e9es sont plus difficiles que d\u2019autres. No\u00eblie, brillante v\u00e9t\u00e9rinaire au bord du burn out, en a fait l\u2019amer constat. Pour la sauver des griffes d\u2019une d\u00e9pression qui s\u2019annonce carabin\u00e9e, sa meilleure amie, Clarence, aussi lunaire que d\u00e9jant\u00e9e, [&hellip;]<\/p>\n","protected":false},"featured_media":7044,"comment_status":"open","ping_status":"closed","template":"","meta":{"_acf_changed":false,"content-type":""},"product_brand":[],"product_cat":[59],"product_tag":[],"class_list":{"0":"post-7043","1":"product","2":"type-product","3":"status-publish","4":"has-post-thumbnail","6":"product_cat-non-classe","8":"first","9":"outofstock","10":"taxable","11":"shipping-taxable","12":"purchasable","13":"product-type-simple"},"acf":{"auteur":"","date_parution":null,"bestseller":false,"librairie":false},"aioseo_notices":[],"_links":{"self":[{"href":"https:\/\/butterfly-editions.com\/index.php\/wp-json\/wp\/v2\/product\/7043","targetHints":{"allow":["GET"]}}],"collection":[{"href":"https:\/\/butterfly-editions.com\/index.php\/wp-json\/wp\/v2\/product"}],"about":[{"href":"https:\/\/butterfly-editions.com\/index.php\/wp-json\/wp\/v2\/types\/product"}],"replies":[{"embeddable":true,"href":"https:\/\/butterfly-editions.com\/index.php\/wp-json\/wp\/v2\/comments?post=7043"}],"wp:featuredmedia":[{"embeddable":true,"href":"https:\/\/butterfly-editions.com\/index.php\/wp-json\/wp\/v2\/media\/7044"}],"wp:attachment":[{"href":"https:\/\/butterfly-editions.com\/index.php\/wp-json\/wp\/v2\/media?parent=7043"}],"wp:term":[{"taxonomy":"product_brand","embeddable":true,"href":"https:\/\/butterfly-editions.com\/index.php\/wp-json\/wp\/v2\/product_brand?post=7043"},{"taxonomy":"product_cat","embeddable":true,"href":"https:\/\/butterfly-editions.com\/index.php\/wp-json\/wp\/v2\/product_cat?post=7043"},{"taxonomy":"product_tag","embeddable":true,"href":"https:\/\/butterfly-editions.com\/index.php\/wp-json\/wp\/v2\/product_tag?post=7043"}],"curies":[{"name":"wp","href":"https:\/\/api.w.org\/{rel}","templated":true}]}}