{"id":7041,"date":"2024-10-14T10:23:07","date_gmt":"2024-10-14T09:23:07","guid":{"rendered":"https:\/\/butterfly-editions.com\/?post_type=product&#038;p=7041"},"modified":"2024-11-19T17:18:49","modified_gmt":"2024-11-19T16:18:49","slug":"love-me-again-lea-lucas","status":"publish","type":"product","link":"https:\/\/butterfly-editions.com\/index.php\/produit\/love-me-again-lea-lucas\/","title":{"rendered":"Love me again &#8211; L\u00e9a Lucas"},"content":{"rendered":"<p><strong><span class=\"a-text-bold\">Sexy. Irr\u00e9sistible. Envo\u00fbtant.<\/span><\/strong><\/p>\n<p>Callie a tout ce qu\u2019elle d\u00e9sire.<\/p>\n<p>R\u00e9ussir ses \u00e9tudes de droit avec brio. OK.<\/p>\n<p>Emm\u00e9nager avec son amie de toujours. OK.<\/p>\n<p>\u00catre embauch\u00e9e dans le cabinet d\u2019avocats de ses r\u00eaves. OK.<\/p>\n<p>Fra\u00eechement d\u00e9barqu\u00e9e \u00e0 New York, elle ne s\u2019attend pas \u00e0 tomber sur Cooper, son premier amour. Mais, surtout, son boss, avec qui elle va pourtant devoir travailler&#8230;<\/p>\n<p>Si elle a d\u00e9cid\u00e9 de faire comme si leurs routes ne s\u2019\u00e9taient jamais crois\u00e9es, le jeune homme est loin d\u2019\u00eatre de son avis.<\/p>\n<p><em>Entre affrontements et d\u00e9sir, lequel c\u00e9dera en premier ?<\/em><\/p>\n","protected":false},"excerpt":{"rendered":"<p>Sexy. Irr\u00e9sistible. Envo\u00fbtant. Callie a tout ce qu\u2019elle d\u00e9sire. R\u00e9ussir ses \u00e9tudes de droit avec brio. OK. Emm\u00e9nager avec son amie de toujours. OK. \u00catre embauch\u00e9e dans le cabinet d\u2019avocats de ses r\u00eaves. OK. Fra\u00eechement d\u00e9barqu\u00e9e \u00e0 New York, elle ne s\u2019attend pas \u00e0 tomber sur Cooper, son premier amour. Mais, surtout, son boss, avec [&hellip;]<\/p>\n","protected":false},"featured_media":7042,"comment_status":"open","ping_status":"closed","template":"","meta":{"_acf_changed":false,"content-type":""},"product_brand":[],"product_cat":[59],"product_tag":[],"class_list":{"0":"post-7041","1":"product","2":"type-product","3":"status-publish","4":"has-post-thumbnail","6":"product_cat-non-classe","8":"first","9":"instock","10":"taxable","11":"shipping-taxable","12":"purchasable","13":"product-type-simple"},"acf":{"auteur":"","date_parution":null,"bestseller":false,"librairie":false},"aioseo_notices":[],"_links":{"self":[{"href":"https:\/\/butterfly-editions.com\/index.php\/wp-json\/wp\/v2\/product\/7041","targetHints":{"allow":["GET"]}}],"collection":[{"href":"https:\/\/butterfly-editions.com\/index.php\/wp-json\/wp\/v2\/product"}],"about":[{"href":"https:\/\/butterfly-editions.com\/index.php\/wp-json\/wp\/v2\/types\/product"}],"replies":[{"embeddable":true,"href":"https:\/\/butterfly-editions.com\/index.php\/wp-json\/wp\/v2\/comments?post=7041"}],"wp:featuredmedia":[{"embeddable":true,"href":"https:\/\/butterfly-editions.com\/index.php\/wp-json\/wp\/v2\/media\/7042"}],"wp:attachment":[{"href":"https:\/\/butterfly-editions.com\/index.php\/wp-json\/wp\/v2\/media?parent=7041"}],"wp:term":[{"taxonomy":"product_brand","embeddable":true,"href":"https:\/\/butterfly-editions.com\/index.php\/wp-json\/wp\/v2\/product_brand?post=7041"},{"taxonomy":"product_cat","embeddable":true,"href":"https:\/\/butterfly-editions.com\/index.php\/wp-json\/wp\/v2\/product_cat?post=7041"},{"taxonomy":"product_tag","embeddable":true,"href":"https:\/\/butterfly-editions.com\/index.php\/wp-json\/wp\/v2\/product_tag?post=7041"}],"curies":[{"name":"wp","href":"https:\/\/api.w.org\/{rel}","templated":true}]}}