{"id":7039,"date":"2024-10-14T10:19:38","date_gmt":"2024-10-14T09:19:38","guid":{"rendered":"https:\/\/butterfly-editions.com\/?post_type=product&#038;p=7039"},"modified":"2026-01-26T19:41:42","modified_gmt":"2026-01-26T18:41:42","slug":"feelings-juliette-mey","status":"publish","type":"product","link":"https:\/\/butterfly-editions.com\/index.php\/produit\/feelings-juliette-mey\/","title":{"rendered":"Feelings"},"content":{"rendered":"<p><strong><span class=\"a-text-bold\">Sean, acteur mondialement connu, repr\u00e9sente le r\u00eave de toutes les adolescentes.<\/span><\/strong><\/p>\n<p><strong>Lara, patineuse de haut niveau, est s\u00e9rieuse, calme et presque invisible.<\/strong><\/p>\n<p>Depuis toujours, Lara est fan de Sean Alloy, l\u2019acteur que toutes les jeunes filles esp\u00e8rent rencontrer.<\/p>\n<p>Lorsque sa meilleure amie, sur un coup de t\u00eate, envoie une vid\u00e9o d\u2019elle en train d\u2019exercer sa passion, le patinage artistique, \u00e0 une agence de casting pour tourner avec l\u2019acteur de ses r\u00eaves, elle ne s\u2019attendait jamais \u00e0 ce qu\u2019on lui r\u00e9ponde&#8230; Encore moins \u00e0 ce qu\u2019on l\u2019engage pour l\u2019un des deux r\u00f4les principaux&#8230;<\/p>\n<p>Mais bien vite, elle comprend qu\u2019entre r\u00e9alit\u00e9 et fiction, il y a un foss\u00e9 \u00e9norme. Sean n\u2019a rien du gar\u00e7on d\u00e9peint dans les magazines. Derri\u00e8re son c\u0153ur de pierre, il cache un lourd secret.<\/p>\n<p><em>Lara parviendra-t-elle \u00e0 le percer ?<\/em><\/p>\n","protected":false},"excerpt":{"rendered":"<p>Sean, acteur mondialement connu, repr\u00e9sente le r\u00eave de toutes les adolescentes. Lara, patineuse de haut niveau, est s\u00e9rieuse, calme et presque invisible. Depuis toujours, Lara est fan de Sean Alloy, l\u2019acteur que toutes les jeunes filles esp\u00e8rent rencontrer. Lorsque sa meilleure amie, sur un coup de t\u00eate, envoie une vid\u00e9o d\u2019elle en train d\u2019exercer sa [&hellip;]<\/p>\n","protected":false},"featured_media":7040,"comment_status":"open","ping_status":"closed","template":"","meta":{"_acf_changed":false,"content-type":""},"product_brand":[],"product_cat":[462],"product_tag":[505,493,488,504,506],"class_list":{"0":"post-7039","1":"product","2":"type-product","3":"status-publish","4":"has-post-thumbnail","6":"product_cat-young-adult","7":"product_tag-acteur","8":"product_tag-bad-boy","9":"product_tag-film","10":"product_tag-lyceens","11":"product_tag-patinage-artistique","13":"first","14":"instock","15":"taxable","16":"shipping-taxable","17":"purchasable","18":"product-type-variable"},"acf":{"auteur":"Juliette Mey","date_parution":"20240719","bestseller":false,"librairie":false},"aioseo_notices":[],"_links":{"self":[{"href":"https:\/\/butterfly-editions.com\/index.php\/wp-json\/wp\/v2\/product\/7039","targetHints":{"allow":["GET"]}}],"collection":[{"href":"https:\/\/butterfly-editions.com\/index.php\/wp-json\/wp\/v2\/product"}],"about":[{"href":"https:\/\/butterfly-editions.com\/index.php\/wp-json\/wp\/v2\/types\/product"}],"replies":[{"embeddable":true,"href":"https:\/\/butterfly-editions.com\/index.php\/wp-json\/wp\/v2\/comments?post=7039"}],"wp:featuredmedia":[{"embeddable":true,"href":"https:\/\/butterfly-editions.com\/index.php\/wp-json\/wp\/v2\/media\/7040"}],"wp:attachment":[{"href":"https:\/\/butterfly-editions.com\/index.php\/wp-json\/wp\/v2\/media?parent=7039"}],"wp:term":[{"taxonomy":"product_brand","embeddable":true,"href":"https:\/\/butterfly-editions.com\/index.php\/wp-json\/wp\/v2\/product_brand?post=7039"},{"taxonomy":"product_cat","embeddable":true,"href":"https:\/\/butterfly-editions.com\/index.php\/wp-json\/wp\/v2\/product_cat?post=7039"},{"taxonomy":"product_tag","embeddable":true,"href":"https:\/\/butterfly-editions.com\/index.php\/wp-json\/wp\/v2\/product_tag?post=7039"}],"curies":[{"name":"wp","href":"https:\/\/api.w.org\/{rel}","templated":true}]}}