{"id":7035,"date":"2024-10-14T10:14:09","date_gmt":"2024-10-14T09:14:09","guid":{"rendered":"https:\/\/butterfly-editions.com\/?post_type=product&#038;p=7035"},"modified":"2026-01-29T10:14:16","modified_gmt":"2026-01-29T09:14:16","slug":"te-pieger-sarina-cassint","status":"publish","type":"product","link":"https:\/\/butterfly-editions.com\/index.php\/produit\/te-pieger-sarina-cassint\/","title":{"rendered":"Te pi\u00e9ger"},"content":{"rendered":"<p>\u00ab J&rsquo;aurais d\u00fb r\u00e9fl\u00e9chir avant de suivre le plan foireux de Cl\u00e9a et Fabien. Ils ont beau \u00eatre mes meilleurs potes, sur ce coup-l\u00e0, ils n&rsquo;ont pas assur\u00e9. En temps normal, on sort pour s&rsquo;amuser, on ne se prend pas la t\u00eate.<\/p>\n<p>Mais voil\u00e0, hier, j&rsquo;ai pi\u00e9g\u00e9 Nick.<\/p>\n<p>Lorsqu&rsquo;il me retrouve, monsieur s&rsquo;amuse clairement avec ma culpabilit\u00e9. Hors de question de me laisser faire ! Une petite guerre s&rsquo;installe entre lui et moi.<br \/>\nJe r\u00eave ou \u00e7a nous rapproche ?<\/p>\n<p>Pourtant, les fils de riches qui n&rsquo;ont jamais endoss\u00e9 aucune responsabilit\u00e9 me tapent sur les nerfs. D&rsquo;autant plus que sa r\u00e9putation de coureur de jupons est loin d&rsquo;\u00eatre exag\u00e9r\u00e9e. Je ne vais pas craquer pour lui, je ne suis pas assez cruche pour tomber dans ses filets !<\/p>\n<p>De toute fa\u00e7on, on ne sera jamais compatibles. Mon monde est bien trop violent pour lui, les ennuis vont nous tomber dessus. \u00bb<\/p>\n<p><em><span class=\"a-text-italic\">Ce serait plus prudent de tout arr\u00eater maintenant, n&rsquo;est-ce pas ?<\/span><\/em><\/p>\n<p><em><span class=\"a-text-italic\">Un enemies to lover hautement croustillant&#8230;<\/span><\/em><\/p>\n","protected":false},"excerpt":{"rendered":"<p>\u00ab J&rsquo;aurais d\u00fb r\u00e9fl\u00e9chir avant de suivre le plan foireux de Cl\u00e9a et Fabien. Ils ont beau \u00eatre mes meilleurs potes, sur ce coup-l\u00e0, ils n&rsquo;ont pas assur\u00e9. En temps normal, on sort pour s&rsquo;amuser, on ne se prend pas la t\u00eate. Mais voil\u00e0, hier, j&rsquo;ai pi\u00e9g\u00e9 Nick. Lorsqu&rsquo;il me retrouve, monsieur s&rsquo;amuse clairement avec [&hellip;]<\/p>\n","protected":false},"featured_media":7036,"comment_status":"open","ping_status":"closed","template":"","meta":{"_acf_changed":false,"content-type":""},"product_brand":[],"product_cat":[461],"product_tag":[],"class_list":{"0":"post-7035","1":"product","2":"type-product","3":"status-publish","4":"has-post-thumbnail","6":"product_cat-romance-contemporaine","8":"first","9":"outofstock","10":"taxable","11":"shipping-taxable","12":"purchasable","13":"product-type-variable"},"acf":{"auteur":"Sarina Cassint","date_parution":"20230719","bestseller":false,"librairie":false},"aioseo_notices":[],"_links":{"self":[{"href":"https:\/\/butterfly-editions.com\/index.php\/wp-json\/wp\/v2\/product\/7035","targetHints":{"allow":["GET"]}}],"collection":[{"href":"https:\/\/butterfly-editions.com\/index.php\/wp-json\/wp\/v2\/product"}],"about":[{"href":"https:\/\/butterfly-editions.com\/index.php\/wp-json\/wp\/v2\/types\/product"}],"replies":[{"embeddable":true,"href":"https:\/\/butterfly-editions.com\/index.php\/wp-json\/wp\/v2\/comments?post=7035"}],"wp:featuredmedia":[{"embeddable":true,"href":"https:\/\/butterfly-editions.com\/index.php\/wp-json\/wp\/v2\/media\/7036"}],"wp:attachment":[{"href":"https:\/\/butterfly-editions.com\/index.php\/wp-json\/wp\/v2\/media?parent=7035"}],"wp:term":[{"taxonomy":"product_brand","embeddable":true,"href":"https:\/\/butterfly-editions.com\/index.php\/wp-json\/wp\/v2\/product_brand?post=7035"},{"taxonomy":"product_cat","embeddable":true,"href":"https:\/\/butterfly-editions.com\/index.php\/wp-json\/wp\/v2\/product_cat?post=7035"},{"taxonomy":"product_tag","embeddable":true,"href":"https:\/\/butterfly-editions.com\/index.php\/wp-json\/wp\/v2\/product_tag?post=7035"}],"curies":[{"name":"wp","href":"https:\/\/api.w.org\/{rel}","templated":true}]}}