{"id":7033,"date":"2024-10-14T10:08:51","date_gmt":"2024-10-14T09:08:51","guid":{"rendered":"https:\/\/butterfly-editions.com\/?post_type=product&#038;p=7033"},"modified":"2024-10-14T10:08:51","modified_gmt":"2024-10-14T09:08:51","slug":"seconde-chance-amandine-halba","status":"publish","type":"product","link":"https:\/\/butterfly-editions.com\/index.php\/produit\/seconde-chance-amandine-halba\/","title":{"rendered":"Seconde chance &#8211; Amandine Halba"},"content":{"rendered":"<p><em><span class=\"a-text-italic\">Juillet 1880, Sleepy Eye (Minnesota)<\/span><\/em><\/p>\n<p>Hanna vit une adolescence \u00e9panouie. Entre Margaret, sa meilleure amie, Andy, son copain d\u2019enfance, et ses \u00e9tudes qu\u2019elle r\u00eave de continuer, sa vie est bien remplie&#8230;<\/p>\n<p><span class=\"a-text-italic\">L\u2019amour ?<\/span>\u00a0Un jour&#8230; peut-\u00eatre&#8230; m\u00eame si Andy n\u2019attend qu\u2019une chose, lui d\u00e9clarer sa flamme&#8230;<\/p>\n<p>Lorsque S\u00e9bastien, le fr\u00e8re du jeune homme, d\u00e9cide de revenir vivre \u00e0 Sleepy Eye, l\u2019\u00e9quilibre du petit groupe s\u2019effondre. S\u00e9duisant, plus \u00e2g\u00e9, Hanna tombe sous le charme&#8230; Elle ne r\u00eave que d\u2019une chose, qu\u2019il soit son premier amour&#8230;<\/p>\n<p>Et si elle ne lui \u00e9tait pas si indiff\u00e9rente que cela ?<\/p>\n<p>Attention aux jalousies, aux c\u0153urs bless\u00e9s, \u00e0 cet amour jug\u00e9 interdit&#8230;<\/p>\n","protected":false},"excerpt":{"rendered":"<p>Juillet 1880, Sleepy Eye (Minnesota) Hanna vit une adolescence \u00e9panouie. Entre Margaret, sa meilleure amie, Andy, son copain d\u2019enfance, et ses \u00e9tudes qu\u2019elle r\u00eave de continuer, sa vie est bien remplie&#8230; L\u2019amour ?\u00a0Un jour&#8230; peut-\u00eatre&#8230; m\u00eame si Andy n\u2019attend qu\u2019une chose, lui d\u00e9clarer sa flamme&#8230; Lorsque S\u00e9bastien, le fr\u00e8re du jeune homme, d\u00e9cide de revenir [&hellip;]<\/p>\n","protected":false},"featured_media":7034,"comment_status":"open","ping_status":"closed","template":"","meta":{"_acf_changed":false,"content-type":""},"product_brand":[],"product_cat":[59],"product_tag":[],"class_list":{"0":"post-7033","1":"product","2":"type-product","3":"status-publish","4":"has-post-thumbnail","6":"product_cat-non-classe","8":"first","9":"instock","10":"taxable","11":"shipping-taxable","12":"purchasable","13":"product-type-simple"},"acf":{"auteur":"","date_parution":null,"bestseller":false,"librairie":false},"aioseo_notices":[],"_links":{"self":[{"href":"https:\/\/butterfly-editions.com\/index.php\/wp-json\/wp\/v2\/product\/7033","targetHints":{"allow":["GET"]}}],"collection":[{"href":"https:\/\/butterfly-editions.com\/index.php\/wp-json\/wp\/v2\/product"}],"about":[{"href":"https:\/\/butterfly-editions.com\/index.php\/wp-json\/wp\/v2\/types\/product"}],"replies":[{"embeddable":true,"href":"https:\/\/butterfly-editions.com\/index.php\/wp-json\/wp\/v2\/comments?post=7033"}],"wp:featuredmedia":[{"embeddable":true,"href":"https:\/\/butterfly-editions.com\/index.php\/wp-json\/wp\/v2\/media\/7034"}],"wp:attachment":[{"href":"https:\/\/butterfly-editions.com\/index.php\/wp-json\/wp\/v2\/media?parent=7033"}],"wp:term":[{"taxonomy":"product_brand","embeddable":true,"href":"https:\/\/butterfly-editions.com\/index.php\/wp-json\/wp\/v2\/product_brand?post=7033"},{"taxonomy":"product_cat","embeddable":true,"href":"https:\/\/butterfly-editions.com\/index.php\/wp-json\/wp\/v2\/product_cat?post=7033"},{"taxonomy":"product_tag","embeddable":true,"href":"https:\/\/butterfly-editions.com\/index.php\/wp-json\/wp\/v2\/product_tag?post=7033"}],"curies":[{"name":"wp","href":"https:\/\/api.w.org\/{rel}","templated":true}]}}