{"id":6899,"date":"2024-09-01T13:47:00","date_gmt":"2024-09-01T12:47:00","guid":{"rendered":"https:\/\/butterfly-editions.com\/?post_type=product&#038;p=6899"},"modified":"2024-11-19T17:15:08","modified_gmt":"2024-11-19T16:15:08","slug":"bad-for-me-2-anita-rigins","status":"publish","type":"product","link":"https:\/\/butterfly-editions.com\/index.php\/produit\/bad-for-me-2-anita-rigins\/","title":{"rendered":"Bad for me #2 &#8211; Anita Rigins"},"content":{"rendered":"<p><strong>Attention : ce livre est une romance sombre qui n&rsquo;entre pas dans les codes de la romance classique : romance y rime avec violence, et certaines sc\u00e8nes peuvent surprendre les lectrices non averties. <\/strong><\/p>\n<p>Il faut accepter la fin d&rsquo;une histoire pour pouvoir en \u00e9crire une nouvelle. Celle de Julian et Amanda est-elle r\u00e9ellement termin\u00e9e ?<\/p>\n<p>Un seul homme peut changer votre existence \u00e0 tout jamais. Celui que j&rsquo;aimais a choisi de dispara\u00eetre, m&rsquo;abandonnant, me laissant refaire ma vie dans laquelle il n&rsquo;avait plus sa place. Cependant, quand je r\u00e9ussis enfin \u00e0 me reconstruire, le destin me joue un mauvais tour en le repla\u00e7ant sur mon chemin. Julian revient, plus sombre que jamais, hant\u00e9 par ses propres d\u00e9mons qui le gouvernent totalement. Face \u00e0 moi ne se trouve plus un \u00e9tudiant \u00e0 l&rsquo;avenir incertain, mais un homme dangereux, aux mains tach\u00e9es de sang. Les ann\u00e9es ont pass\u00e9, et j&rsquo;ai chang\u00e9, moi aussi.<br \/>\nLa fuite n&rsquo;est plus une option. J&rsquo;ai d\u00e9cid\u00e9 de lutter contre cet embrasement qui l\u00e8che ma peau, de l&rsquo;affronter malgr\u00e9 nos corps qui br\u00fbleront \u00e9ternellement l&rsquo;un pour l&rsquo;autre. Je veux d\u00e9couvrir tous les secrets qui l&rsquo;entourent, quitte \u00e0 m&rsquo;aventurer sur un terrain aussi dangereux que glissant. Me frayer un chemin parmi les mensonges et les trahisons des gens que j&rsquo;aime n&rsquo;est plus une option, mais une n\u00e9cessit\u00e9. Mon ancien amour me tend les bras. Cette passion malsaine m&rsquo;appelle \u00e0 nouveau.<\/p>\n<p><em>Julian va-t-il me guider jusqu&rsquo;\u00e0 ses t\u00e9n\u00e8bres ? Est-ce le prix \u00e0 payer pour le sauver ? Nous sauver ?<\/em><\/p>\n","protected":false},"excerpt":{"rendered":"<p>Attention : ce livre est une romance sombre qui n&rsquo;entre pas dans les codes de la romance classique : romance y rime avec violence, et certaines sc\u00e8nes peuvent surprendre les lectrices non averties. Il faut accepter la fin d&rsquo;une histoire pour pouvoir en \u00e9crire une nouvelle. Celle de Julian et Amanda est-elle r\u00e9ellement termin\u00e9e ? [&hellip;]<\/p>\n","protected":false},"featured_media":6918,"comment_status":"open","ping_status":"closed","template":"","meta":{"_acf_changed":false,"content-type":""},"product_brand":[],"product_cat":[59],"product_tag":[],"class_list":{"0":"post-6899","1":"product","2":"type-product","3":"status-publish","4":"has-post-thumbnail","6":"product_cat-non-classe","8":"first","9":"instock","10":"taxable","11":"shipping-taxable","12":"purchasable","13":"product-type-simple"},"acf":{"auteur":"","date_parution":null,"bestseller":false,"librairie":false},"aioseo_notices":[],"_links":{"self":[{"href":"https:\/\/butterfly-editions.com\/index.php\/wp-json\/wp\/v2\/product\/6899","targetHints":{"allow":["GET"]}}],"collection":[{"href":"https:\/\/butterfly-editions.com\/index.php\/wp-json\/wp\/v2\/product"}],"about":[{"href":"https:\/\/butterfly-editions.com\/index.php\/wp-json\/wp\/v2\/types\/product"}],"replies":[{"embeddable":true,"href":"https:\/\/butterfly-editions.com\/index.php\/wp-json\/wp\/v2\/comments?post=6899"}],"wp:featuredmedia":[{"embeddable":true,"href":"https:\/\/butterfly-editions.com\/index.php\/wp-json\/wp\/v2\/media\/6918"}],"wp:attachment":[{"href":"https:\/\/butterfly-editions.com\/index.php\/wp-json\/wp\/v2\/media?parent=6899"}],"wp:term":[{"taxonomy":"product_brand","embeddable":true,"href":"https:\/\/butterfly-editions.com\/index.php\/wp-json\/wp\/v2\/product_brand?post=6899"},{"taxonomy":"product_cat","embeddable":true,"href":"https:\/\/butterfly-editions.com\/index.php\/wp-json\/wp\/v2\/product_cat?post=6899"},{"taxonomy":"product_tag","embeddable":true,"href":"https:\/\/butterfly-editions.com\/index.php\/wp-json\/wp\/v2\/product_tag?post=6899"}],"curies":[{"name":"wp","href":"https:\/\/api.w.org\/{rel}","templated":true}]}}