{"id":6898,"date":"2024-09-01T13:47:00","date_gmt":"2024-09-01T12:47:00","guid":{"rendered":"https:\/\/butterfly-editions.com\/?post_type=product&#038;p=6898"},"modified":"2026-01-28T18:00:01","modified_gmt":"2026-01-28T17:00:01","slug":"devious-god-ellie-ach","status":"publish","type":"product","link":"https:\/\/butterfly-editions.com\/index.php\/produit\/devious-god-ellie-ach\/","title":{"rendered":"Devious Souls T4 &#8211; Devious God"},"content":{"rendered":"<p><strong>La nouvelle mission de Demarcus ? Prot\u00e9ger son jeune coll\u00e8gue biker, Green.<\/strong><\/p>\n<p>Sa seule contrainte : ne pas se laisser happer par cette attirance interdite.<\/p>\n<p>Demarcus aime les hommes, mais peu de monde le sait. \u00catre biker et homosexuel, cela n\u2019entre pas dans les codes du milieu.<\/p>\n<p>Quand il doit accompagner son ancien pr\u00e9sident et une jeune recrue en proie \u00e0 ses addictions loin du club, il n\u2019a pas d\u2019autre choix qu\u2019aider ce dernier.<\/p>\n<p>En acceptant cette mission, il avait juste omis un d\u00e9tail. Cette attirance in\u00e9dite, interdite qui, jour apr\u00e8s jour, se tisse entre eux&#8230; contre vents et mar\u00e9es.<\/p>\n<p>Sans parler de ce danger qui r\u00f4de, de cette secte r\u00e9solue \u00e0 d\u00e9truire les \u00ab\u00a0Devious Souls\u00a0\u00bb&#8230; co\u00fbte que co\u00fbte&#8230;<\/p>\n<p><em>Seront-ils pr\u00eats \u00e0 braver l\u2019interdit ? \u00c0 quel prix ?<\/em><\/p>\n","protected":false},"excerpt":{"rendered":"<p>La nouvelle mission de Demarcus ? Prot\u00e9ger son jeune coll\u00e8gue biker, Green. Sa seule contrainte : ne pas se laisser happer par cette attirance interdite. Demarcus aime les hommes, mais peu de monde le sait. \u00catre biker et homosexuel, cela n\u2019entre pas dans les codes du milieu. Quand il doit accompagner son ancien pr\u00e9sident et [&hellip;]<\/p>\n","protected":false},"featured_media":6917,"comment_status":"open","ping_status":"closed","template":"","meta":{"_acf_changed":false,"content-type":""},"product_brand":[],"product_cat":[466],"product_tag":[],"class_list":{"0":"post-6898","1":"product","2":"type-product","3":"status-publish","4":"has-post-thumbnail","6":"product_cat-romance-sombre","8":"first","9":"instock","10":"taxable","11":"shipping-taxable","12":"purchasable","13":"product-type-variable"},"acf":{"auteur":"Ellie Ach","date_parution":"20240628","bestseller":false,"librairie":false},"aioseo_notices":[],"_links":{"self":[{"href":"https:\/\/butterfly-editions.com\/index.php\/wp-json\/wp\/v2\/product\/6898","targetHints":{"allow":["GET"]}}],"collection":[{"href":"https:\/\/butterfly-editions.com\/index.php\/wp-json\/wp\/v2\/product"}],"about":[{"href":"https:\/\/butterfly-editions.com\/index.php\/wp-json\/wp\/v2\/types\/product"}],"replies":[{"embeddable":true,"href":"https:\/\/butterfly-editions.com\/index.php\/wp-json\/wp\/v2\/comments?post=6898"}],"wp:featuredmedia":[{"embeddable":true,"href":"https:\/\/butterfly-editions.com\/index.php\/wp-json\/wp\/v2\/media\/6917"}],"wp:attachment":[{"href":"https:\/\/butterfly-editions.com\/index.php\/wp-json\/wp\/v2\/media?parent=6898"}],"wp:term":[{"taxonomy":"product_brand","embeddable":true,"href":"https:\/\/butterfly-editions.com\/index.php\/wp-json\/wp\/v2\/product_brand?post=6898"},{"taxonomy":"product_cat","embeddable":true,"href":"https:\/\/butterfly-editions.com\/index.php\/wp-json\/wp\/v2\/product_cat?post=6898"},{"taxonomy":"product_tag","embeddable":true,"href":"https:\/\/butterfly-editions.com\/index.php\/wp-json\/wp\/v2\/product_tag?post=6898"}],"curies":[{"name":"wp","href":"https:\/\/api.w.org\/{rel}","templated":true}]}}