{"id":6897,"date":"2024-09-01T13:46:59","date_gmt":"2024-09-01T12:46:59","guid":{"rendered":"https:\/\/butterfly-editions.com\/?post_type=product&#038;p=6897"},"modified":"2024-09-01T13:47:28","modified_gmt":"2024-09-01T12:47:28","slug":"bestial-lil-evans-2","status":"publish","type":"product","link":"https:\/\/butterfly-editions.com\/index.php\/produit\/bestial-lil-evans-2\/","title":{"rendered":"Bestial- Lil Evans"},"content":{"rendered":"<p><strong>Un prisonnier bient\u00f4t lib\u00e9r\u00e9.<\/p>\n<p>Une gardienne sur ses gardes.<\/p>\n<p>Un jeu de s\u00e9duction aussi dangereux que sexy.<\/strong><\/p>\n<p>Raym n\u2019a qu\u2019une h\u00e2te : sortir de cet enfer qu\u2019est Rockwoods, une prison de haute s\u00e9curit\u00e9. Plus que quelques jours et son r\u00eave deviendra r\u00e9alit\u00e9. Rien ne lui manquera sauf une personne&#8230; Camila&#8230; L\u2019objet de tous ses d\u00e9sirs&#8230; La femme qu\u2019il tente de s\u00e9duire, en vain.<\/p>\n<p>Cette derni\u00e8re, gardienne, reste constamment sur ses gardes. Elle le sait, l\u2019univers carc\u00e9ral regorge de d\u00e9tenus plus dangereux les uns que les autres. La canicule n\u2019arrangeant rien au comportement des prisonniers, elle a conscience que tout peut basculer en une seconde \u00e0 peine.<\/p>\n<p>Elle doit absolument rester concentr\u00e9e sur sa t\u00e2che et ne pas \u00e9couter son palpitant qui s\u2019affole d\u00e8s qu\u2019elle croise le regard de Raym. Les hommes, elle s\u2019\u00e9tait jur\u00e9 de ne plus leur faire confiance. Un prisonnier ? Jamais !<\/p>\n<p><em>Mais ne dit-on pas que le c\u0153ur a ses raisons que la raison ignore ?<\/em><\/p>\n","protected":false},"excerpt":{"rendered":"<p>Un prisonnier bient\u00f4t lib\u00e9r\u00e9. Une gardienne sur ses gardes. Un jeu de s\u00e9duction aussi dangereux que sexy. Raym n\u2019a qu\u2019une h\u00e2te : sortir de cet enfer qu\u2019est Rockwoods, une prison de haute s\u00e9curit\u00e9. Plus que quelques jours et son r\u00eave deviendra r\u00e9alit\u00e9. Rien ne lui manquera sauf une personne&#8230; Camila&#8230; L\u2019objet de tous ses d\u00e9sirs&#8230; [&hellip;]<\/p>\n","protected":false},"featured_media":6916,"comment_status":"open","ping_status":"closed","template":"","meta":{"_acf_changed":false,"content-type":""},"product_brand":[],"product_cat":[59],"product_tag":[],"class_list":{"0":"post-6897","1":"product","2":"type-product","3":"status-publish","4":"has-post-thumbnail","6":"product_cat-non-classe","8":"first","9":"instock","10":"taxable","11":"shipping-taxable","12":"purchasable","13":"product-type-simple"},"acf":{"auteur":"","date_parution":null,"bestseller":false,"librairie":false},"aioseo_notices":[],"_links":{"self":[{"href":"https:\/\/butterfly-editions.com\/index.php\/wp-json\/wp\/v2\/product\/6897","targetHints":{"allow":["GET"]}}],"collection":[{"href":"https:\/\/butterfly-editions.com\/index.php\/wp-json\/wp\/v2\/product"}],"about":[{"href":"https:\/\/butterfly-editions.com\/index.php\/wp-json\/wp\/v2\/types\/product"}],"replies":[{"embeddable":true,"href":"https:\/\/butterfly-editions.com\/index.php\/wp-json\/wp\/v2\/comments?post=6897"}],"wp:featuredmedia":[{"embeddable":true,"href":"https:\/\/butterfly-editions.com\/index.php\/wp-json\/wp\/v2\/media\/6916"}],"wp:attachment":[{"href":"https:\/\/butterfly-editions.com\/index.php\/wp-json\/wp\/v2\/media?parent=6897"}],"wp:term":[{"taxonomy":"product_brand","embeddable":true,"href":"https:\/\/butterfly-editions.com\/index.php\/wp-json\/wp\/v2\/product_brand?post=6897"},{"taxonomy":"product_cat","embeddable":true,"href":"https:\/\/butterfly-editions.com\/index.php\/wp-json\/wp\/v2\/product_cat?post=6897"},{"taxonomy":"product_tag","embeddable":true,"href":"https:\/\/butterfly-editions.com\/index.php\/wp-json\/wp\/v2\/product_tag?post=6897"}],"curies":[{"name":"wp","href":"https:\/\/api.w.org\/{rel}","templated":true}]}}