{"id":6881,"date":"2024-09-01T13:46:37","date_gmt":"2024-09-01T12:46:37","guid":{"rendered":"https:\/\/butterfly-editions.com\/?post_type=product&#038;p=6881"},"modified":"2024-09-01T13:47:25","modified_gmt":"2024-09-01T12:47:25","slug":"write-sex-or-love-lea-collins","status":"publish","type":"product","link":"https:\/\/butterfly-editions.com\/index.php\/produit\/write-sex-or-love-lea-collins\/","title":{"rendered":"Write, SEX or love ? &#8211; L\u00e9a Collins"},"content":{"rendered":"<p>Fabien a trente-un an et des tatouages super sexy.<\/p>\n<p><em>Son charme ?<\/em> Une gueule d&rsquo;ange aur\u00e9ol\u00e9e de myst\u00e8re.<\/p>\n<p><em>Son principal talent ?<\/em> Il le tient pour secret aupr\u00e8s de ses amis.<\/p>\n<p>Trader le jour, \u00e9crivain de romances la nuit, Fabien supporte de moins en moins bien la folie conjugale qui s&rsquo;est empar\u00e9e de ses amis.<\/p>\n<p><em>Son d\u00e9sir ? <\/em>Cesser d&rsquo;\u00eatre le vilain petit canard de la bande.<\/p>\n<p><em>Son moyen d&rsquo;y arriver ? <\/em>Obliger Jasmine, la rempla\u00e7ante de son \u00e9ditrice, \u00e0 jouer les princesses charmantes le temps d&rsquo;un mariage.<\/p>\n<p>Jasmine a trente-deux ans, et une passion d\u00e9vorante pour la litt\u00e9rature.<\/p>\n<p><em>Son charme ? <\/em>Une honn\u00eatet\u00e9 et un franc-parler hors du commun.<\/p>\n<p><em>Son principal talent ?<\/em> Sublimer les \u00e9crits des autres.<\/p>\n<p>Oblig\u00e9e de bosser dans une maison d&rsquo;\u00e9dition sp\u00e9cialis\u00e9e en romance &#8211; un genre qu&rsquo;elle d\u00e9teste -elle ne devra compter que sur sa d\u00e9termination et son ambition pour r\u00e9ussir \u00e0 remplir les missions qui lui ont \u00e9t\u00e9 confi\u00e9es.<\/p>\n<p><em>Son but ? <\/em>D\u00e9crocher une lettre de recommandation pour bosser chez Gamichard.<\/p>\n<p><em>Ses moyens d&rsquo;y parvenir ? <\/em>Aider L.A Cole, auteur chouchou du moment, \u00e0 finir son dernier livre et, cerise sur le g\u00e2teau, le convaincre d&rsquo;abandonner son anonymat.<\/p>\n<p><em>Quand le yin rencontre le yang, on ne peut que parier sur les \u00e9tincelles.<\/em><\/p>\n","protected":false},"excerpt":{"rendered":"<p>Fabien a trente-un an et des tatouages super sexy. Son charme ? Une gueule d&rsquo;ange aur\u00e9ol\u00e9e de myst\u00e8re. Son principal talent ? Il le tient pour secret aupr\u00e8s de ses amis. Trader le jour, \u00e9crivain de romances la nuit, Fabien supporte de moins en moins bien la folie conjugale qui s&rsquo;est empar\u00e9e de ses amis. [&hellip;]<\/p>\n","protected":false},"featured_media":6914,"comment_status":"open","ping_status":"closed","template":"","meta":{"_acf_changed":false,"content-type":""},"product_brand":[],"product_cat":[59],"product_tag":[],"class_list":{"0":"post-6881","1":"product","2":"type-product","3":"status-publish","4":"has-post-thumbnail","6":"product_cat-non-classe","8":"first","9":"instock","10":"taxable","11":"shipping-taxable","12":"purchasable","13":"product-type-simple"},"acf":{"auteur":"","date_parution":null,"bestseller":false,"librairie":false},"aioseo_notices":[],"_links":{"self":[{"href":"https:\/\/butterfly-editions.com\/index.php\/wp-json\/wp\/v2\/product\/6881","targetHints":{"allow":["GET"]}}],"collection":[{"href":"https:\/\/butterfly-editions.com\/index.php\/wp-json\/wp\/v2\/product"}],"about":[{"href":"https:\/\/butterfly-editions.com\/index.php\/wp-json\/wp\/v2\/types\/product"}],"replies":[{"embeddable":true,"href":"https:\/\/butterfly-editions.com\/index.php\/wp-json\/wp\/v2\/comments?post=6881"}],"wp:featuredmedia":[{"embeddable":true,"href":"https:\/\/butterfly-editions.com\/index.php\/wp-json\/wp\/v2\/media\/6914"}],"wp:attachment":[{"href":"https:\/\/butterfly-editions.com\/index.php\/wp-json\/wp\/v2\/media?parent=6881"}],"wp:term":[{"taxonomy":"product_brand","embeddable":true,"href":"https:\/\/butterfly-editions.com\/index.php\/wp-json\/wp\/v2\/product_brand?post=6881"},{"taxonomy":"product_cat","embeddable":true,"href":"https:\/\/butterfly-editions.com\/index.php\/wp-json\/wp\/v2\/product_cat?post=6881"},{"taxonomy":"product_tag","embeddable":true,"href":"https:\/\/butterfly-editions.com\/index.php\/wp-json\/wp\/v2\/product_tag?post=6881"}],"curies":[{"name":"wp","href":"https:\/\/api.w.org\/{rel}","templated":true}]}}