{"id":6880,"date":"2024-09-01T13:46:37","date_gmt":"2024-09-01T12:46:37","guid":{"rendered":"https:\/\/butterfly-editions.com\/?post_type=product&#038;p=6880"},"modified":"2024-09-01T13:47:23","modified_gmt":"2024-09-01T12:47:23","slug":"a-tout-prix-emilia-robinst","status":"publish","type":"product","link":"https:\/\/butterfly-editions.com\/index.php\/produit\/a-tout-prix-emilia-robinst\/","title":{"rendered":"(\u00c0) tout prix &#8211; Emilia Robinst"},"content":{"rendered":"<p><strong>Les apparences sont souvent trompeuses&#8230; Lui aussi !<\/strong><\/p>\n<p>\u00c0 Paris, la prestigieuse agence d\u2019urbanisme et d\u2019architecture, Bhel\u2019Horizon, ne doit sa renomm\u00e9e nationale qu\u2019\u00e0 la t\u00e9nacit\u00e9 de ses directeurs, notamment de son futur PDG, Alexandre Bhel, un trentenaire c\u00e9libataire, dont le charisme n\u2019a d\u2019\u00e9gale que son arrogance.<\/p>\n<p>Lorsque le projet cens\u00e9 lui ouvrir les portes de la pr\u00e9sidence est menac\u00e9, cet homme d\u2019affaires, aussi intr\u00e9pide que charmeur, est pr\u00eat \u00e0 tout pour conclure cet accord. Vraiment \u00e0 tout&#8230; m\u00eame \u00e0 s\u2019installer sur l\u2019\u00eele de Br\u00e9hat, dans le Nord de la Bretagne, pour tenter d\u2019amadouer et de raisonner la belle et na\u00efve Erelle Lem\u00e9zec. Navigatrice de m\u00e9tier, celle-ci refuse cat\u00e9goriquement de vendre sa librairie familiale \u00e0 des Parisiens richissimes qui se moquent de l\u2019\u00e2me m\u00eame d\u2019une \u00eele aussi naturelle que la sienne.<\/p>\n<p>Face \u00e0 l\u2019ent\u00eatement de la jeune femme, Alexandre n\u2019a donc pas d\u2019autre choix que de s\u2019armer de patience et de ses meilleurs attributs masculins pour la faire changer d\u2019avis&#8230; en lui dissimulant son identit\u00e9 et la v\u00e9ritable raison de sa venue \u00e0 Br\u00e9hat. Mais loin de sa vie professionnelle, le jeune homme va comprendre qu\u2019au jeu du mensonge et de la trahison, on termine forc\u00e9ment par y laisser bien plus que sa dignit\u00e9&#8230;<\/p>\n","protected":false},"excerpt":{"rendered":"<p>Les apparences sont souvent trompeuses&#8230; Lui aussi ! \u00c0 Paris, la prestigieuse agence d\u2019urbanisme et d\u2019architecture, Bhel\u2019Horizon, ne doit sa renomm\u00e9e nationale qu\u2019\u00e0 la t\u00e9nacit\u00e9 de ses directeurs, notamment de son futur PDG, Alexandre Bhel, un trentenaire c\u00e9libataire, dont le charisme n\u2019a d\u2019\u00e9gale que son arrogance. Lorsque le projet cens\u00e9 lui ouvrir les portes de [&hellip;]<\/p>\n","protected":false},"featured_media":6913,"comment_status":"open","ping_status":"closed","template":"","meta":{"_acf_changed":false,"content-type":""},"product_brand":[],"product_cat":[59],"product_tag":[],"class_list":{"0":"post-6880","1":"product","2":"type-product","3":"status-publish","4":"has-post-thumbnail","6":"product_cat-non-classe","8":"first","9":"onbackorder","10":"taxable","11":"shipping-taxable","12":"purchasable","13":"product-type-simple"},"acf":{"auteur":"","date_parution":null,"bestseller":false,"librairie":false},"aioseo_notices":[],"_links":{"self":[{"href":"https:\/\/butterfly-editions.com\/index.php\/wp-json\/wp\/v2\/product\/6880","targetHints":{"allow":["GET"]}}],"collection":[{"href":"https:\/\/butterfly-editions.com\/index.php\/wp-json\/wp\/v2\/product"}],"about":[{"href":"https:\/\/butterfly-editions.com\/index.php\/wp-json\/wp\/v2\/types\/product"}],"replies":[{"embeddable":true,"href":"https:\/\/butterfly-editions.com\/index.php\/wp-json\/wp\/v2\/comments?post=6880"}],"wp:featuredmedia":[{"embeddable":true,"href":"https:\/\/butterfly-editions.com\/index.php\/wp-json\/wp\/v2\/media\/6913"}],"wp:attachment":[{"href":"https:\/\/butterfly-editions.com\/index.php\/wp-json\/wp\/v2\/media?parent=6880"}],"wp:term":[{"taxonomy":"product_brand","embeddable":true,"href":"https:\/\/butterfly-editions.com\/index.php\/wp-json\/wp\/v2\/product_brand?post=6880"},{"taxonomy":"product_cat","embeddable":true,"href":"https:\/\/butterfly-editions.com\/index.php\/wp-json\/wp\/v2\/product_cat?post=6880"},{"taxonomy":"product_tag","embeddable":true,"href":"https:\/\/butterfly-editions.com\/index.php\/wp-json\/wp\/v2\/product_tag?post=6880"}],"curies":[{"name":"wp","href":"https:\/\/api.w.org\/{rel}","templated":true}]}}