{"id":6879,"date":"2024-09-01T13:46:37","date_gmt":"2024-09-01T12:46:37","guid":{"rendered":"https:\/\/butterfly-editions.com\/?post_type=product&#038;p=6879"},"modified":"2024-09-01T13:47:20","modified_gmt":"2024-09-01T12:47:20","slug":"hell-in-your-eyes-nelly-m-c","status":"publish","type":"product","link":"https:\/\/butterfly-editions.com\/index.php\/produit\/hell-in-your-eyes-nelly-m-c\/","title":{"rendered":"Hell in your eyes &#8211; Nelly M.C."},"content":{"rendered":"<p><strong>Je ne vis plus, je survis&#8230;<\/strong><\/p>\n<p>S\u00e9questr\u00e9e depuis de longues ann\u00e9es, Luna perd peu \u00e0 peu espoir de s&rsquo;en sortir un jour. \u00catre coup\u00e9e du monde, ne plus pouvoir mettre les pieds \u00e0 l&rsquo;ext\u00e9rieur, ob\u00e9ir au doigt et \u00e0 l&rsquo;\u0153il \u00e0 son bourreau, sous peine de le regretter&#8230;<\/p>\n<p>Elle n&rsquo;a pas demand\u00e9 tout \u00e7a, mais elle se bat. Elle veut croire qu&rsquo;un jour, le destin lui sourira enfin. Et son v\u0153u pourrait bien se r\u00e9aliser gr\u00e2ce \u00e0 Jayden.<\/p>\n<p>Ce mec impulsif, bad boy, qui ne suit que ses propres r\u00e8gles, pourrait bien \u00eatre sa chance de voir enfin la lumi\u00e8re. Mais la libert\u00e9 a un prix&#8230;<\/p>\n<p>Entre ses peurs, son nouvel environnement et son bourreau qui veut la retrouver, Luna va devoir faire confiance \u00e0 ses sauveurs.<\/p>\n<p><em>Et \u00e0 Jayden&#8230;<\/em><\/p>\n","protected":false},"excerpt":{"rendered":"<p>Je ne vis plus, je survis&#8230; S\u00e9questr\u00e9e depuis de longues ann\u00e9es, Luna perd peu \u00e0 peu espoir de s&rsquo;en sortir un jour. \u00catre coup\u00e9e du monde, ne plus pouvoir mettre les pieds \u00e0 l&rsquo;ext\u00e9rieur, ob\u00e9ir au doigt et \u00e0 l&rsquo;\u0153il \u00e0 son bourreau, sous peine de le regretter&#8230; Elle n&rsquo;a pas demand\u00e9 tout \u00e7a, mais [&hellip;]<\/p>\n","protected":false},"featured_media":6912,"comment_status":"open","ping_status":"closed","template":"","meta":{"_acf_changed":false,"content-type":""},"product_brand":[],"product_cat":[59],"product_tag":[],"class_list":{"0":"post-6879","1":"product","2":"type-product","3":"status-publish","4":"has-post-thumbnail","6":"product_cat-non-classe","8":"first","9":"instock","10":"taxable","11":"shipping-taxable","12":"purchasable","13":"product-type-simple"},"acf":{"auteur":"","date_parution":null,"bestseller":false,"librairie":false},"aioseo_notices":[],"_links":{"self":[{"href":"https:\/\/butterfly-editions.com\/index.php\/wp-json\/wp\/v2\/product\/6879","targetHints":{"allow":["GET"]}}],"collection":[{"href":"https:\/\/butterfly-editions.com\/index.php\/wp-json\/wp\/v2\/product"}],"about":[{"href":"https:\/\/butterfly-editions.com\/index.php\/wp-json\/wp\/v2\/types\/product"}],"replies":[{"embeddable":true,"href":"https:\/\/butterfly-editions.com\/index.php\/wp-json\/wp\/v2\/comments?post=6879"}],"wp:featuredmedia":[{"embeddable":true,"href":"https:\/\/butterfly-editions.com\/index.php\/wp-json\/wp\/v2\/media\/6912"}],"wp:attachment":[{"href":"https:\/\/butterfly-editions.com\/index.php\/wp-json\/wp\/v2\/media?parent=6879"}],"wp:term":[{"taxonomy":"product_brand","embeddable":true,"href":"https:\/\/butterfly-editions.com\/index.php\/wp-json\/wp\/v2\/product_brand?post=6879"},{"taxonomy":"product_cat","embeddable":true,"href":"https:\/\/butterfly-editions.com\/index.php\/wp-json\/wp\/v2\/product_cat?post=6879"},{"taxonomy":"product_tag","embeddable":true,"href":"https:\/\/butterfly-editions.com\/index.php\/wp-json\/wp\/v2\/product_tag?post=6879"}],"curies":[{"name":"wp","href":"https:\/\/api.w.org\/{rel}","templated":true}]}}