{"id":6875,"date":"2024-09-01T13:46:36","date_gmt":"2024-09-01T12:46:36","guid":{"rendered":"https:\/\/butterfly-editions.com\/?post_type=product&#038;p=6875"},"modified":"2026-03-10T11:05:16","modified_gmt":"2026-03-10T10:05:16","slug":"scottish-outlander-eva-baldaras","status":"publish","type":"product","link":"https:\/\/butterfly-editions.com\/index.php\/produit\/scottish-outlander-eva-baldaras\/","title":{"rendered":"Scottish Outlander"},"content":{"rendered":"<p><strong>Retrouver son crush gr\u00e2ce \u00e0 l\u2019appli Monamesoeur.com ? Done.<\/strong><\/p>\n<p>Passer la nuit la plus dingue de sa vie ? Done.<\/p>\n<p>Le lendemain, s\u2019apercevoir qu\u2019il est son nouveau BOSS ? Outch.<\/p>\n<p>Alex en est certaine : l\u2019inconnu sexy qu\u2019elle a crois\u00e9 sur le parking d\u2019un supermarch\u00e9 est l\u2019homme de sa vie ! L\u2019unique ! Celui qu\u2019elle attend depuis toujours !<\/p>\n<p>Seul probl\u00e8me : il dispara\u00eet aussi vite qu\u2019il est apparu&#8230;<\/p>\n<p>James n\u2019arrive pas \u00e0 oublier cette femme aper\u00e7ue alors qu\u2019il terminait ses courses. Il y pense jour et nuit. Qu\u2019importe si son p\u00e8re lui a trouv\u00e9 une \u00e9pouse pour sauver l\u2019empire familial, il refusera toute union arrang\u00e9e.<\/p>\n<p>Il la veut, elle&#8230;<\/p>\n<p>Quel que soit le prix \u00e0 payer.<\/p>\n<p><em>Quitte \u00e0 se rendre compte, apr\u00e8s une nuit torride, qu\u2019il est son nouveau BOSS&#8230; et que son visage ang\u00e9lique cache un sacr\u00e9 secret&#8230;<\/em><\/p>\n","protected":false},"excerpt":{"rendered":"<p>Retrouver son crush gr\u00e2ce \u00e0 l\u2019appli Monamesoeur.com ? Done. Passer la nuit la plus dingue de sa vie ? Done. Le lendemain, s\u2019apercevoir qu\u2019il est son nouveau BOSS ? Outch. Alex en est certaine : l\u2019inconnu sexy qu\u2019elle a crois\u00e9 sur le parking d\u2019un supermarch\u00e9 est l\u2019homme de sa vie ! L\u2019unique ! Celui qu\u2019elle [&hellip;]<\/p>\n","protected":false},"featured_media":10698,"comment_status":"open","ping_status":"closed","template":"","meta":{"_acf_changed":false,"content-type":""},"product_brand":[],"product_cat":[460,461],"product_tag":[469,559,477],"class_list":{"0":"post-6875","1":"product","2":"type-product","3":"status-publish","4":"has-post-thumbnail","6":"product_cat-rom-com","7":"product_cat-romance-contemporaine","8":"product_tag-boss","9":"product_tag-soulmates","10":"product_tag-workplace-romance","12":"first","13":"instock","14":"taxable","15":"shipping-taxable","16":"purchasable","17":"product-type-variable"},"acf":{"auteur":"Eva Baldaras","date_parution":"20240412","bestseller":false,"librairie":true},"aioseo_notices":[],"_links":{"self":[{"href":"https:\/\/butterfly-editions.com\/index.php\/wp-json\/wp\/v2\/product\/6875","targetHints":{"allow":["GET"]}}],"collection":[{"href":"https:\/\/butterfly-editions.com\/index.php\/wp-json\/wp\/v2\/product"}],"about":[{"href":"https:\/\/butterfly-editions.com\/index.php\/wp-json\/wp\/v2\/types\/product"}],"replies":[{"embeddable":true,"href":"https:\/\/butterfly-editions.com\/index.php\/wp-json\/wp\/v2\/comments?post=6875"}],"wp:featuredmedia":[{"embeddable":true,"href":"https:\/\/butterfly-editions.com\/index.php\/wp-json\/wp\/v2\/media\/10698"}],"wp:attachment":[{"href":"https:\/\/butterfly-editions.com\/index.php\/wp-json\/wp\/v2\/media?parent=6875"}],"wp:term":[{"taxonomy":"product_brand","embeddable":true,"href":"https:\/\/butterfly-editions.com\/index.php\/wp-json\/wp\/v2\/product_brand?post=6875"},{"taxonomy":"product_cat","embeddable":true,"href":"https:\/\/butterfly-editions.com\/index.php\/wp-json\/wp\/v2\/product_cat?post=6875"},{"taxonomy":"product_tag","embeddable":true,"href":"https:\/\/butterfly-editions.com\/index.php\/wp-json\/wp\/v2\/product_tag?post=6875"}],"curies":[{"name":"wp","href":"https:\/\/api.w.org\/{rel}","templated":true}]}}