{"id":6874,"date":"2024-09-01T13:46:36","date_gmt":"2024-09-01T12:46:36","guid":{"rendered":"https:\/\/butterfly-editions.com\/?post_type=product&#038;p=6874"},"modified":"2024-11-19T17:12:01","modified_gmt":"2024-11-19T16:12:01","slug":"remember-me-aurore-nox","status":"publish","type":"product","link":"https:\/\/butterfly-editions.com\/index.php\/produit\/remember-me-aurore-nox\/","title":{"rendered":"Remember Me &#8211; Aurore Nox"},"content":{"rendered":"<p>Lorsque son p\u00e8re meurt, St\u00e9phanie h\u00e9rite, avec son fr\u00e8re Eddy, du \u00ab\u00a0Will&rsquo;s Old Mechanics \u00a0\u00bb : un garage au bord du gouffre financier. Entre son fr\u00e8re qui est tomb\u00e9 dans la drogue et la banque qui menace de saisie, Steph est d\u00e9sempar\u00e9e.<\/p>\n<p>Une seule solution s&rsquo;offre \u00e0 elle : s&rsquo;allier avec l&rsquo;\u00e9nigmatique Matias Jacobson, millionnaire, passionn\u00e9 de belles voitures, afin de lui trouver LE v\u00e9hicule de ses r\u00eaves contre une grosse somme d&rsquo;argent.<\/p>\n<p>Mais que cache cette demande qui tombe un peu trop \u00e0 point nomm\u00e9 ? St\u00e9phanie peut-elle renoncer \u00e0 la seule possibilit\u00e9 qui s&rsquo;offre \u00e0 elle ? Et son c\u0153ur en sortira-t-il indemne ?<\/p>\n","protected":false},"excerpt":{"rendered":"<p>Lorsque son p\u00e8re meurt, St\u00e9phanie h\u00e9rite, avec son fr\u00e8re Eddy, du \u00ab\u00a0Will&rsquo;s Old Mechanics \u00a0\u00bb : un garage au bord du gouffre financier. Entre son fr\u00e8re qui est tomb\u00e9 dans la drogue et la banque qui menace de saisie, Steph est d\u00e9sempar\u00e9e. Une seule solution s&rsquo;offre \u00e0 elle : s&rsquo;allier avec l&rsquo;\u00e9nigmatique Matias Jacobson, millionnaire, [&hellip;]<\/p>\n","protected":false},"featured_media":6907,"comment_status":"open","ping_status":"closed","template":"","meta":{"_acf_changed":false,"content-type":""},"product_brand":[],"product_cat":[59],"product_tag":[],"class_list":{"0":"post-6874","1":"product","2":"type-product","3":"status-publish","4":"has-post-thumbnail","6":"product_cat-non-classe","8":"first","9":"instock","10":"taxable","11":"shipping-taxable","12":"purchasable","13":"product-type-simple"},"acf":{"auteur":"","date_parution":null,"bestseller":false,"librairie":false},"aioseo_notices":[],"_links":{"self":[{"href":"https:\/\/butterfly-editions.com\/index.php\/wp-json\/wp\/v2\/product\/6874","targetHints":{"allow":["GET"]}}],"collection":[{"href":"https:\/\/butterfly-editions.com\/index.php\/wp-json\/wp\/v2\/product"}],"about":[{"href":"https:\/\/butterfly-editions.com\/index.php\/wp-json\/wp\/v2\/types\/product"}],"replies":[{"embeddable":true,"href":"https:\/\/butterfly-editions.com\/index.php\/wp-json\/wp\/v2\/comments?post=6874"}],"wp:featuredmedia":[{"embeddable":true,"href":"https:\/\/butterfly-editions.com\/index.php\/wp-json\/wp\/v2\/media\/6907"}],"wp:attachment":[{"href":"https:\/\/butterfly-editions.com\/index.php\/wp-json\/wp\/v2\/media?parent=6874"}],"wp:term":[{"taxonomy":"product_brand","embeddable":true,"href":"https:\/\/butterfly-editions.com\/index.php\/wp-json\/wp\/v2\/product_brand?post=6874"},{"taxonomy":"product_cat","embeddable":true,"href":"https:\/\/butterfly-editions.com\/index.php\/wp-json\/wp\/v2\/product_cat?post=6874"},{"taxonomy":"product_tag","embeddable":true,"href":"https:\/\/butterfly-editions.com\/index.php\/wp-json\/wp\/v2\/product_tag?post=6874"}],"curies":[{"name":"wp","href":"https:\/\/api.w.org\/{rel}","templated":true}]}}