{"id":6873,"date":"2024-09-01T13:46:36","date_gmt":"2024-09-01T12:46:36","guid":{"rendered":"https:\/\/butterfly-editions.com\/?post_type=product&#038;p=6873"},"modified":"2024-09-01T13:47:11","modified_gmt":"2024-09-01T12:47:11","slug":"so-young-for-her-audrey-carliz","status":"publish","type":"product","link":"https:\/\/butterfly-editions.com\/index.php\/produit\/so-young-for-her-audrey-carliz\/","title":{"rendered":"So young for her &#8211; Audrey Carliz"},"content":{"rendered":"<p><strong>Craquer pour le petit fr\u00e8re de sa meilleure amie, celui qu\u2019elle a connu enfant, puis jeune adolescent, jamais !<\/p>\n<p>9 ans d\u2019\u00e9cart, sa ligne rouge. Celle qu\u2019elle se jure de ne jamais franchir.<\/strong><\/p>\n<p>Sienna a rencontr\u00e9 Jarod alors qu\u2019il \u00e9tait enfant. Elle s\u2019est occup\u00e9e de lui comme d\u2019un petit fr\u00e8re de c\u0153ur avant de partir faire sa vie aux \u00c9tats-Unis.<\/p>\n<p>\u00c0 la suite d\u2019un divorce douloureux, elle revient en France, son fils de six ans sous le bras.<\/p>\n<p>Quelle n\u2019est pas sa surprise de se retrouver face \u00e0 Jarod, jeune adulte, viril, s\u00e9duisant et hautement sexy&#8230;<\/p>\n<p>Ce dernier a toujours craqu\u00e9 pour Sienna. Adolescent, il r\u00eavait de la s\u00e9duire. Quand il la revoit, des ann\u00e9es plus tard, il retombe litt\u00e9ralement sous son charme. Il n\u2019a qu\u2019un but : la conqu\u00e9rir enfin.<\/p>\n<p>Leurs neuf ans d\u2019\u00e9cart ? \u00c0 ses yeux, une poussi\u00e8re !<\/p>\n<p>Le regard des autres ? Ce n\u2019est pas son probl\u00e8me !<\/p>\n<p><em>Il la veut, il l\u2019aura. Il s\u2019en fait la promesse.<\/em><\/p>\n","protected":false},"excerpt":{"rendered":"<p>Craquer pour le petit fr\u00e8re de sa meilleure amie, celui qu\u2019elle a connu enfant, puis jeune adolescent, jamais ! 9 ans d\u2019\u00e9cart, sa ligne rouge. Celle qu\u2019elle se jure de ne jamais franchir. Sienna a rencontr\u00e9 Jarod alors qu\u2019il \u00e9tait enfant. Elle s\u2019est occup\u00e9e de lui comme d\u2019un petit fr\u00e8re de c\u0153ur avant de partir [&hellip;]<\/p>\n","protected":false},"featured_media":6906,"comment_status":"open","ping_status":"closed","template":"","meta":{"_acf_changed":false,"content-type":""},"product_brand":[],"product_cat":[59],"product_tag":[],"class_list":{"0":"post-6873","1":"product","2":"type-product","3":"status-publish","4":"has-post-thumbnail","6":"product_cat-non-classe","8":"first","9":"instock","10":"taxable","11":"shipping-taxable","12":"purchasable","13":"product-type-simple"},"acf":{"auteur":"","date_parution":null,"bestseller":false,"librairie":false},"aioseo_notices":[],"_links":{"self":[{"href":"https:\/\/butterfly-editions.com\/index.php\/wp-json\/wp\/v2\/product\/6873","targetHints":{"allow":["GET"]}}],"collection":[{"href":"https:\/\/butterfly-editions.com\/index.php\/wp-json\/wp\/v2\/product"}],"about":[{"href":"https:\/\/butterfly-editions.com\/index.php\/wp-json\/wp\/v2\/types\/product"}],"replies":[{"embeddable":true,"href":"https:\/\/butterfly-editions.com\/index.php\/wp-json\/wp\/v2\/comments?post=6873"}],"wp:featuredmedia":[{"embeddable":true,"href":"https:\/\/butterfly-editions.com\/index.php\/wp-json\/wp\/v2\/media\/6906"}],"wp:attachment":[{"href":"https:\/\/butterfly-editions.com\/index.php\/wp-json\/wp\/v2\/media?parent=6873"}],"wp:term":[{"taxonomy":"product_brand","embeddable":true,"href":"https:\/\/butterfly-editions.com\/index.php\/wp-json\/wp\/v2\/product_brand?post=6873"},{"taxonomy":"product_cat","embeddable":true,"href":"https:\/\/butterfly-editions.com\/index.php\/wp-json\/wp\/v2\/product_cat?post=6873"},{"taxonomy":"product_tag","embeddable":true,"href":"https:\/\/butterfly-editions.com\/index.php\/wp-json\/wp\/v2\/product_tag?post=6873"}],"curies":[{"name":"wp","href":"https:\/\/api.w.org\/{rel}","templated":true}]}}