{"id":6872,"date":"2024-09-01T13:46:36","date_gmt":"2024-09-01T12:46:36","guid":{"rendered":"https:\/\/butterfly-editions.com\/?post_type=product&#038;p=6872"},"modified":"2024-09-01T13:47:09","modified_gmt":"2024-09-01T12:47:09","slug":"the-coach-sonia-gimor","status":"publish","type":"product","link":"https:\/\/butterfly-editions.com\/index.php\/produit\/the-coach-sonia-gimor\/","title":{"rendered":"The coach &#8211; Sonia Gimor"},"content":{"rendered":"<p><strong>\u00ab Un baiser. Juste une fois. \u00bb<\/p>\n<p>\u00ab Et \u00e0 partir de demain, nous oublierons tout. \u00bb<\/strong><\/p>\n<p>Adam Davis \u00e9tait le champion incontest\u00e9 du tennis professionnel. Il avait le monde \u00e0 ses pieds et le mannequin le plus en vue \u00e0 ses c\u00f4t\u00e9s. Avant qu\u2019un accident emporte tout sur son passage et le conduise directement en Enfer.<\/p>\n<p>Jusqu\u2019\u00e0 elle.<\/p>\n<p>Evelyn. Destin\u00e9e \u00e0 devenir une grande championne, il va devoir la prendre sous son aile. Elle devient son obsession, mais a surtout la moiti\u00e9 de son \u00e2ge&#8230;<\/p>\n<p><em>Si Adam croyait avoir tout perdu, le jeu qui s\u2019installe entre eux risque d\u2019\u00eatre plus dangereux&#8230;<\/em><\/p>\n","protected":false},"excerpt":{"rendered":"<p>\u00ab Un baiser. Juste une fois. \u00bb \u00ab Et \u00e0 partir de demain, nous oublierons tout. \u00bb Adam Davis \u00e9tait le champion incontest\u00e9 du tennis professionnel. Il avait le monde \u00e0 ses pieds et le mannequin le plus en vue \u00e0 ses c\u00f4t\u00e9s. Avant qu\u2019un accident emporte tout sur son passage et le conduise directement [&hellip;]<\/p>\n","protected":false},"featured_media":6905,"comment_status":"open","ping_status":"closed","template":"","meta":{"_acf_changed":false,"content-type":""},"product_brand":[],"product_cat":[59],"product_tag":[],"class_list":{"0":"post-6872","1":"product","2":"type-product","3":"status-publish","4":"has-post-thumbnail","6":"product_cat-non-classe","8":"first","9":"instock","10":"taxable","11":"shipping-taxable","12":"purchasable","13":"product-type-simple"},"acf":{"auteur":"","date_parution":null,"bestseller":false,"librairie":false},"aioseo_notices":[],"_links":{"self":[{"href":"https:\/\/butterfly-editions.com\/index.php\/wp-json\/wp\/v2\/product\/6872","targetHints":{"allow":["GET"]}}],"collection":[{"href":"https:\/\/butterfly-editions.com\/index.php\/wp-json\/wp\/v2\/product"}],"about":[{"href":"https:\/\/butterfly-editions.com\/index.php\/wp-json\/wp\/v2\/types\/product"}],"replies":[{"embeddable":true,"href":"https:\/\/butterfly-editions.com\/index.php\/wp-json\/wp\/v2\/comments?post=6872"}],"wp:featuredmedia":[{"embeddable":true,"href":"https:\/\/butterfly-editions.com\/index.php\/wp-json\/wp\/v2\/media\/6905"}],"wp:attachment":[{"href":"https:\/\/butterfly-editions.com\/index.php\/wp-json\/wp\/v2\/media?parent=6872"}],"wp:term":[{"taxonomy":"product_brand","embeddable":true,"href":"https:\/\/butterfly-editions.com\/index.php\/wp-json\/wp\/v2\/product_brand?post=6872"},{"taxonomy":"product_cat","embeddable":true,"href":"https:\/\/butterfly-editions.com\/index.php\/wp-json\/wp\/v2\/product_cat?post=6872"},{"taxonomy":"product_tag","embeddable":true,"href":"https:\/\/butterfly-editions.com\/index.php\/wp-json\/wp\/v2\/product_tag?post=6872"}],"curies":[{"name":"wp","href":"https:\/\/api.w.org\/{rel}","templated":true}]}}