{"id":6871,"date":"2024-09-01T13:46:36","date_gmt":"2024-09-01T12:46:36","guid":{"rendered":"https:\/\/butterfly-editions.com\/?post_type=product&#038;p=6871"},"modified":"2024-09-01T13:47:08","modified_gmt":"2024-09-01T12:47:08","slug":"toxic-bikers-caroline-sauvage","status":"publish","type":"product","link":"https:\/\/butterfly-editions.com\/index.php\/produit\/toxic-bikers-caroline-sauvage\/","title":{"rendered":"Toxic Bikers &#8211; Caroline Sauvage"},"content":{"rendered":"<p><strong>Elle est perdue et drogu\u00e9e. Il est solitaire et tortur\u00e9.<\/strong><\/p>\n<p>Toni assiste malgr\u00e9 elle au meurtre d\u2019un inconnu dans l\u2019appartement de son petit ami, et dealer. D\u00e9sempar\u00e9e, \u00e0 la rue du jour au lendemain, elle trouve refuge chez sa s\u0153ur, Tanya. Afin de la mettre en s\u00e9curit\u00e9, elle l\u2019emm\u00e8ne chez les Savage Tigers.<\/p>\n<p>Gros b\u00e9mol : Toni d\u00e9teste au plus haut point les bikers et leur fa\u00e7on de vivre.<\/p>\n<p>\u00c9nigmatique, froid, abrupt, avec des tendances violentes, Damon ne voit pas d\u2019un bon \u0153il l\u2019arriv\u00e9e de Toni qu\u2019il conna\u00eet bien, puisqu\u2019il la surveille et la prot\u00e8ge \u00e0 distance depuis&#8230; quatorze ans !<\/p>\n<p>Seulement, \u00e7a, elle l\u2019ignore.<\/p>\n<p>Pour couronner le tout, Blake, le Pr\u00e8s\u2019 le d\u00e9signe comme le garde du corps de Toni.<\/p>\n<p><em>Entre promesse, secrets, menaces et les seize ans d\u2019\u00e9cart qui les s\u00e9parent, comment vont-ils s\u2019adapter l\u2019un \u00e0 l\u2019autre sans s\u2019entre-tuer ?<\/em><\/p>\n","protected":false},"excerpt":{"rendered":"<p>Elle est perdue et drogu\u00e9e. Il est solitaire et tortur\u00e9. Toni assiste malgr\u00e9 elle au meurtre d\u2019un inconnu dans l\u2019appartement de son petit ami, et dealer. D\u00e9sempar\u00e9e, \u00e0 la rue du jour au lendemain, elle trouve refuge chez sa s\u0153ur, Tanya. Afin de la mettre en s\u00e9curit\u00e9, elle l\u2019emm\u00e8ne chez les Savage Tigers. Gros b\u00e9mol [&hellip;]<\/p>\n","protected":false},"featured_media":6904,"comment_status":"open","ping_status":"closed","template":"","meta":{"_acf_changed":false,"content-type":""},"product_brand":[],"product_cat":[59],"product_tag":[],"class_list":{"0":"post-6871","1":"product","2":"type-product","3":"status-publish","4":"has-post-thumbnail","6":"product_cat-non-classe","8":"first","9":"instock","10":"taxable","11":"shipping-taxable","12":"purchasable","13":"product-type-simple"},"acf":{"auteur":"","date_parution":null,"bestseller":false,"librairie":false},"aioseo_notices":[],"_links":{"self":[{"href":"https:\/\/butterfly-editions.com\/index.php\/wp-json\/wp\/v2\/product\/6871","targetHints":{"allow":["GET"]}}],"collection":[{"href":"https:\/\/butterfly-editions.com\/index.php\/wp-json\/wp\/v2\/product"}],"about":[{"href":"https:\/\/butterfly-editions.com\/index.php\/wp-json\/wp\/v2\/types\/product"}],"replies":[{"embeddable":true,"href":"https:\/\/butterfly-editions.com\/index.php\/wp-json\/wp\/v2\/comments?post=6871"}],"wp:featuredmedia":[{"embeddable":true,"href":"https:\/\/butterfly-editions.com\/index.php\/wp-json\/wp\/v2\/media\/6904"}],"wp:attachment":[{"href":"https:\/\/butterfly-editions.com\/index.php\/wp-json\/wp\/v2\/media?parent=6871"}],"wp:term":[{"taxonomy":"product_brand","embeddable":true,"href":"https:\/\/butterfly-editions.com\/index.php\/wp-json\/wp\/v2\/product_brand?post=6871"},{"taxonomy":"product_cat","embeddable":true,"href":"https:\/\/butterfly-editions.com\/index.php\/wp-json\/wp\/v2\/product_cat?post=6871"},{"taxonomy":"product_tag","embeddable":true,"href":"https:\/\/butterfly-editions.com\/index.php\/wp-json\/wp\/v2\/product_tag?post=6871"}],"curies":[{"name":"wp","href":"https:\/\/api.w.org\/{rel}","templated":true}]}}