{"id":6870,"date":"2024-09-01T13:46:35","date_gmt":"2024-09-01T12:46:35","guid":{"rendered":"https:\/\/butterfly-editions.com\/?post_type=product&#038;p=6870"},"modified":"2024-09-01T13:47:06","modified_gmt":"2024-09-01T12:47:06","slug":"mariage-story-mathilde-herve","status":"publish","type":"product","link":"https:\/\/butterfly-editions.com\/index.php\/produit\/mariage-story-mathilde-herve\/","title":{"rendered":"Mariage Story &#8211; Mathilde Herv\u00e9"},"content":{"rendered":"<p><strong>Le d\u00e9sir est plus fort que la haine.<\/strong><\/p>\n<p>Apr\u00e8s avoir pris la fuite pour refaire sa vie \u00e0 la Nouvelle-Orl\u00e9ans, Merlya Lawrence, une jeune femme fran\u00e7aise, a retrouv\u00e9 go\u00fbt \u00e0 la vie et s\u2019\u00e9panouit aupr\u00e8s de ses amis et dans son travail.<\/p>\n<p>\u00c0 la t\u00eate d\u2019une des plus grandes distilleries de la Nouvelle-Orl\u00e9ans, Spencer Lockwood, aussi beau que riche, est un jeune homme \u00e0 qui tout r\u00e9ussit.<\/p>\n<p>Merlya et Spencer partagent le m\u00eame cercle d\u2019amis et une passion commune : se d\u00e9tester. Chaque minute pass\u00e9e ensemble leur donne des envies de meurtre.<\/p>\n<p>Ils n\u2019imaginaient pas pire affront que de devoir se voir r\u00e9guli\u00e8rement. Quelle n\u2019est pas leur (mauvaise) surprise quand ils apprennent que tous leurs couples de copains ont d\u00e9cid\u00e9 de se marier la m\u00eame ann\u00e9e.<\/p>\n<p><em>Les hostilit\u00e9s commencent, la guerre est d\u00e9clar\u00e9e et tous les coups sont permis.<\/em><\/p>\n","protected":false},"excerpt":{"rendered":"<p>Le d\u00e9sir est plus fort que la haine. Apr\u00e8s avoir pris la fuite pour refaire sa vie \u00e0 la Nouvelle-Orl\u00e9ans, Merlya Lawrence, une jeune femme fran\u00e7aise, a retrouv\u00e9 go\u00fbt \u00e0 la vie et s\u2019\u00e9panouit aupr\u00e8s de ses amis et dans son travail. \u00c0 la t\u00eate d\u2019une des plus grandes distilleries de la Nouvelle-Orl\u00e9ans, Spencer Lockwood, [&hellip;]<\/p>\n","protected":false},"featured_media":6903,"comment_status":"open","ping_status":"closed","template":"","meta":{"_acf_changed":false,"content-type":""},"product_brand":[],"product_cat":[59],"product_tag":[],"class_list":{"0":"post-6870","1":"product","2":"type-product","3":"status-publish","4":"has-post-thumbnail","6":"product_cat-non-classe","8":"first","9":"instock","10":"taxable","11":"shipping-taxable","12":"purchasable","13":"product-type-simple"},"acf":{"auteur":"","date_parution":null,"bestseller":false,"librairie":false},"aioseo_notices":[],"_links":{"self":[{"href":"https:\/\/butterfly-editions.com\/index.php\/wp-json\/wp\/v2\/product\/6870","targetHints":{"allow":["GET"]}}],"collection":[{"href":"https:\/\/butterfly-editions.com\/index.php\/wp-json\/wp\/v2\/product"}],"about":[{"href":"https:\/\/butterfly-editions.com\/index.php\/wp-json\/wp\/v2\/types\/product"}],"replies":[{"embeddable":true,"href":"https:\/\/butterfly-editions.com\/index.php\/wp-json\/wp\/v2\/comments?post=6870"}],"wp:featuredmedia":[{"embeddable":true,"href":"https:\/\/butterfly-editions.com\/index.php\/wp-json\/wp\/v2\/media\/6903"}],"wp:attachment":[{"href":"https:\/\/butterfly-editions.com\/index.php\/wp-json\/wp\/v2\/media?parent=6870"}],"wp:term":[{"taxonomy":"product_brand","embeddable":true,"href":"https:\/\/butterfly-editions.com\/index.php\/wp-json\/wp\/v2\/product_brand?post=6870"},{"taxonomy":"product_cat","embeddable":true,"href":"https:\/\/butterfly-editions.com\/index.php\/wp-json\/wp\/v2\/product_cat?post=6870"},{"taxonomy":"product_tag","embeddable":true,"href":"https:\/\/butterfly-editions.com\/index.php\/wp-json\/wp\/v2\/product_tag?post=6870"}],"curies":[{"name":"wp","href":"https:\/\/api.w.org\/{rel}","templated":true}]}}